{"id":914,"date":"2021-04-26T17:24:43","date_gmt":"2021-04-26T17:24:43","guid":{"rendered":"http:\/\/chuladafilms.com\/?page_id=914"},"modified":"2025-09-30T23:01:15","modified_gmt":"2025-09-30T23:01:15","slug":"rio-de-sapos","status":"publish","type":"page","link":"https:\/\/chuladafilms.com\/?page_id=914","title":{"rendered":"R\u00edo de Sapos"},"content":{"rendered":"<p>https:\/\/vimeo.com\/929733137\/dc9efcc4f3<\/p>\n<p>Ensayo documental que sigue a la curandera <strong>Francisca Hern\u00e1ndez<\/strong>, quien pertenece a una larga familia de parteras, hueseras y exorcistas, que dedican su vida a la sanaci\u00f3n de extensas comunidades en Veracruz, particularmente, en una celebraci\u00f3n ritual dedicada a la <strong>Muerte<\/strong> que ocurre cada a\u00f1o. La pel\u00edcula explora el sincretismo m\u00e1gico-religioso y la transculturaci\u00f3n en las pr\u00e1cticas de fe ocultas, mediante una aproximaci\u00f3n sensorial a la naturaleza y los ecos del misticismo que en ella residen.<\/p>\n<p><b>Direcci\u00f3n:\u00a0<\/b>Juan Carlos N\u00fa\u00f1ez Chavarr\u00eda.<br \/><b>Productora:<\/b>\u00a0Dalia Reyes Campos.<br \/><b>Compa\u00f1\u00eda Productora: <\/b>Chulada Films.<br \/><b>Coordinadora de Producci\u00f3n: <\/b>Adriana V\u00e1zquez Vel\u00e1zquez.<br \/><b>Gui\u00f3n:<\/b>\u00a0Juan Carlos N\u00fa\u00f1ez Chavarr\u00eda.<br \/><b>Cinefotograf\u00eda:<\/b>\u00a0Ignacio Ch\u00e1vez Camacho.<br \/><strong>Sonido<\/strong>:\u00a0Pedro Pe\u00f1a Flores.<br \/><b>Edici\u00f3n:<\/b>\u00a0Arturo Silva, Adolfo Gurrola.<\/p>\n<p><b>Casas postproductoras:&nbsp;<\/b>Filmo Estudios, Splendor Omnia, Chemistry Post, Nectar Sound Drops.<b><br \/><\/b><strong>Dise\u00f1o de Sonido:<\/strong>&nbsp;Gerardo Villareal Guerra.<br \/><strong>Mezcla THX:<\/strong> Ricardo Lavalle.<br \/><b>M\u00fasica: <\/b>Concepci\u00f3n Huerta Flores.<br \/><b>Lugar de Filmaci\u00f3n:<\/b> Catemaco, Zapoapan de Caba\u00f1as, Cuatotolapan, Sochiapan, Veracruz, M\u00e9xico.<br \/><b>Ventana de <\/b><b>proyecci\u00f3n:&nbsp;<\/b>16:9<br \/><b>Sonido:&nbsp;<\/b>Dolby Digital 5.1<\/p>\n<p>\t\t\t\t\t\t\t\t\t\t\t\t\t\t\t<img loading=\"lazy\" decoding=\"async\" width=\"675\" height=\"1024\" src=\"https:\/\/chuladafilms.com\/wp-content\/uploads\/2024\/03\/cartel-rds-675x1024.png\" alt=\"\" srcset=\"https:\/\/chuladafilms.com\/wp-content\/uploads\/2024\/03\/cartel-rds-675x1024.png 675w, https:\/\/chuladafilms.com\/wp-content\/uploads\/2024\/03\/cartel-rds-198x300.png 198w, https:\/\/chuladafilms.com\/wp-content\/uploads\/2024\/03\/cartel-rds-768x1164.png 768w, https:\/\/chuladafilms.com\/wp-content\/uploads\/2024\/03\/cartel-rds-1013x1536.png 1013w, https:\/\/chuladafilms.com\/wp-content\/uploads\/2024\/03\/cartel-rds-1000x1516.png 1000w, https:\/\/chuladafilms.com\/wp-content\/uploads\/2024\/03\/cartel-rds-230x349.png 230w, https:\/\/chuladafilms.com\/wp-content\/uploads\/2024\/03\/cartel-rds-350x531.png 350w, https:\/\/chuladafilms.com\/wp-content\/uploads\/2024\/03\/cartel-rds-480x728.png 480w, https:\/\/chuladafilms.com\/wp-content\/uploads\/2024\/03\/cartel-rds.png 1023w\" sizes=\"auto, 100vw\" \/>\t\t\t\t\t\t\t\t\t\t\t\t\t\t\t<\/p>\n<p><strong>FESTIVALES Y PREMIOS<\/strong><\/p>\n<ul>\n<li><strong>FICUNAM<\/strong>, 2024.<\/li>\n<li><strong>F<\/strong><strong>OCINE. Apoyo a la Postproducci\u00f3n de largometrajes y cortometrajes\u00a0del Programa de Fomento al Cine Mexicano.<\/strong>\u00a02023.<\/li>\n<li>DOCULAB 13. Laboratorio de documentales en etapa de edici\u00f3n.\u00a0<strong>Festival Internacional de Cine en Guadalajara (FICG)<\/strong>, edici\u00f3n 36. Octubre 2021.<\/li>\n<li><strong>Premio Splendor Omnia Audio para mezcla de sonido,\u00a0<\/strong>dentro del DOCULAB 13 del FICG. Octubre 2021.<\/li>\n<li><strong>14\u00baDOCS LAB. Foro de formaci\u00f3n y desarrollo de proyectos documentales. Docs in Progress. 16\u00ba Docs Mx.\u00a0<\/strong>Octubre 2021.<\/li>\n<li><strong>Premio Bolivia Lab. Laboratorio de An\u00e1lisis y cl\u00ednica de proyectos<\/strong>, dentro del 16\u00ba Docs Mx. 2021.<\/li>\n<li>MAPULAB. Taller de desarrollo de proyectos que contribuyan a visibilizar la tem\u00e1tica de los pueblos ancestrales.\u00a0<strong>5to Festival Internacional de Cine y Artes Ind\u00edgenas en Wallmapu.<\/strong>\u00a0Temuco, Chile. 2020.<\/li>\n<li><strong>Programa de Fomento a Proyectos y Coinversiones Culturales.\u00a0<\/strong><strong>FONCA y Secretar\u00eda de Cultura.<\/strong>\u00a02019.<\/li>\n<li>12\u00ba DOCS LAB. Foro de formaci\u00f3n y desarrollo de proyectos documentales. Plataforma MX.\u00a0<strong>14\u00ba Docs Mx.<\/strong>\u00a02019.<\/li>\n<li><strong>Premio Chemistry para correcci\u00f3n de color en la etapa de postproducci\u00f3n<\/strong>, dentro del\u00a012\u00ba DOCS LAB de Docs Mx. 2019.<\/li>\n<li>Plataforma Mx, para proyectos en desarrollo en la regi\u00f3n sureste.\u00a0<strong>1er DocsXalapa.<\/strong>\u00a02019.<\/li>\n<li>Conecta Chile. Encuentro Internacional de Industria Documental, organizado por la\u00a0<strong>Corporaci\u00f3n Chilena del Documental (CCDoc)<\/strong>. 2019.<\/li>\n<li><strong>Programa de Est\u00edmulo a la Creaci\u00f3n y Desarrollo Art\u00edstico (PECDA)<\/strong>\u00a0David Alfaro Siqueiros. Chihuahua, M\u00e9xico. 2018.<\/li>\n<\/ul>\n<figure class='gallery-item'>\n\t\t\t\t<a data-elementor-open-lightbox=\"yes\" data-elementor-lightbox-slideshow=\"2ad77f9b\" data-elementor-lightbox-title=\"Catemaco\" data-e-action-hash=\"#elementor-action%3Aaction%3Dlightbox%26settings%3DeyJpZCI6MTMyNywidXJsIjoiaHR0cHM6XC9cL2NodWxhZGFmaWxtcy5jb21cL3dwLWNvbnRlbnRcL3VwbG9hZHNcLzIwMjJcLzA1XC9EU0NfMDAwMi1zY2FsZWQtMy5qcGVnIiwic2xpZGVzaG93IjoiMmFkNzdmOWIifQ%3D%3D\" href='https:\/\/chuladafilms.com\/wp-content\/uploads\/2022\/05\/DSC_0002-scaled-3.jpeg'><img loading=\"lazy\" width=\"950\" height=\"534\" src=\"https:\/\/chuladafilms.com\/wp-content\/uploads\/2022\/05\/DSC_0002-scaled-3-1024x576.jpeg\" alt=\"\" decoding=\"async\" srcset=\"https:\/\/chuladafilms.com\/wp-content\/uploads\/2022\/05\/DSC_0002-scaled-3-1024x576.jpeg 1024w, https:\/\/chuladafilms.com\/wp-content\/uploads\/2022\/05\/DSC_0002-scaled-3-300x169.jpeg 300w, https:\/\/chuladafilms.com\/wp-content\/uploads\/2022\/05\/DSC_0002-scaled-3-768x432.jpeg 768w, https:\/\/chuladafilms.com\/wp-content\/uploads\/2022\/05\/DSC_0002-scaled-3-830x467.jpeg 830w, https:\/\/chuladafilms.com\/wp-content\/uploads\/2022\/05\/DSC_0002-scaled-3-230x129.jpeg 230w, https:\/\/chuladafilms.com\/wp-content\/uploads\/2022\/05\/DSC_0002-scaled-3-350x197.jpeg 350w, https:\/\/chuladafilms.com\/wp-content\/uploads\/2022\/05\/DSC_0002-scaled-3-480x270.jpeg 480w, https:\/\/chuladafilms.com\/wp-content\/uploads\/2022\/05\/DSC_0002-scaled-3.jpeg 1280w\" sizes=\"auto, 100vw\" \/><\/a><br \/>\n\t\t\t<\/figure>\n<figure class='gallery-item'>\n\t\t\t\t<a data-elementor-open-lightbox=\"yes\" data-elementor-lightbox-slideshow=\"2ad77f9b\" data-elementor-lightbox-title=\"La Ni\u00f1a\" data-e-action-hash=\"#elementor-action%3Aaction%3Dlightbox%26settings%3DeyJpZCI6OTQ3LCJ1cmwiOiJodHRwczpcL1wvY2h1bGFkYWZpbG1zLmNvbVwvd3AtY29udGVudFwvdXBsb2Fkc1wvMjAyMVwvMDRcL3N0aWxsLmpwZyIsInNsaWRlc2hvdyI6IjJhZDc3ZjliIn0%3D\" href='https:\/\/chuladafilms.com\/wp-content\/uploads\/2021\/04\/still.jpg'><img loading=\"lazy\" width=\"950\" height=\"534\" src=\"https:\/\/chuladafilms.com\/wp-content\/uploads\/2021\/04\/still-1024x576.jpg\" alt=\"\" decoding=\"async\" srcset=\"https:\/\/chuladafilms.com\/wp-content\/uploads\/2021\/04\/still-1024x576.jpg 1024w, https:\/\/chuladafilms.com\/wp-content\/uploads\/2021\/04\/still-300x169.jpg 300w, https:\/\/chuladafilms.com\/wp-content\/uploads\/2021\/04\/still-768x432.jpg 768w, https:\/\/chuladafilms.com\/wp-content\/uploads\/2021\/04\/still-830x467.jpg 830w, https:\/\/chuladafilms.com\/wp-content\/uploads\/2021\/04\/still-230x129.jpg 230w, https:\/\/chuladafilms.com\/wp-content\/uploads\/2021\/04\/still-350x197.jpg 350w, https:\/\/chuladafilms.com\/wp-content\/uploads\/2021\/04\/still-480x270.jpg 480w, https:\/\/chuladafilms.com\/wp-content\/uploads\/2021\/04\/still.jpg 1280w\" sizes=\"auto, 100vw\" \/><\/a><br \/>\n\t\t\t<\/figure>\n<figure class='gallery-item'>\n\t\t\t\t<a data-elementor-open-lightbox=\"yes\" data-elementor-lightbox-slideshow=\"2ad77f9b\" data-elementor-lightbox-title=\"Quema de Ca\u00f1a\" data-e-action-hash=\"#elementor-action%3Aaction%3Dlightbox%26settings%3DeyJpZCI6OTQ4LCJ1cmwiOiJodHRwczpcL1wvY2h1bGFkYWZpbG1zLmNvbVwvd3AtY29udGVudFwvdXBsb2Fkc1wvMjAyMVwvMDRcL3N0aWxsLWNhblx1MDMwM2EuanBnIiwic2xpZGVzaG93IjoiMmFkNzdmOWIifQ%3D%3D\" href='https:\/\/chuladafilms.com\/wp-content\/uploads\/2021\/04\/still-can\u0303a.jpg'><img loading=\"lazy\" width=\"950\" height=\"534\" src=\"https:\/\/chuladafilms.com\/wp-content\/uploads\/2021\/04\/still-can\u0303a-1024x576.jpg\" alt=\"\" decoding=\"async\" srcset=\"https:\/\/chuladafilms.com\/wp-content\/uploads\/2021\/04\/still-can\u0303a-1024x576.jpg 1024w, https:\/\/chuladafilms.com\/wp-content\/uploads\/2021\/04\/still-can\u0303a-300x169.jpg 300w, https:\/\/chuladafilms.com\/wp-content\/uploads\/2021\/04\/still-can\u0303a-768x432.jpg 768w, https:\/\/chuladafilms.com\/wp-content\/uploads\/2021\/04\/still-can\u0303a-830x467.jpg 830w, https:\/\/chuladafilms.com\/wp-content\/uploads\/2021\/04\/still-can\u0303a-230x129.jpg 230w, https:\/\/chuladafilms.com\/wp-content\/uploads\/2021\/04\/still-can\u0303a-350x197.jpg 350w, https:\/\/chuladafilms.com\/wp-content\/uploads\/2021\/04\/still-can\u0303a-480x270.jpg 480w, https:\/\/chuladafilms.com\/wp-content\/uploads\/2021\/04\/still-can\u0303a.jpg 1280w\" sizes=\"auto, 100vw\" \/><\/a><br \/>\n\t\t\t<\/figure>\n<figure class='gallery-item'>\n\t\t\t\t<a data-elementor-open-lightbox=\"yes\" data-elementor-lightbox-slideshow=\"2ad77f9b\" data-elementor-lightbox-title=\"Limpia\" data-e-action-hash=\"#elementor-action%3Aaction%3Dlightbox%26settings%3DeyJpZCI6OTQ5LCJ1cmwiOiJodHRwczpcL1wvY2h1bGFkYWZpbG1zLmNvbVwvd3AtY29udGVudFwvdXBsb2Fkc1wvMjAyMVwvMDRcL3N0aWxsLWNpZ2Fycm8uanBnIiwic2xpZGVzaG93IjoiMmFkNzdmOWIifQ%3D%3D\" href='https:\/\/chuladafilms.com\/wp-content\/uploads\/2021\/04\/still-cigarro.jpg'><img loading=\"lazy\" width=\"950\" height=\"534\" src=\"https:\/\/chuladafilms.com\/wp-content\/uploads\/2021\/04\/still-cigarro-1024x576.jpg\" alt=\"\" decoding=\"async\" srcset=\"https:\/\/chuladafilms.com\/wp-content\/uploads\/2021\/04\/still-cigarro-1024x576.jpg 1024w, https:\/\/chuladafilms.com\/wp-content\/uploads\/2021\/04\/still-cigarro-300x169.jpg 300w, https:\/\/chuladafilms.com\/wp-content\/uploads\/2021\/04\/still-cigarro-768x432.jpg 768w, https:\/\/chuladafilms.com\/wp-content\/uploads\/2021\/04\/still-cigarro-830x467.jpg 830w, https:\/\/chuladafilms.com\/wp-content\/uploads\/2021\/04\/still-cigarro-230x129.jpg 230w, https:\/\/chuladafilms.com\/wp-content\/uploads\/2021\/04\/still-cigarro-350x197.jpg 350w, https:\/\/chuladafilms.com\/wp-content\/uploads\/2021\/04\/still-cigarro-480x270.jpg 480w, https:\/\/chuladafilms.com\/wp-content\/uploads\/2021\/04\/still-cigarro.jpg 1280w\" sizes=\"auto, 100vw\" \/><\/a><br \/>\n\t\t\t<\/figure>\n<figure class='gallery-item'>\n\t\t\t\t<a data-elementor-open-lightbox=\"yes\" data-elementor-lightbox-slideshow=\"2ad77f9b\" data-elementor-lightbox-title=\"Ritual\" data-e-action-hash=\"#elementor-action%3Aaction%3Dlightbox%26settings%3DeyJpZCI6OTUwLCJ1cmwiOiJodHRwczpcL1wvY2h1bGFkYWZpbG1zLmNvbVwvd3AtY29udGVudFwvdXBsb2Fkc1wvMjAyMVwvMDRcL3N0aWxsLWRlLWVzdHJlbGxhLmpwZyIsInNsaWRlc2hvdyI6IjJhZDc3ZjliIn0%3D\" href='https:\/\/chuladafilms.com\/wp-content\/uploads\/2021\/04\/still-de-estrella.jpg'><img loading=\"lazy\" width=\"950\" height=\"534\" src=\"https:\/\/chuladafilms.com\/wp-content\/uploads\/2021\/04\/still-de-estrella-1024x576.jpg\" alt=\"\" decoding=\"async\" srcset=\"https:\/\/chuladafilms.com\/wp-content\/uploads\/2021\/04\/still-de-estrella-1024x576.jpg 1024w, https:\/\/chuladafilms.com\/wp-content\/uploads\/2021\/04\/still-de-estrella-300x169.jpg 300w, https:\/\/chuladafilms.com\/wp-content\/uploads\/2021\/04\/still-de-estrella-768x432.jpg 768w, https:\/\/chuladafilms.com\/wp-content\/uploads\/2021\/04\/still-de-estrella-830x467.jpg 830w, https:\/\/chuladafilms.com\/wp-content\/uploads\/2021\/04\/still-de-estrella-230x129.jpg 230w, https:\/\/chuladafilms.com\/wp-content\/uploads\/2021\/04\/still-de-estrella-350x197.jpg 350w, https:\/\/chuladafilms.com\/wp-content\/uploads\/2021\/04\/still-de-estrella-480x270.jpg 480w, https:\/\/chuladafilms.com\/wp-content\/uploads\/2021\/04\/still-de-estrella.jpg 1280w\" sizes=\"auto, 100vw\" \/><\/a><br \/>\n\t\t\t<\/figure>\n<figure class='gallery-item'>\n\t\t\t\t<a data-elementor-open-lightbox=\"yes\" data-elementor-lightbox-slideshow=\"2ad77f9b\" data-elementor-lightbox-title=\"Leyenda\" data-e-action-hash=\"#elementor-action%3Aaction%3Dlightbox%26settings%3DeyJpZCI6OTUxLCJ1cmwiOiJodHRwczpcL1wvY2h1bGFkYWZpbG1zLmNvbVwvd3AtY29udGVudFwvdXBsb2Fkc1wvMjAyMVwvMDRcL3N0aWxsLWVzcG9zby5qcGciLCJzbGlkZXNob3ciOiIyYWQ3N2Y5YiJ9\" href='https:\/\/chuladafilms.com\/wp-content\/uploads\/2021\/04\/still-esposo.jpg'><img loading=\"lazy\" width=\"950\" height=\"534\" src=\"https:\/\/chuladafilms.com\/wp-content\/uploads\/2021\/04\/still-esposo-1024x576.jpg\" alt=\"\" decoding=\"async\" srcset=\"https:\/\/chuladafilms.com\/wp-content\/uploads\/2021\/04\/still-esposo-1024x576.jpg 1024w, https:\/\/chuladafilms.com\/wp-content\/uploads\/2021\/04\/still-esposo-300x169.jpg 300w, https:\/\/chuladafilms.com\/wp-content\/uploads\/2021\/04\/still-esposo-768x432.jpg 768w, https:\/\/chuladafilms.com\/wp-content\/uploads\/2021\/04\/still-esposo-830x467.jpg 830w, https:\/\/chuladafilms.com\/wp-content\/uploads\/2021\/04\/still-esposo-230x129.jpg 230w, https:\/\/chuladafilms.com\/wp-content\/uploads\/2021\/04\/still-esposo-350x197.jpg 350w, https:\/\/chuladafilms.com\/wp-content\/uploads\/2021\/04\/still-esposo-480x270.jpg 480w, https:\/\/chuladafilms.com\/wp-content\/uploads\/2021\/04\/still-esposo.jpg 1280w\" sizes=\"auto, 100vw\" \/><\/a><br \/>\n\t\t\t<\/figure>\n<figure class='gallery-item'>\n\t\t\t\t<a data-elementor-open-lightbox=\"yes\" data-elementor-lightbox-slideshow=\"2ad77f9b\" data-elementor-lightbox-title=\"Velas\" data-e-action-hash=\"#elementor-action%3Aaction%3Dlightbox%26settings%3DeyJpZCI6OTUyLCJ1cmwiOiJodHRwczpcL1wvY2h1bGFkYWZpbG1zLmNvbVwvd3AtY29udGVudFwvdXBsb2Fkc1wvMjAyMVwvMDRcL3ZlbGFzLmpwZyIsInNsaWRlc2hvdyI6IjJhZDc3ZjliIn0%3D\" href='https:\/\/chuladafilms.com\/wp-content\/uploads\/2021\/04\/velas.jpg'><img loading=\"lazy\" width=\"950\" height=\"534\" src=\"https:\/\/chuladafilms.com\/wp-content\/uploads\/2021\/04\/velas-1024x576.jpg\" alt=\"\" decoding=\"async\" srcset=\"https:\/\/chuladafilms.com\/wp-content\/uploads\/2021\/04\/velas-1024x576.jpg 1024w, https:\/\/chuladafilms.com\/wp-content\/uploads\/2021\/04\/velas-300x169.jpg 300w, https:\/\/chuladafilms.com\/wp-content\/uploads\/2021\/04\/velas-768x432.jpg 768w, https:\/\/chuladafilms.com\/wp-content\/uploads\/2021\/04\/velas-830x467.jpg 830w, https:\/\/chuladafilms.com\/wp-content\/uploads\/2021\/04\/velas-230x129.jpg 230w, https:\/\/chuladafilms.com\/wp-content\/uploads\/2021\/04\/velas-350x197.jpg 350w, https:\/\/chuladafilms.com\/wp-content\/uploads\/2021\/04\/velas-480x270.jpg 480w, https:\/\/chuladafilms.com\/wp-content\/uploads\/2021\/04\/velas.jpg 1280w\" sizes=\"auto, 100vw\" \/><\/a><br \/>\n\t\t\t<\/figure>\n<figure class='gallery-item'>\n\t\t\t\t<a data-elementor-open-lightbox=\"yes\" data-elementor-lightbox-slideshow=\"2ad77f9b\" data-elementor-lightbox-title=\"Ni\u00f1o\" data-e-action-hash=\"#elementor-action%3Aaction%3Dlightbox%26settings%3DeyJpZCI6OTUzLCJ1cmwiOiJodHRwczpcL1wvY2h1bGFkYWZpbG1zLmNvbVwvd3AtY29udGVudFwvdXBsb2Fkc1wvMjAyMVwvMDRcL25pblx1MDMwM28uanBnIiwic2xpZGVzaG93IjoiMmFkNzdmOWIifQ%3D%3D\" href='https:\/\/chuladafilms.com\/wp-content\/uploads\/2021\/04\/nin\u0303o.jpg'><img loading=\"lazy\" width=\"950\" height=\"534\" src=\"https:\/\/chuladafilms.com\/wp-content\/uploads\/2021\/04\/nin\u0303o-1024x576.jpg\" alt=\"\" decoding=\"async\" srcset=\"https:\/\/chuladafilms.com\/wp-content\/uploads\/2021\/04\/nin\u0303o-1024x576.jpg 1024w, https:\/\/chuladafilms.com\/wp-content\/uploads\/2021\/04\/nin\u0303o-300x169.jpg 300w, https:\/\/chuladafilms.com\/wp-content\/uploads\/2021\/04\/nin\u0303o-768x432.jpg 768w, https:\/\/chuladafilms.com\/wp-content\/uploads\/2021\/04\/nin\u0303o-830x467.jpg 830w, https:\/\/chuladafilms.com\/wp-content\/uploads\/2021\/04\/nin\u0303o-230x129.jpg 230w, https:\/\/chuladafilms.com\/wp-content\/uploads\/2021\/04\/nin\u0303o-350x197.jpg 350w, https:\/\/chuladafilms.com\/wp-content\/uploads\/2021\/04\/nin\u0303o-480x270.jpg 480w, https:\/\/chuladafilms.com\/wp-content\/uploads\/2021\/04\/nin\u0303o.jpg 1280w\" sizes=\"auto, 100vw\" \/><\/a><br \/>\n\t\t\t<\/figure>\n<p style=\"text-align: center;\">\u201cProyecto apoyado por el Fondo Nacional para la Cultura y las Artes\u201d<\/p>\n<p>\t\t\t\t\t\t\t\t\t\t\t\t\t\t\t<img loading=\"lazy\" decoding=\"async\" width=\"950\" height=\"157\" src=\"https:\/\/chuladafilms.com\/wp-content\/uploads\/2019\/05\/cultura_fonca_color-1024x169.jpg\" alt=\"\" srcset=\"https:\/\/chuladafilms.com\/wp-content\/uploads\/2019\/05\/cultura_fonca_color-1024x169.jpg 1024w, https:\/\/chuladafilms.com\/wp-content\/uploads\/2019\/05\/cultura_fonca_color-300x50.jpg 300w, https:\/\/chuladafilms.com\/wp-content\/uploads\/2019\/05\/cultura_fonca_color-768x127.jpg 768w, https:\/\/chuladafilms.com\/wp-content\/uploads\/2019\/05\/cultura_fonca_color-830x137.jpg 830w, https:\/\/chuladafilms.com\/wp-content\/uploads\/2019\/05\/cultura_fonca_color-230x38.jpg 230w, https:\/\/chuladafilms.com\/wp-content\/uploads\/2019\/05\/cultura_fonca_color-350x58.jpg 350w, https:\/\/chuladafilms.com\/wp-content\/uploads\/2019\/05\/cultura_fonca_color-480x79.jpg 480w, https:\/\/chuladafilms.com\/wp-content\/uploads\/2019\/05\/cultura_fonca_color-1536x254.jpg 1536w, https:\/\/chuladafilms.com\/wp-content\/uploads\/2019\/05\/cultura_fonca_color-2048x338.jpg 2048w, https:\/\/chuladafilms.com\/wp-content\/uploads\/2019\/05\/cultura_fonca_color-2000x330.jpg 2000w\" sizes=\"auto, 100vw\" \/><br \/>\n\t\t\t\t\t\t\t\t\t\t\t\t\t\t\t<img loading=\"lazy\" decoding=\"async\" width=\"950\" height=\"259\" src=\"https:\/\/chuladafilms.com\/wp-content\/uploads\/2023\/06\/riodesapos_banner-1.jpg\" alt=\"\" srcset=\"https:\/\/chuladafilms.com\/wp-content\/uploads\/2023\/06\/riodesapos_banner-1.jpg 1000w, https:\/\/chuladafilms.com\/wp-content\/uploads\/2023\/06\/riodesapos_banner-1-300x82.jpg 300w, https:\/\/chuladafilms.com\/wp-content\/uploads\/2023\/06\/riodesapos_banner-1-768x210.jpg 768w, https:\/\/chuladafilms.com\/wp-content\/uploads\/2023\/06\/riodesapos_banner-1-230x63.jpg 230w, https:\/\/chuladafilms.com\/wp-content\/uploads\/2023\/06\/riodesapos_banner-1-350x96.jpg 350w, https:\/\/chuladafilms.com\/wp-content\/uploads\/2023\/06\/riodesapos_banner-1-480x131.jpg 480w\" sizes=\"auto, 100vw\" \/><\/p>\n","protected":false},"excerpt":{"rendered":"<p>https:\/\/vimeo.com\/929733137\/dc9efcc4f3 Ensayo documental que sigue a la curandera Francisca Hern\u00e1ndez, quien pertenece a una larga familia de parteras, hueseras y exorcistas, que dedican su vida a la sanaci\u00f3n de extensas &hellip; <\/p>\n<p class=\"link-more\"><a href=\"https:\/\/chuladafilms.com\/?page_id=914\" class=\"more-link\">Leer m\u00e1s<span class=\"screen-reader-text\"> \u00abR\u00edo de Sapos\u00bb<\/span><\/a><\/p>\n","protected":false},"author":1,"featured_media":0,"parent":0,"menu_order":0,"comment_status":"closed","ping_status":"closed","template":"","meta":{"footnotes":""},"class_list":["post-914","page","type-page","status-publish","hentry"],"_links":{"self":[{"href":"https:\/\/chuladafilms.com\/index.php?rest_route=\/wp\/v2\/pages\/914","targetHints":{"allow":["GET"]}}],"collection":[{"href":"https:\/\/chuladafilms.com\/index.php?rest_route=\/wp\/v2\/pages"}],"about":[{"href":"https:\/\/chuladafilms.com\/index.php?rest_route=\/wp\/v2\/types\/page"}],"author":[{"embeddable":true,"href":"https:\/\/chuladafilms.com\/index.php?rest_route=\/wp\/v2\/users\/1"}],"replies":[{"embeddable":true,"href":"https:\/\/chuladafilms.com\/index.php?rest_route=%2Fwp%2Fv2%2Fcomments&post=914"}],"version-history":[{"count":259,"href":"https:\/\/chuladafilms.com\/index.php?rest_route=\/wp\/v2\/pages\/914\/revisions"}],"predecessor-version":[{"id":4569,"href":"https:\/\/chuladafilms.com\/index.php?rest_route=\/wp\/v2\/pages\/914\/revisions\/4569"}],"wp:attachment":[{"href":"https:\/\/chuladafilms.com\/index.php?rest_route=%2Fwp%2Fv2%2Fmedia&parent=914"}],"curies":[{"name":"wp","href":"https:\/\/api.w.org\/{rel}","templated":true}]}}