{"id":762,"date":"2018-08-13T22:08:41","date_gmt":"2018-08-13T22:08:41","guid":{"rendered":"http:\/\/chuladafilms.com\/?page_id=762"},"modified":"2025-09-09T01:02:10","modified_gmt":"2025-09-09T01:02:10","slug":"eder-2","status":"publish","type":"page","link":"https:\/\/chuladafilms.com\/?page_id=762","title":{"rendered":"EDER"},"content":{"rendered":"<p>https:\/\/vimeo.com\/942467001\/9e6671d3e2?share=copy<\/p>\n<p><strong><em>Eder <\/em><\/strong>es un documental que describe con dolor desde las voces de los habitantes de Ju\u00e1rez, la situaci\u00f3n de violencia y los asesinatos indiscriminados por parte de los c\u00e1rteles, Eder es el levantamiento de voces de una familia que ha sufrido una p\u00e9rdida, Eder son cincuenta minutos de un nudo en la garganta, por no poder gritar el ahora ya aclamando \u201cfue el estado\u201d Eder es conocer y estar cerca de esa gente que est\u00e1 lejos de m\u00ed por 1803 Kil\u00f3metros y me permite sentir su historia que me conmueve hasta erizarme la piel y querer parar la proyecci\u00f3n, Eder es un homenaje de una amigo a su amigo de infancia, Eder es el reconocimiento de cualquier mexicano que se ve como Cuasimodo frente a un espejo lleno de impotencia y dolor por su pa\u00eds y su gente.<\/p>\n<p><strong>Direcci\u00f3n:<\/strong>\u00a0Axel Pedraza.<br \/><strong>Producci\u00f3n:<\/strong>\u00a0Chulada Films.<br \/><strong>Productora:<\/strong>\u00a0Dalia Reyes.<br \/><strong>Cinefotograf\u00eda:<\/strong>\u00a0Axel Pedraza.<\/p>\n<p><strong>Sonido directo: <\/strong>Juan Manuel Zu\u00f1iga<br \/><strong>Formato:\u00a0<\/strong>HD<br \/><strong>Imagen: <\/strong>Color<br \/><strong>Duraci\u00f3n:\u00a0<\/strong>50min.<\/p>\n<p>\t\t\t\t\t\t\t\t\t\t\t\t\t\t\t\t<a href=\"https:\/\/chuladafilms.com\/wp-content\/uploads\/2018\/08\/Cartel-Eder-01.jpg\" data-elementor-open-lightbox=\"yes\" data-elementor-lightbox-title=\"Cartel Eder-01\" data-e-action-hash=\"#elementor-action%3Aaction%3Dlightbox%26settings%3DeyJpZCI6NzU4LCJ1cmwiOiJodHRwczpcL1wvY2h1bGFkYWZpbG1zLmNvbVwvd3AtY29udGVudFwvdXBsb2Fkc1wvMjAxOFwvMDhcL0NhcnRlbC1FZGVyLTAxLmpwZyJ9\"><br \/>\n\t\t\t\t\t\t\t<img loading=\"lazy\" decoding=\"async\" width=\"683\" height=\"1024\" src=\"https:\/\/chuladafilms.com\/wp-content\/uploads\/2018\/08\/Cartel-Eder-01-683x1024.jpg\" alt=\"\" srcset=\"https:\/\/chuladafilms.com\/wp-content\/uploads\/2018\/08\/Cartel-Eder-01-683x1024.jpg 683w, https:\/\/chuladafilms.com\/wp-content\/uploads\/2018\/08\/Cartel-Eder-01-200x300.jpg 200w, https:\/\/chuladafilms.com\/wp-content\/uploads\/2018\/08\/Cartel-Eder-01-768x1152.jpg 768w, https:\/\/chuladafilms.com\/wp-content\/uploads\/2018\/08\/Cartel-Eder-01-830x1245.jpg 830w, https:\/\/chuladafilms.com\/wp-content\/uploads\/2018\/08\/Cartel-Eder-01-230x345.jpg 230w, https:\/\/chuladafilms.com\/wp-content\/uploads\/2018\/08\/Cartel-Eder-01-350x525.jpg 350w, https:\/\/chuladafilms.com\/wp-content\/uploads\/2018\/08\/Cartel-Eder-01-480x720.jpg 480w, https:\/\/chuladafilms.com\/wp-content\/uploads\/2018\/08\/Cartel-Eder-01-1024x1536.jpg 1024w, https:\/\/chuladafilms.com\/wp-content\/uploads\/2018\/08\/Cartel-Eder-01-1365x2048.jpg 1365w, https:\/\/chuladafilms.com\/wp-content\/uploads\/2018\/08\/Cartel-Eder-01-2000x3000.jpg 2000w\" sizes=\"auto, 100vw\" \/>\t\t\t\t\t\t\t\t<\/a><\/p>\n<ul>\n<li>\n<p>FESTIVALES Y PREMIOS<\/p>\n<ul>\n<li>Fondo Nacional para la Cultura y las Artes, beneficiaria del programa J\u00f3venes Creadores \u2013 Especialidad Video \u2013\u00a02017\u00a0<\/li>\n<\/ul>\n<p><\/li>\n<\/ul>\n<figure class='gallery-item'>\n\t\t\t\t<a data-elementor-open-lightbox=\"yes\" data-elementor-lightbox-slideshow=\"5177b36\" data-elementor-lightbox-title=\"EDER-still\" data-e-action-hash=\"#elementor-action%3Aaction%3Dlightbox%26settings%3DeyJpZCI6MjY0NSwidXJsIjoiaHR0cHM6XC9cL2NodWxhZGFmaWxtcy5jb21cL3dwLWNvbnRlbnRcL3VwbG9hZHNcLzIwMjNcLzA4XC9FREVSLXN0aWxsLmpwZyIsInNsaWRlc2hvdyI6IjUxNzdiMzYifQ%3D%3D\" href='https:\/\/chuladafilms.com\/wp-content\/uploads\/2023\/08\/EDER-still.jpg'><img loading=\"lazy\" width=\"768\" height=\"432\" src=\"https:\/\/chuladafilms.com\/wp-content\/uploads\/2023\/08\/EDER-still-768x432.jpg\" alt=\"\" decoding=\"async\" srcset=\"https:\/\/chuladafilms.com\/wp-content\/uploads\/2023\/08\/EDER-still-768x432.jpg 768w, https:\/\/chuladafilms.com\/wp-content\/uploads\/2023\/08\/EDER-still-300x169.jpg 300w, https:\/\/chuladafilms.com\/wp-content\/uploads\/2023\/08\/EDER-still-1024x576.jpg 1024w, https:\/\/chuladafilms.com\/wp-content\/uploads\/2023\/08\/EDER-still-1536x864.jpg 1536w, https:\/\/chuladafilms.com\/wp-content\/uploads\/2023\/08\/EDER-still-1000x563.jpg 1000w, https:\/\/chuladafilms.com\/wp-content\/uploads\/2023\/08\/EDER-still-230x129.jpg 230w, https:\/\/chuladafilms.com\/wp-content\/uploads\/2023\/08\/EDER-still-350x197.jpg 350w, https:\/\/chuladafilms.com\/wp-content\/uploads\/2023\/08\/EDER-still-480x270.jpg 480w, https:\/\/chuladafilms.com\/wp-content\/uploads\/2023\/08\/EDER-still.jpg 1920w\" sizes=\"auto, 100vw\" \/><\/a><br \/>\n\t\t\t<\/figure>\n<figure class='gallery-item'>\n\t\t\t\t<a data-elementor-open-lightbox=\"yes\" data-elementor-lightbox-slideshow=\"5177b36\" data-elementor-lightbox-title=\"EDER-still2\" data-e-action-hash=\"#elementor-action%3Aaction%3Dlightbox%26settings%3DeyJpZCI6MjY0NywidXJsIjoiaHR0cHM6XC9cL2NodWxhZGFmaWxtcy5jb21cL3dwLWNvbnRlbnRcL3VwbG9hZHNcLzIwMjNcLzA4XC9FREVSLXN0aWxsMi5qcGciLCJzbGlkZXNob3ciOiI1MTc3YjM2In0%3D\" href='https:\/\/chuladafilms.com\/wp-content\/uploads\/2023\/08\/EDER-still2.jpg'><img loading=\"lazy\" width=\"768\" height=\"432\" src=\"https:\/\/chuladafilms.com\/wp-content\/uploads\/2023\/08\/EDER-still2-768x432.jpg\" alt=\"\" decoding=\"async\" srcset=\"https:\/\/chuladafilms.com\/wp-content\/uploads\/2023\/08\/EDER-still2-768x432.jpg 768w, https:\/\/chuladafilms.com\/wp-content\/uploads\/2023\/08\/EDER-still2-300x169.jpg 300w, https:\/\/chuladafilms.com\/wp-content\/uploads\/2023\/08\/EDER-still2-1024x576.jpg 1024w, https:\/\/chuladafilms.com\/wp-content\/uploads\/2023\/08\/EDER-still2-1536x864.jpg 1536w, https:\/\/chuladafilms.com\/wp-content\/uploads\/2023\/08\/EDER-still2-1000x563.jpg 1000w, https:\/\/chuladafilms.com\/wp-content\/uploads\/2023\/08\/EDER-still2-230x129.jpg 230w, https:\/\/chuladafilms.com\/wp-content\/uploads\/2023\/08\/EDER-still2-350x197.jpg 350w, https:\/\/chuladafilms.com\/wp-content\/uploads\/2023\/08\/EDER-still2-480x270.jpg 480w, https:\/\/chuladafilms.com\/wp-content\/uploads\/2023\/08\/EDER-still2.jpg 1920w\" sizes=\"auto, 100vw\" \/><\/a><br \/>\n\t\t\t<\/figure>\n<figure class='gallery-item'>\n\t\t\t\t<a data-elementor-open-lightbox=\"yes\" data-elementor-lightbox-slideshow=\"5177b36\" data-elementor-lightbox-title=\"EDER-still3\" data-e-action-hash=\"#elementor-action%3Aaction%3Dlightbox%26settings%3DeyJpZCI6MjY0OCwidXJsIjoiaHR0cHM6XC9cL2NodWxhZGFmaWxtcy5jb21cL3dwLWNvbnRlbnRcL3VwbG9hZHNcLzIwMjNcLzA4XC9FREVSLXN0aWxsMy5qcGciLCJzbGlkZXNob3ciOiI1MTc3YjM2In0%3D\" href='https:\/\/chuladafilms.com\/wp-content\/uploads\/2023\/08\/EDER-still3.jpg'><img loading=\"lazy\" width=\"768\" height=\"432\" src=\"https:\/\/chuladafilms.com\/wp-content\/uploads\/2023\/08\/EDER-still3-768x432.jpg\" alt=\"\" decoding=\"async\" srcset=\"https:\/\/chuladafilms.com\/wp-content\/uploads\/2023\/08\/EDER-still3-768x432.jpg 768w, https:\/\/chuladafilms.com\/wp-content\/uploads\/2023\/08\/EDER-still3-300x169.jpg 300w, https:\/\/chuladafilms.com\/wp-content\/uploads\/2023\/08\/EDER-still3-1024x576.jpg 1024w, https:\/\/chuladafilms.com\/wp-content\/uploads\/2023\/08\/EDER-still3-1536x864.jpg 1536w, https:\/\/chuladafilms.com\/wp-content\/uploads\/2023\/08\/EDER-still3-1000x563.jpg 1000w, https:\/\/chuladafilms.com\/wp-content\/uploads\/2023\/08\/EDER-still3-230x129.jpg 230w, https:\/\/chuladafilms.com\/wp-content\/uploads\/2023\/08\/EDER-still3-350x197.jpg 350w, https:\/\/chuladafilms.com\/wp-content\/uploads\/2023\/08\/EDER-still3-480x270.jpg 480w, https:\/\/chuladafilms.com\/wp-content\/uploads\/2023\/08\/EDER-still3.jpg 1920w\" sizes=\"auto, 100vw\" \/><\/a><br \/>\n\t\t\t<\/figure>\n<figure class='gallery-item'>\n\t\t\t\t<a data-elementor-open-lightbox=\"yes\" data-elementor-lightbox-slideshow=\"5177b36\" data-elementor-lightbox-title=\"EDER-still4\" data-e-action-hash=\"#elementor-action%3Aaction%3Dlightbox%26settings%3DeyJpZCI6MjY0OSwidXJsIjoiaHR0cHM6XC9cL2NodWxhZGFmaWxtcy5jb21cL3dwLWNvbnRlbnRcL3VwbG9hZHNcLzIwMjNcLzA4XC9FREVSLXN0aWxsNC5qcGciLCJzbGlkZXNob3ciOiI1MTc3YjM2In0%3D\" href='https:\/\/chuladafilms.com\/wp-content\/uploads\/2023\/08\/EDER-still4.jpg'><img loading=\"lazy\" width=\"768\" height=\"432\" src=\"https:\/\/chuladafilms.com\/wp-content\/uploads\/2023\/08\/EDER-still4-768x432.jpg\" alt=\"\" decoding=\"async\" srcset=\"https:\/\/chuladafilms.com\/wp-content\/uploads\/2023\/08\/EDER-still4-768x432.jpg 768w, https:\/\/chuladafilms.com\/wp-content\/uploads\/2023\/08\/EDER-still4-300x169.jpg 300w, https:\/\/chuladafilms.com\/wp-content\/uploads\/2023\/08\/EDER-still4-1024x576.jpg 1024w, https:\/\/chuladafilms.com\/wp-content\/uploads\/2023\/08\/EDER-still4-1536x864.jpg 1536w, https:\/\/chuladafilms.com\/wp-content\/uploads\/2023\/08\/EDER-still4-1000x563.jpg 1000w, https:\/\/chuladafilms.com\/wp-content\/uploads\/2023\/08\/EDER-still4-230x129.jpg 230w, https:\/\/chuladafilms.com\/wp-content\/uploads\/2023\/08\/EDER-still4-350x197.jpg 350w, https:\/\/chuladafilms.com\/wp-content\/uploads\/2023\/08\/EDER-still4-480x270.jpg 480w, https:\/\/chuladafilms.com\/wp-content\/uploads\/2023\/08\/EDER-still4.jpg 1920w\" sizes=\"auto, 100vw\" \/><\/a><br \/>\n\t\t\t<\/figure>\n<figure class='gallery-item'>\n\t\t\t\t<a data-elementor-open-lightbox=\"yes\" data-elementor-lightbox-slideshow=\"5177b36\" data-elementor-lightbox-title=\"EDER-still5\" data-e-action-hash=\"#elementor-action%3Aaction%3Dlightbox%26settings%3DeyJpZCI6MjY1MCwidXJsIjoiaHR0cHM6XC9cL2NodWxhZGFmaWxtcy5jb21cL3dwLWNvbnRlbnRcL3VwbG9hZHNcLzIwMjNcLzA4XC9FREVSLXN0aWxsNS5qcGciLCJzbGlkZXNob3ciOiI1MTc3YjM2In0%3D\" href='https:\/\/chuladafilms.com\/wp-content\/uploads\/2023\/08\/EDER-still5.jpg'><img loading=\"lazy\" width=\"768\" height=\"432\" src=\"https:\/\/chuladafilms.com\/wp-content\/uploads\/2023\/08\/EDER-still5-768x432.jpg\" alt=\"\" decoding=\"async\" srcset=\"https:\/\/chuladafilms.com\/wp-content\/uploads\/2023\/08\/EDER-still5-768x432.jpg 768w, https:\/\/chuladafilms.com\/wp-content\/uploads\/2023\/08\/EDER-still5-300x169.jpg 300w, https:\/\/chuladafilms.com\/wp-content\/uploads\/2023\/08\/EDER-still5-1024x576.jpg 1024w, https:\/\/chuladafilms.com\/wp-content\/uploads\/2023\/08\/EDER-still5-1536x864.jpg 1536w, https:\/\/chuladafilms.com\/wp-content\/uploads\/2023\/08\/EDER-still5-1000x563.jpg 1000w, https:\/\/chuladafilms.com\/wp-content\/uploads\/2023\/08\/EDER-still5-230x129.jpg 230w, https:\/\/chuladafilms.com\/wp-content\/uploads\/2023\/08\/EDER-still5-350x197.jpg 350w, https:\/\/chuladafilms.com\/wp-content\/uploads\/2023\/08\/EDER-still5-480x270.jpg 480w, https:\/\/chuladafilms.com\/wp-content\/uploads\/2023\/08\/EDER-still5.jpg 1920w\" sizes=\"auto, 100vw\" \/><\/a><br \/>\n\t\t\t<\/figure>\n<figure class='gallery-item'>\n\t\t\t\t<a data-elementor-open-lightbox=\"yes\" data-elementor-lightbox-slideshow=\"5177b36\" data-elementor-lightbox-title=\"EDER-still6\" data-e-action-hash=\"#elementor-action%3Aaction%3Dlightbox%26settings%3DeyJpZCI6MjY1MSwidXJsIjoiaHR0cHM6XC9cL2NodWxhZGFmaWxtcy5jb21cL3dwLWNvbnRlbnRcL3VwbG9hZHNcLzIwMjNcLzA4XC9FREVSLXN0aWxsNi5qcGciLCJzbGlkZXNob3ciOiI1MTc3YjM2In0%3D\" href='https:\/\/chuladafilms.com\/wp-content\/uploads\/2023\/08\/EDER-still6.jpg'><img loading=\"lazy\" width=\"768\" height=\"432\" src=\"https:\/\/chuladafilms.com\/wp-content\/uploads\/2023\/08\/EDER-still6-768x432.jpg\" alt=\"\" decoding=\"async\" srcset=\"https:\/\/chuladafilms.com\/wp-content\/uploads\/2023\/08\/EDER-still6-768x432.jpg 768w, https:\/\/chuladafilms.com\/wp-content\/uploads\/2023\/08\/EDER-still6-300x169.jpg 300w, https:\/\/chuladafilms.com\/wp-content\/uploads\/2023\/08\/EDER-still6-1024x576.jpg 1024w, https:\/\/chuladafilms.com\/wp-content\/uploads\/2023\/08\/EDER-still6-1536x864.jpg 1536w, https:\/\/chuladafilms.com\/wp-content\/uploads\/2023\/08\/EDER-still6-1000x563.jpg 1000w, https:\/\/chuladafilms.com\/wp-content\/uploads\/2023\/08\/EDER-still6-230x129.jpg 230w, https:\/\/chuladafilms.com\/wp-content\/uploads\/2023\/08\/EDER-still6-350x197.jpg 350w, https:\/\/chuladafilms.com\/wp-content\/uploads\/2023\/08\/EDER-still6-480x270.jpg 480w, https:\/\/chuladafilms.com\/wp-content\/uploads\/2023\/08\/EDER-still6.jpg 1920w\" sizes=\"auto, 100vw\" \/><\/a><br \/>\n\t\t\t<\/figure>\n<figure class='gallery-item'>\n\t\t\t\t<a data-elementor-open-lightbox=\"yes\" data-elementor-lightbox-slideshow=\"5177b36\" data-elementor-lightbox-title=\"EDER-still7\" data-e-action-hash=\"#elementor-action%3Aaction%3Dlightbox%26settings%3DeyJpZCI6MjY1MiwidXJsIjoiaHR0cHM6XC9cL2NodWxhZGFmaWxtcy5jb21cL3dwLWNvbnRlbnRcL3VwbG9hZHNcLzIwMjNcLzA4XC9FREVSLXN0aWxsNy5qcGciLCJzbGlkZXNob3ciOiI1MTc3YjM2In0%3D\" href='https:\/\/chuladafilms.com\/wp-content\/uploads\/2023\/08\/EDER-still7.jpg'><img loading=\"lazy\" width=\"768\" height=\"432\" src=\"https:\/\/chuladafilms.com\/wp-content\/uploads\/2023\/08\/EDER-still7-768x432.jpg\" alt=\"\" decoding=\"async\" srcset=\"https:\/\/chuladafilms.com\/wp-content\/uploads\/2023\/08\/EDER-still7-768x432.jpg 768w, https:\/\/chuladafilms.com\/wp-content\/uploads\/2023\/08\/EDER-still7-300x169.jpg 300w, https:\/\/chuladafilms.com\/wp-content\/uploads\/2023\/08\/EDER-still7-1024x576.jpg 1024w, https:\/\/chuladafilms.com\/wp-content\/uploads\/2023\/08\/EDER-still7-1536x864.jpg 1536w, https:\/\/chuladafilms.com\/wp-content\/uploads\/2023\/08\/EDER-still7-1000x563.jpg 1000w, https:\/\/chuladafilms.com\/wp-content\/uploads\/2023\/08\/EDER-still7-230x129.jpg 230w, https:\/\/chuladafilms.com\/wp-content\/uploads\/2023\/08\/EDER-still7-350x197.jpg 350w, https:\/\/chuladafilms.com\/wp-content\/uploads\/2023\/08\/EDER-still7-480x270.jpg 480w, https:\/\/chuladafilms.com\/wp-content\/uploads\/2023\/08\/EDER-still7.jpg 1920w\" sizes=\"auto, 100vw\" \/><\/a><br \/>\n\t\t\t<\/figure>\n<figure class='gallery-item'>\n\t\t\t\t<a data-elementor-open-lightbox=\"yes\" data-elementor-lightbox-slideshow=\"5177b36\" data-elementor-lightbox-title=\"EDER-still8\" data-e-action-hash=\"#elementor-action%3Aaction%3Dlightbox%26settings%3DeyJpZCI6MjY1MywidXJsIjoiaHR0cHM6XC9cL2NodWxhZGFmaWxtcy5jb21cL3dwLWNvbnRlbnRcL3VwbG9hZHNcLzIwMjNcLzA4XC9FREVSLXN0aWxsOC5qcGciLCJzbGlkZXNob3ciOiI1MTc3YjM2In0%3D\" href='https:\/\/chuladafilms.com\/wp-content\/uploads\/2023\/08\/EDER-still8.jpg'><img loading=\"lazy\" width=\"768\" height=\"432\" src=\"https:\/\/chuladafilms.com\/wp-content\/uploads\/2023\/08\/EDER-still8-768x432.jpg\" alt=\"\" decoding=\"async\" srcset=\"https:\/\/chuladafilms.com\/wp-content\/uploads\/2023\/08\/EDER-still8-768x432.jpg 768w, https:\/\/chuladafilms.com\/wp-content\/uploads\/2023\/08\/EDER-still8-300x169.jpg 300w, https:\/\/chuladafilms.com\/wp-content\/uploads\/2023\/08\/EDER-still8-1024x576.jpg 1024w, https:\/\/chuladafilms.com\/wp-content\/uploads\/2023\/08\/EDER-still8-1536x864.jpg 1536w, https:\/\/chuladafilms.com\/wp-content\/uploads\/2023\/08\/EDER-still8-1000x563.jpg 1000w, https:\/\/chuladafilms.com\/wp-content\/uploads\/2023\/08\/EDER-still8-230x129.jpg 230w, https:\/\/chuladafilms.com\/wp-content\/uploads\/2023\/08\/EDER-still8-350x197.jpg 350w, https:\/\/chuladafilms.com\/wp-content\/uploads\/2023\/08\/EDER-still8-480x270.jpg 480w, https:\/\/chuladafilms.com\/wp-content\/uploads\/2023\/08\/EDER-still8.jpg 1920w\" sizes=\"auto, 100vw\" \/><\/a><br \/>\n\t\t\t<\/figure>\n<p>\t\t\t\t\t\t\t\t\t\t\t\t\t\t\t<img loading=\"lazy\" decoding=\"async\" width=\"950\" height=\"253\" src=\"https:\/\/chuladafilms.com\/wp-content\/uploads\/2018\/08\/Banner.png\" alt=\"\" srcset=\"https:\/\/chuladafilms.com\/wp-content\/uploads\/2018\/08\/Banner.png 1024w, https:\/\/chuladafilms.com\/wp-content\/uploads\/2018\/08\/Banner-300x80.png 300w, https:\/\/chuladafilms.com\/wp-content\/uploads\/2018\/08\/Banner-768x205.png 768w, https:\/\/chuladafilms.com\/wp-content\/uploads\/2018\/08\/Banner-830x221.png 830w, https:\/\/chuladafilms.com\/wp-content\/uploads\/2018\/08\/Banner-230x61.png 230w, https:\/\/chuladafilms.com\/wp-content\/uploads\/2018\/08\/Banner-350x93.png 350w, https:\/\/chuladafilms.com\/wp-content\/uploads\/2018\/08\/Banner-480x128.png 480w\" sizes=\"auto, 100vw\" \/><\/p>\n","protected":false},"excerpt":{"rendered":"<p>https:\/\/vimeo.com\/942467001\/9e6671d3e2?share=copy Eder es un documental que describe con dolor desde las voces de los habitantes de Ju\u00e1rez, la situaci\u00f3n de violencia y los asesinatos indiscriminados por parte de los c\u00e1rteles, &hellip; <\/p>\n<p class=\"link-more\"><a href=\"https:\/\/chuladafilms.com\/?page_id=762\" class=\"more-link\">Leer m\u00e1s<span class=\"screen-reader-text\"> \u00abEDER\u00bb<\/span><\/a><\/p>\n","protected":false},"author":1,"featured_media":0,"parent":0,"menu_order":0,"comment_status":"closed","ping_status":"closed","template":"","meta":{"footnotes":""},"class_list":["post-762","page","type-page","status-publish","hentry"],"_links":{"self":[{"href":"https:\/\/chuladafilms.com\/index.php?rest_route=\/wp\/v2\/pages\/762","targetHints":{"allow":["GET"]}}],"collection":[{"href":"https:\/\/chuladafilms.com\/index.php?rest_route=\/wp\/v2\/pages"}],"about":[{"href":"https:\/\/chuladafilms.com\/index.php?rest_route=\/wp\/v2\/types\/page"}],"author":[{"embeddable":true,"href":"https:\/\/chuladafilms.com\/index.php?rest_route=\/wp\/v2\/users\/1"}],"replies":[{"embeddable":true,"href":"https:\/\/chuladafilms.com\/index.php?rest_route=%2Fwp%2Fv2%2Fcomments&post=762"}],"version-history":[{"count":58,"href":"https:\/\/chuladafilms.com\/index.php?rest_route=\/wp\/v2\/pages\/762\/revisions"}],"predecessor-version":[{"id":4460,"href":"https:\/\/chuladafilms.com\/index.php?rest_route=\/wp\/v2\/pages\/762\/revisions\/4460"}],"wp:attachment":[{"href":"https:\/\/chuladafilms.com\/index.php?rest_route=%2Fwp%2Fv2%2Fmedia&parent=762"}],"curies":[{"name":"wp","href":"https:\/\/api.w.org\/{rel}","templated":true}]}}