{"id":51,"date":"2018-06-29T07:52:01","date_gmt":"2018-06-29T07:52:01","guid":{"rendered":"http:\/\/chuladafilms.com\/?page_id=51"},"modified":"2026-03-04T01:03:15","modified_gmt":"2026-03-04T01:03:15","slug":"mi-no-lugar","status":"publish","type":"page","link":"https:\/\/chuladafilms.com\/?page_id=51","title":{"rendered":"Mi No Lugar"},"content":{"rendered":"<p><iframe loading=\"lazy\" title=\"TRAILER MI NO LUGAR 2026\" src=\"https:\/\/player.vimeo.com\/video\/390123846?dnt=1&amp;app_id=122963\" width=\"950\" height=\"534\" frameborder=\"0\" allow=\"autoplay; fullscreen; picture-in-picture; clipboard-write; encrypted-media; web-share\" referrerpolicy=\"strict-origin-when-cross-origin\"><\/iframe><\/p>\n<blockquote>\n<p style=\"text-align: justify;\"><em>\u00abLa idea parte emocionalmente de lo que significan nuestros lugares y de las historias que albergan m\u00e1s all\u00e1 de sus extensiones. Yo nac\u00ed y he vivido todo el tiempo en el norte de Colima, bajo las faldas del volc\u00e1n, ah\u00ed donde el humo de las fumarolas se mezclan con las de la zafra, en el pueblo que se ba\u00f1a de ceniza y tizne durante el d\u00eda y la noche (&#8230;)\u00bb<\/em> Isis Ahumada, Directora.<\/p>\n<\/blockquote>\n<p style=\"text-align: justify;\"><em><strong>Mi no lugar<\/strong>\u00a0<\/em>es un viaje por el desarraigo, que lleva a Jonathan como pasajero por lugares ajenos. Es un ni\u00f1o que migra de Guerrero a Colima, guiado por la ilusi\u00f3n de sus padres jornaleros, que lo alienta a estudiar la secundaria y a reencontrarse con ellos. Sin embargo las barreras de la desigualdad, hacen que Jonathan se sume al ciclo ardiente de la zafra, y con ello recorra los paisajes de la explotaci\u00f3n.<\/p>\n<p><strong>Casa Productora:<\/strong>\u00a0Chulada Films.<\/p>\n<p style=\"line-height: 150%;\"><strong>Direcci\u00f3n:<\/strong>\u00a0Isis Ahumada Monroy.<\/p>\n<p style=\"line-height: 150%;\"><strong>Productora :<\/strong>\u00a0Dalia Reyes, Isis Ahumada Monroy.<\/p>\n<p style=\"line-height: 150%;\"><strong>Gui\u00f3n:<\/strong>\u00a0Isis Ahumada Monroy, Nelson Aldape Mart\u00ednez.<\/p>\n<p style=\"line-height: 150%;\"><strong>Cinefotograf\u00eda:<\/strong>\u00a0Iv\u00e1n Salcedo, Isis Ahumada Monroy.<\/p>\n<p style=\"line-height: 150%;\"><strong>Edici\u00f3n:<\/strong>\u00a0Carlos C\u00e1rdenas Aguilar.<\/p>\n<p style=\"line-height: 150%;\"><strong>Dise\u00f1o de Sonido:<\/strong> Jose Miguel Enr\u00edquez.<\/p>\n<p style=\"line-height: 150%;\"><strong>Dise\u00f1o de Sonido Adicional:<\/strong> Teo V\u00e1squez Turner.<\/p>\n<p style=\"line-height: 150%;\"><b>Sonido<\/b>:\u00a0Jos\u00e9 Reyes, Nelson Aldape Mart\u00ednez.<\/p>\n<p style=\"line-height: 150%;\"><strong>M\u00fasica:\u00a0<\/strong>Carlos Virgilio Mendoza.<\/p>\n<p style=\"line-height: 150%;\"><strong>Mezcla:\u00a0<\/strong>Marco Antonio Hern\u00e1ndez.<\/p>\n<p style=\"line-height: 150%;\"><strong>Mezcla Adicional:<\/strong> Jos\u00e9 Miguel Enr\u00edquez.<\/p>\n<p style=\"line-height: 150%;\"><strong>Lugar de Filmaci\u00f3n:<\/strong>\u00a0Queser\u00eda, Colima, M\u00e9xico.<br \/>\n<strong>Reparto:\u00a0<\/strong>Jonathan Dami\u00e1n, Hilaria Dami\u00e1n, Eduardo Dami\u00e1n \u00abNiki\u00bb, Heidi Dami\u00e1n, Rodolfo Dami\u00e1n.<br \/>\n<strong>Ventana de proyecci\u00f3n:\u00a0<\/strong>16:9<br \/>\n<strong>Sonido:\u00a0<\/strong>Dolby Digital 5.1<\/p>\n<p><a href=\"https:\/\/chuladafilms.com\/wp-content\/uploads\/2023\/06\/MNL-Cartel-siete-logos-5nov-.png\" data-elementor-open-lightbox=\"yes\" data-elementor-lightbox-title=\"MNL Cartel siete logos 5nov\" data-e-action-hash=\"#elementor-action%3Aaction%3Dlightbox%26settings%3DeyJpZCI6MTQ0NywidXJsIjoiaHR0cHM6XC9cL2NodWxhZGFmaWxtcy5jb21cL3dwLWNvbnRlbnRcL3VwbG9hZHNcLzIwMjNcLzA2XC9NTkwtQ2FydGVsLXNpZXRlLWxvZ29zLTVub3YtLnBuZyJ9\"><br \/>\n<img loading=\"lazy\" decoding=\"async\" src=\"https:\/\/chuladafilms.com\/wp-content\/uploads\/2023\/06\/MNL-Cartel-siete-logos-5nov-.png\" sizes=\"auto, 100vw\" srcset=\"https:\/\/chuladafilms.com\/wp-content\/uploads\/2023\/06\/MNL-Cartel-siete-logos-5nov-.png 2953w, https:\/\/chuladafilms.com\/wp-content\/uploads\/2023\/06\/MNL-Cartel-siete-logos-5nov--1024x1536.png 1024w, https:\/\/chuladafilms.com\/wp-content\/uploads\/2023\/06\/MNL-Cartel-siete-logos-5nov--1365x2048.png 1365w, https:\/\/chuladafilms.com\/wp-content\/uploads\/2023\/06\/MNL-Cartel-siete-logos-5nov--2000x3000.png 2000w\" alt=\"\" width=\"683\" height=\"1024\" \/> <\/a><\/p>\n<p><b>FESTIVALES Y PREMIOS<\/b><\/p>\n<ul>\n<li>EFICINE Distribuci\u00f3n. 2024<\/li>\n<li>Scoprir Mostra di Cinema Iberoamericano<strong>.\u00a0<\/strong>2023<\/li>\n<li>Vancouver Latin American Film Festival.2023<\/li>\n<li>Ambulante gira de documentales.\u00a02023<\/li>\n<li>Festival Doqumenta,\u00a0Menci\u00f3n honorifica. 2023<\/li>\n<li>Festival de Cine de Manzanillo.2023<\/li>\n<li>Rodando Film Festival.\u00a02022<\/li>\n<li>Zanate Festival de cine documental mexicano (pel\u00edcula invitada).\u00a02022<\/li>\n<li>Festival Internacional de Cine de Morelia.2022<\/li>\n<li>Est\u00edmulo a la Creaci\u00f3n Audiovisual en M\u00e9xico y Centroam\u00e9rica para comunidades ind\u00edgenas y afrodescendientes.2019<\/li>\n<li>IMCINE,Fondo para la Producci\u00f3n Cinematogr\u00e1fica de Calidad\u00a0, CDMX, 2018<\/li>\n<li>Encuentro Regional para la Consolidaci\u00f3n Cinematogr\u00e1fica ERCC PTICH<strong>.\u00a0<\/strong>2017<\/li>\n<li>Programa de Apoyo a las Cultura Municipales y Comunitarias PACMyC.2017<\/li>\n<li>Encuentro Regional para la Consolidaci\u00f3n Cinematogr\u00e1fica ERCC Desarrollo<strong>.\u00a0<\/strong>2016<\/li>\n<li>Campamento Audiovisual Itinerante (Desarrollo de Proyectos).\u00a0CAI 2015, Oaxaca, M\u00e9xico<\/li>\n<li>\u00a0Programa de Est\u00edmulo a la Creaci\u00f3n y Desarrollo Art\u00edstico de Colima PECDA.\u00a02014<\/li>\n<\/ul>\n<figure class=\"gallery-item\"><a href=\"https:\/\/chuladafilms.com\/wp-content\/uploads\/2018\/07\/Still-9.jpg\" data-elementor-open-lightbox=\"yes\" data-elementor-lightbox-slideshow=\"c593a73\" data-elementor-lightbox-title=\"Still-9\" data-e-action-hash=\"#elementor-action%3Aaction%3Dlightbox%26settings%3DeyJpZCI6Mzc3LCJ1cmwiOiJodHRwczpcL1wvY2h1bGFkYWZpbG1zLmNvbVwvd3AtY29udGVudFwvdXBsb2Fkc1wvMjAxOFwvMDdcL1N0aWxsLTkuanBnIiwic2xpZGVzaG93IjoiYzU5M2E3MyJ9\"><img loading=\"lazy\" decoding=\"async\" src=\"https:\/\/chuladafilms.com\/wp-content\/uploads\/2018\/07\/Still-9.jpg\" sizes=\"auto, 100vw\" srcset=\"https:\/\/chuladafilms.com\/wp-content\/uploads\/2018\/07\/Still-9.jpg 818w, https:\/\/chuladafilms.com\/wp-content\/uploads\/2018\/07\/Still-9-300x168.jpg 300w, https:\/\/chuladafilms.com\/wp-content\/uploads\/2018\/07\/Still-9-768x431.jpg 768w, https:\/\/chuladafilms.com\/wp-content\/uploads\/2018\/07\/Still-9-230x129.jpg 230w, https:\/\/chuladafilms.com\/wp-content\/uploads\/2018\/07\/Still-9-350x196.jpg 350w, https:\/\/chuladafilms.com\/wp-content\/uploads\/2018\/07\/Still-9-480x269.jpg 480w\" alt=\"\" width=\"818\" height=\"459\" \/><\/a><\/figure>\n<figure class=\"gallery-item\"><a href=\"https:\/\/chuladafilms.com\/wp-content\/uploads\/2018\/07\/Still-8.jpg\" data-elementor-open-lightbox=\"yes\" data-elementor-lightbox-slideshow=\"c593a73\" data-elementor-lightbox-title=\"Still-8\" data-e-action-hash=\"#elementor-action%3Aaction%3Dlightbox%26settings%3DeyJpZCI6Mzc2LCJ1cmwiOiJodHRwczpcL1wvY2h1bGFkYWZpbG1zLmNvbVwvd3AtY29udGVudFwvdXBsb2Fkc1wvMjAxOFwvMDdcL1N0aWxsLTguanBnIiwic2xpZGVzaG93IjoiYzU5M2E3MyJ9\"><img loading=\"lazy\" decoding=\"async\" src=\"https:\/\/chuladafilms.com\/wp-content\/uploads\/2018\/07\/Still-8.jpg\" sizes=\"auto, 100vw\" srcset=\"https:\/\/chuladafilms.com\/wp-content\/uploads\/2018\/07\/Still-8.jpg 818w, https:\/\/chuladafilms.com\/wp-content\/uploads\/2018\/07\/Still-8-300x168.jpg 300w, https:\/\/chuladafilms.com\/wp-content\/uploads\/2018\/07\/Still-8-768x431.jpg 768w, https:\/\/chuladafilms.com\/wp-content\/uploads\/2018\/07\/Still-8-230x129.jpg 230w, https:\/\/chuladafilms.com\/wp-content\/uploads\/2018\/07\/Still-8-350x196.jpg 350w, https:\/\/chuladafilms.com\/wp-content\/uploads\/2018\/07\/Still-8-480x269.jpg 480w\" alt=\"\" width=\"818\" height=\"459\" \/><\/a><\/figure>\n<figure class=\"gallery-item\"><a href=\"https:\/\/chuladafilms.com\/wp-content\/uploads\/2018\/07\/Still7.jpg\" data-elementor-open-lightbox=\"yes\" data-elementor-lightbox-slideshow=\"c593a73\" data-elementor-lightbox-title=\"Still7\" data-e-action-hash=\"#elementor-action%3Aaction%3Dlightbox%26settings%3DeyJpZCI6Mzc0LCJ1cmwiOiJodHRwczpcL1wvY2h1bGFkYWZpbG1zLmNvbVwvd3AtY29udGVudFwvdXBsb2Fkc1wvMjAxOFwvMDdcL1N0aWxsNy5qcGciLCJzbGlkZXNob3ciOiJjNTkzYTczIn0%3D\"><img loading=\"lazy\" decoding=\"async\" src=\"https:\/\/chuladafilms.com\/wp-content\/uploads\/2018\/07\/Still7.jpg\" sizes=\"auto, 100vw\" srcset=\"https:\/\/chuladafilms.com\/wp-content\/uploads\/2018\/07\/Still7.jpg 818w, https:\/\/chuladafilms.com\/wp-content\/uploads\/2018\/07\/Still7-300x168.jpg 300w, https:\/\/chuladafilms.com\/wp-content\/uploads\/2018\/07\/Still7-768x431.jpg 768w, https:\/\/chuladafilms.com\/wp-content\/uploads\/2018\/07\/Still7-230x129.jpg 230w, https:\/\/chuladafilms.com\/wp-content\/uploads\/2018\/07\/Still7-350x196.jpg 350w, https:\/\/chuladafilms.com\/wp-content\/uploads\/2018\/07\/Still7-480x269.jpg 480w\" alt=\"\" width=\"818\" height=\"459\" \/><\/a><\/figure>\n<figure class=\"gallery-item\"><a href=\"https:\/\/chuladafilms.com\/wp-content\/uploads\/2018\/07\/Still6.jpg\" data-elementor-open-lightbox=\"yes\" data-elementor-lightbox-slideshow=\"c593a73\" data-elementor-lightbox-title=\"Still6\" data-e-action-hash=\"#elementor-action%3Aaction%3Dlightbox%26settings%3DeyJpZCI6MzczLCJ1cmwiOiJodHRwczpcL1wvY2h1bGFkYWZpbG1zLmNvbVwvd3AtY29udGVudFwvdXBsb2Fkc1wvMjAxOFwvMDdcL1N0aWxsNi5qcGciLCJzbGlkZXNob3ciOiJjNTkzYTczIn0%3D\"><img loading=\"lazy\" decoding=\"async\" src=\"https:\/\/chuladafilms.com\/wp-content\/uploads\/2018\/07\/Still6.jpg\" sizes=\"auto, 100vw\" srcset=\"https:\/\/chuladafilms.com\/wp-content\/uploads\/2018\/07\/Still6.jpg 818w, https:\/\/chuladafilms.com\/wp-content\/uploads\/2018\/07\/Still6-300x168.jpg 300w, https:\/\/chuladafilms.com\/wp-content\/uploads\/2018\/07\/Still6-768x431.jpg 768w, https:\/\/chuladafilms.com\/wp-content\/uploads\/2018\/07\/Still6-230x129.jpg 230w, https:\/\/chuladafilms.com\/wp-content\/uploads\/2018\/07\/Still6-350x196.jpg 350w, https:\/\/chuladafilms.com\/wp-content\/uploads\/2018\/07\/Still6-480x269.jpg 480w\" alt=\"\" width=\"818\" height=\"459\" \/><\/a><\/figure>\n<figure class=\"gallery-item\"><a href=\"https:\/\/chuladafilms.com\/wp-content\/uploads\/2018\/07\/Still5.jpg\" data-elementor-open-lightbox=\"yes\" data-elementor-lightbox-slideshow=\"c593a73\" data-elementor-lightbox-title=\"Still5\" data-e-action-hash=\"#elementor-action%3Aaction%3Dlightbox%26settings%3DeyJpZCI6MzcyLCJ1cmwiOiJodHRwczpcL1wvY2h1bGFkYWZpbG1zLmNvbVwvd3AtY29udGVudFwvdXBsb2Fkc1wvMjAxOFwvMDdcL1N0aWxsNS5qcGciLCJzbGlkZXNob3ciOiJjNTkzYTczIn0%3D\"><img loading=\"lazy\" decoding=\"async\" src=\"https:\/\/chuladafilms.com\/wp-content\/uploads\/2018\/07\/Still5.jpg\" sizes=\"auto, 100vw\" srcset=\"https:\/\/chuladafilms.com\/wp-content\/uploads\/2018\/07\/Still5.jpg 818w, https:\/\/chuladafilms.com\/wp-content\/uploads\/2018\/07\/Still5-300x168.jpg 300w, https:\/\/chuladafilms.com\/wp-content\/uploads\/2018\/07\/Still5-768x431.jpg 768w, https:\/\/chuladafilms.com\/wp-content\/uploads\/2018\/07\/Still5-230x129.jpg 230w, https:\/\/chuladafilms.com\/wp-content\/uploads\/2018\/07\/Still5-350x196.jpg 350w, https:\/\/chuladafilms.com\/wp-content\/uploads\/2018\/07\/Still5-480x269.jpg 480w\" alt=\"\" width=\"818\" height=\"459\" \/><\/a><\/figure>\n<figure class=\"gallery-item\"><a href=\"https:\/\/chuladafilms.com\/wp-content\/uploads\/2018\/07\/Still4.jpg\" data-elementor-open-lightbox=\"yes\" data-elementor-lightbox-slideshow=\"c593a73\" data-elementor-lightbox-title=\"Still4\" data-e-action-hash=\"#elementor-action%3Aaction%3Dlightbox%26settings%3DeyJpZCI6MzcxLCJ1cmwiOiJodHRwczpcL1wvY2h1bGFkYWZpbG1zLmNvbVwvd3AtY29udGVudFwvdXBsb2Fkc1wvMjAxOFwvMDdcL1N0aWxsNC5qcGciLCJzbGlkZXNob3ciOiJjNTkzYTczIn0%3D\"><img loading=\"lazy\" decoding=\"async\" src=\"https:\/\/chuladafilms.com\/wp-content\/uploads\/2018\/07\/Still4.jpg\" sizes=\"auto, 100vw\" srcset=\"https:\/\/chuladafilms.com\/wp-content\/uploads\/2018\/07\/Still4.jpg 818w, https:\/\/chuladafilms.com\/wp-content\/uploads\/2018\/07\/Still4-300x168.jpg 300w, https:\/\/chuladafilms.com\/wp-content\/uploads\/2018\/07\/Still4-768x431.jpg 768w, https:\/\/chuladafilms.com\/wp-content\/uploads\/2018\/07\/Still4-230x129.jpg 230w, https:\/\/chuladafilms.com\/wp-content\/uploads\/2018\/07\/Still4-350x196.jpg 350w, https:\/\/chuladafilms.com\/wp-content\/uploads\/2018\/07\/Still4-480x269.jpg 480w\" alt=\"\" width=\"818\" height=\"459\" \/><\/a><\/figure>\n<figure class=\"gallery-item\"><a href=\"https:\/\/chuladafilms.com\/wp-content\/uploads\/2018\/07\/Still3.jpg\" data-elementor-open-lightbox=\"yes\" data-elementor-lightbox-slideshow=\"c593a73\" data-elementor-lightbox-title=\"Still3\" data-e-action-hash=\"#elementor-action%3Aaction%3Dlightbox%26settings%3DeyJpZCI6MzcwLCJ1cmwiOiJodHRwczpcL1wvY2h1bGFkYWZpbG1zLmNvbVwvd3AtY29udGVudFwvdXBsb2Fkc1wvMjAxOFwvMDdcL1N0aWxsMy5qcGciLCJzbGlkZXNob3ciOiJjNTkzYTczIn0%3D\"><img loading=\"lazy\" decoding=\"async\" src=\"https:\/\/chuladafilms.com\/wp-content\/uploads\/2018\/07\/Still3.jpg\" sizes=\"auto, 100vw\" srcset=\"https:\/\/chuladafilms.com\/wp-content\/uploads\/2018\/07\/Still3.jpg 818w, https:\/\/chuladafilms.com\/wp-content\/uploads\/2018\/07\/Still3-300x168.jpg 300w, https:\/\/chuladafilms.com\/wp-content\/uploads\/2018\/07\/Still3-768x431.jpg 768w, https:\/\/chuladafilms.com\/wp-content\/uploads\/2018\/07\/Still3-230x129.jpg 230w, https:\/\/chuladafilms.com\/wp-content\/uploads\/2018\/07\/Still3-350x196.jpg 350w, https:\/\/chuladafilms.com\/wp-content\/uploads\/2018\/07\/Still3-480x269.jpg 480w\" alt=\"\" width=\"818\" height=\"459\" \/><\/a><\/figure>\n<figure class=\"gallery-item\"><a href=\"https:\/\/chuladafilms.com\/wp-content\/uploads\/2018\/07\/Still2.jpg\" data-elementor-open-lightbox=\"yes\" data-elementor-lightbox-slideshow=\"c593a73\" data-elementor-lightbox-title=\"Still2\" data-e-action-hash=\"#elementor-action%3Aaction%3Dlightbox%26settings%3DeyJpZCI6MzY5LCJ1cmwiOiJodHRwczpcL1wvY2h1bGFkYWZpbG1zLmNvbVwvd3AtY29udGVudFwvdXBsb2Fkc1wvMjAxOFwvMDdcL1N0aWxsMi5qcGciLCJzbGlkZXNob3ciOiJjNTkzYTczIn0%3D\"><img loading=\"lazy\" decoding=\"async\" src=\"https:\/\/chuladafilms.com\/wp-content\/uploads\/2018\/07\/Still2.jpg\" sizes=\"auto, 100vw\" srcset=\"https:\/\/chuladafilms.com\/wp-content\/uploads\/2018\/07\/Still2.jpg 818w, https:\/\/chuladafilms.com\/wp-content\/uploads\/2018\/07\/Still2-300x168.jpg 300w, https:\/\/chuladafilms.com\/wp-content\/uploads\/2018\/07\/Still2-768x431.jpg 768w, https:\/\/chuladafilms.com\/wp-content\/uploads\/2018\/07\/Still2-230x129.jpg 230w, https:\/\/chuladafilms.com\/wp-content\/uploads\/2018\/07\/Still2-350x196.jpg 350w, https:\/\/chuladafilms.com\/wp-content\/uploads\/2018\/07\/Still2-480x269.jpg 480w\" alt=\"\" width=\"818\" height=\"459\" \/><\/a><\/figure>\n<p><img loading=\"lazy\" decoding=\"async\" src=\"https:\/\/chuladafilms.com\/wp-content\/uploads\/2023\/06\/Minolugar_banner-2048x558.jpg\" sizes=\"auto, 100vw\" srcset=\"https:\/\/chuladafilms.com\/wp-content\/uploads\/2023\/06\/Minolugar_banner-2048x558.jpg 2048w, https:\/\/chuladafilms.com\/wp-content\/uploads\/2023\/06\/Minolugar_banner-300x82.jpg 300w, https:\/\/chuladafilms.com\/wp-content\/uploads\/2023\/06\/Minolugar_banner-1024x279.jpg 1024w, https:\/\/chuladafilms.com\/wp-content\/uploads\/2023\/06\/Minolugar_banner-768x209.jpg 768w, https:\/\/chuladafilms.com\/wp-content\/uploads\/2023\/06\/Minolugar_banner-1536x419.jpg 1536w, https:\/\/chuladafilms.com\/wp-content\/uploads\/2023\/06\/Minolugar_banner-1000x273.jpg 1000w, https:\/\/chuladafilms.com\/wp-content\/uploads\/2023\/06\/Minolugar_banner-230x63.jpg 230w, https:\/\/chuladafilms.com\/wp-content\/uploads\/2023\/06\/Minolugar_banner-350x95.jpg 350w, https:\/\/chuladafilms.com\/wp-content\/uploads\/2023\/06\/Minolugar_banner-480x131.jpg 480w, https:\/\/chuladafilms.com\/wp-content\/uploads\/2023\/06\/Minolugar_banner-scaled-2000x545.jpg 2000w\" alt=\"\" width=\"950\" height=\"259\" \/><\/p>\n","protected":false},"excerpt":{"rendered":"<p>\u00abLa idea parte emocionalmente de lo que significan nuestros lugares y de las historias que albergan m\u00e1s all\u00e1 de sus extensiones. Yo nac\u00ed y he vivido todo el tiempo en &hellip; <\/p>\n<p class=\"link-more\"><a href=\"https:\/\/chuladafilms.com\/?page_id=51\" class=\"more-link\">Leer m\u00e1s<span class=\"screen-reader-text\"> \u00abMi No Lugar\u00bb<\/span><\/a><\/p>\n","protected":false},"author":1,"featured_media":0,"parent":0,"menu_order":0,"comment_status":"closed","ping_status":"closed","template":"","meta":{"footnotes":""},"class_list":["post-51","page","type-page","status-publish","hentry"],"_links":{"self":[{"href":"https:\/\/chuladafilms.com\/index.php?rest_route=\/wp\/v2\/pages\/51","targetHints":{"allow":["GET"]}}],"collection":[{"href":"https:\/\/chuladafilms.com\/index.php?rest_route=\/wp\/v2\/pages"}],"about":[{"href":"https:\/\/chuladafilms.com\/index.php?rest_route=\/wp\/v2\/types\/page"}],"author":[{"embeddable":true,"href":"https:\/\/chuladafilms.com\/index.php?rest_route=\/wp\/v2\/users\/1"}],"replies":[{"embeddable":true,"href":"https:\/\/chuladafilms.com\/index.php?rest_route=%2Fwp%2Fv2%2Fcomments&post=51"}],"version-history":[{"count":152,"href":"https:\/\/chuladafilms.com\/index.php?rest_route=\/wp\/v2\/pages\/51\/revisions"}],"predecessor-version":[{"id":4621,"href":"https:\/\/chuladafilms.com\/index.php?rest_route=\/wp\/v2\/pages\/51\/revisions\/4621"}],"wp:attachment":[{"href":"https:\/\/chuladafilms.com\/index.php?rest_route=%2Fwp%2Fv2%2Fmedia&parent=51"}],"curies":[{"name":"wp","href":"https:\/\/api.w.org\/{rel}","templated":true}]}}