{"id":47,"date":"2018-06-29T07:51:28","date_gmt":"2018-06-29T07:51:28","guid":{"rendered":"http:\/\/chuladafilms.com\/?page_id=47"},"modified":"2025-10-30T21:03:34","modified_gmt":"2025-10-30T21:03:34","slug":"rafagas-serranas","status":"publish","type":"page","link":"https:\/\/chuladafilms.com\/?page_id=47","title":{"rendered":"R\u00e1fagas Serranas"},"content":{"rendered":"<h2>Proyecto en  etapa de Producci\u00f3n<\/h2>\n<p>En\u00a0<em>R\u00e1fagas Serranas<\/em>\u00a0vemos un mosaico de personajes. Para los ni\u00f1os el b\u00e1squetbol es diversi\u00f3n y su futura profesi\u00f3n, pero la infancia entre monta\u00f1as queda atr\u00e1s al crecer y migrar; cuando los adultos regresan sin d\u00f3lares en los bolsillos los torneos se convierten en una forma para subsistir; el juego es el pretexto para observar, para confrontarnos con el desarraigo, la pertenencia, el retorno, la realidad migratoria y nuestra identidad mexicana.<\/p>\n<p><strong>Gui\u00f3n y Direcci\u00f3n:<\/strong>&nbsp;Dalia Reyes.<br \/><strong>Asistente de Direcci\u00f3n:<\/strong> Jana Arcega.<br \/><strong>Casa Productora<\/strong>:&nbsp;Chulada Films.<br \/><strong>Productora<\/strong>: Dalia Reyes<br \/><strong>Productora Ejecutiva:<\/strong>&nbsp;Pamela Carlino.<br \/><strong>Postproductora:&nbsp;<\/strong>Cyntia Navarro.<br \/><b>Productora en l\u00ednea:<\/b>&nbsp;Blanca Mart\u00ednez Castillo.<br \/><b>Gerente de Producci\u00f3n:<\/b>&nbsp;Jana Arcega.<br \/><strong>Cinefotograf\u00eda:<\/strong> Claudia Becerril, Argel Ahumada, Miguel Zetina.<br \/><strong>C\u00e1mara&nbsp;B<\/strong>: Axel Pedraza, Miguel Zetina, Ra\u00fal Zendejas.<br \/><strong>Asistente de Fotograf\u00eda:<\/strong>&nbsp;Fabrizio Cadena.<br \/><b>Foto Fija:<\/b>&nbsp;Jorge Santiago.<br \/><strong>Edici\u00f3n:&nbsp;<\/strong>Juan Pablo San Esteban, Dalia Reyes.<\/p>\n<p>Asistente de Edici\u00f3n:\u00a0Ra\u00fal Zendejas.<strong><br \/>Dise\u00f1o Sonoro:<\/strong> Ma Luz Orozco.<br \/><strong>Sonido Directo:<\/strong> Yovegami Ascona, Ana Salgado, Jana Arcega,\u00a0Laura Miranda.<br \/><strong>Ventana de proyecci\u00f3n:<\/strong>\u00a016:9<br \/><strong>Sonido:<\/strong>\u00a0Dolby 5.1<br \/><b>Locaciones<\/b>: Santa Mar\u00eda Jaltianguis, Santa Martha Latuvi, Santa Mar\u00eda Yahuiche, Santa Mar\u00eda Yaves\u00eda, San Miguel Amatl\u00e1n, San Juan Evangelista Analco. Oaxaca, M\u00e9xico.<br \/><b>Formato<\/b>: HD, 2k<br \/><strong>Imagen<\/strong>: Color.<br \/><strong>A\u00f1o<\/strong>: WIP<br \/><strong>Duraci\u00f3n<\/strong>: 90 min.<\/p>\n<p>\t\t\t\t\t\t\t\t\t\t\t\t\t\t\t\t<a href=\"https:\/\/chuladafilms.com\/wp-content\/uploads\/2019\/08\/rafagas-portada-2.jpg\" data-elementor-open-lightbox=\"yes\" data-elementor-lightbox-title=\"R\u00e1fagas Serranas Portada\" data-e-action-hash=\"#elementor-action%3Aaction%3Dlightbox%26settings%3DeyJpZCI6ODQ1LCJ1cmwiOiJodHRwczpcL1wvY2h1bGFkYWZpbG1zLmNvbVwvd3AtY29udGVudFwvdXBsb2Fkc1wvMjAxOVwvMDhcL3JhZmFnYXMtcG9ydGFkYS0yLmpwZyJ9\"><br \/>\n\t\t\t\t\t\t\t<img loading=\"lazy\" decoding=\"async\" width=\"768\" height=\"1024\" src=\"https:\/\/chuladafilms.com\/wp-content\/uploads\/2019\/08\/rafagas-portada-2-768x1024.jpg\" alt=\"\" srcset=\"https:\/\/chuladafilms.com\/wp-content\/uploads\/2019\/08\/rafagas-portada-2-768x1024.jpg 768w, https:\/\/chuladafilms.com\/wp-content\/uploads\/2019\/08\/rafagas-portada-2-225x300.jpg 225w, https:\/\/chuladafilms.com\/wp-content\/uploads\/2019\/08\/rafagas-portada-2-830x1107.jpg 830w, https:\/\/chuladafilms.com\/wp-content\/uploads\/2019\/08\/rafagas-portada-2-230x307.jpg 230w, https:\/\/chuladafilms.com\/wp-content\/uploads\/2019\/08\/rafagas-portada-2-350x467.jpg 350w, https:\/\/chuladafilms.com\/wp-content\/uploads\/2019\/08\/rafagas-portada-2-480x640.jpg 480w, https:\/\/chuladafilms.com\/wp-content\/uploads\/2019\/08\/rafagas-portada-2-1152x1536.jpg 1152w, https:\/\/chuladafilms.com\/wp-content\/uploads\/2019\/08\/rafagas-portada-2-1536x2048.jpg 1536w, https:\/\/chuladafilms.com\/wp-content\/uploads\/2019\/08\/rafagas-portada-2-2000x2667.jpg 2000w\" sizes=\"auto, 100vw\" \/>\t\t\t\t\t\t\t\t<\/a><\/p>\n<p><strong>FESTIVALES Y PREMIOS<\/strong><\/p>\n<ul>\n<li><b>Eurodoc.<\/b> International Lab for Creative Documentary Production 2025<\/li>\n<li>Proyecto Beneficiado por el programa de\u00a0<strong>Fomento a Proyectos y Coinversiones Culturales<\/strong>\u00a02018<\/li>\n<li>\n<p>DocuLab 10,\u00a0<strong>Festival Internacional de Cine de Guadalajara edici\u00f3n 33<\/strong>. \u2013\u00a02018<\/p>\n<\/li>\n<\/ul>\n<p style=\"text-align: center;\">\u201cProyecto apoyado por el Fondo Nacional para la Cultura y las Artes\u201d<\/p>\n<p>\t\t\t\t\t\t\t\t\t\t\t\t\t\t\t<img loading=\"lazy\" decoding=\"async\" width=\"950\" height=\"157\" src=\"https:\/\/chuladafilms.com\/wp-content\/uploads\/2019\/05\/cultura_fonca_color-1024x169.jpg\" alt=\"\" srcset=\"https:\/\/chuladafilms.com\/wp-content\/uploads\/2019\/05\/cultura_fonca_color-1024x169.jpg 1024w, https:\/\/chuladafilms.com\/wp-content\/uploads\/2019\/05\/cultura_fonca_color-300x50.jpg 300w, https:\/\/chuladafilms.com\/wp-content\/uploads\/2019\/05\/cultura_fonca_color-768x127.jpg 768w, https:\/\/chuladafilms.com\/wp-content\/uploads\/2019\/05\/cultura_fonca_color-830x137.jpg 830w, https:\/\/chuladafilms.com\/wp-content\/uploads\/2019\/05\/cultura_fonca_color-230x38.jpg 230w, https:\/\/chuladafilms.com\/wp-content\/uploads\/2019\/05\/cultura_fonca_color-350x58.jpg 350w, https:\/\/chuladafilms.com\/wp-content\/uploads\/2019\/05\/cultura_fonca_color-480x79.jpg 480w, https:\/\/chuladafilms.com\/wp-content\/uploads\/2019\/05\/cultura_fonca_color-1536x254.jpg 1536w, https:\/\/chuladafilms.com\/wp-content\/uploads\/2019\/05\/cultura_fonca_color-2048x338.jpg 2048w, https:\/\/chuladafilms.com\/wp-content\/uploads\/2019\/05\/cultura_fonca_color-2000x330.jpg 2000w\" sizes=\"auto, 100vw\" \/>\t\t\t\t\t\t\t\t\t\t\t\t\t\t\t<\/p>\n<figure class='gallery-item'>\n\t\t\t\t<a data-elementor-open-lightbox=\"yes\" data-elementor-lightbox-slideshow=\"c468f71\" data-elementor-lightbox-title=\"2\" data-e-action-hash=\"#elementor-action%3Aaction%3Dlightbox%26settings%3DeyJpZCI6Njg0LCJ1cmwiOiJodHRwczpcL1wvY2h1bGFkYWZpbG1zLmNvbVwvd3AtY29udGVudFwvdXBsb2Fkc1wvMjAxOFwvMDhcLzIuanBnIiwic2xpZGVzaG93IjoiYzQ2OGY3MSJ9\" href='https:\/\/chuladafilms.com\/wp-content\/uploads\/2018\/08\/2.jpg'><img loading=\"lazy\" width=\"950\" height=\"535\" src=\"https:\/\/chuladafilms.com\/wp-content\/uploads\/2018\/08\/2.jpg\" alt=\"\" decoding=\"async\" srcset=\"https:\/\/chuladafilms.com\/wp-content\/uploads\/2018\/08\/2.jpg 1000w, https:\/\/chuladafilms.com\/wp-content\/uploads\/2018\/08\/2-300x169.jpg 300w, https:\/\/chuladafilms.com\/wp-content\/uploads\/2018\/08\/2-768x432.jpg 768w, https:\/\/chuladafilms.com\/wp-content\/uploads\/2018\/08\/2-830x467.jpg 830w, https:\/\/chuladafilms.com\/wp-content\/uploads\/2018\/08\/2-230x129.jpg 230w, https:\/\/chuladafilms.com\/wp-content\/uploads\/2018\/08\/2-350x197.jpg 350w, https:\/\/chuladafilms.com\/wp-content\/uploads\/2018\/08\/2-480x270.jpg 480w\" sizes=\"auto, 100vw\" \/><\/a><br \/>\n\t\t\t<\/figure>\n<figure class='gallery-item'>\n\t\t\t\t<a data-elementor-open-lightbox=\"yes\" data-elementor-lightbox-slideshow=\"c468f71\" data-elementor-lightbox-title=\"3\" data-e-action-hash=\"#elementor-action%3Aaction%3Dlightbox%26settings%3DeyJpZCI6Njg1LCJ1cmwiOiJodHRwczpcL1wvY2h1bGFkYWZpbG1zLmNvbVwvd3AtY29udGVudFwvdXBsb2Fkc1wvMjAxOFwvMDhcLzMuanBnIiwic2xpZGVzaG93IjoiYzQ2OGY3MSJ9\" href='https:\/\/chuladafilms.com\/wp-content\/uploads\/2018\/08\/3.jpg'><img loading=\"lazy\" width=\"950\" height=\"535\" src=\"https:\/\/chuladafilms.com\/wp-content\/uploads\/2018\/08\/3.jpg\" alt=\"\" decoding=\"async\" srcset=\"https:\/\/chuladafilms.com\/wp-content\/uploads\/2018\/08\/3.jpg 1000w, https:\/\/chuladafilms.com\/wp-content\/uploads\/2018\/08\/3-300x169.jpg 300w, https:\/\/chuladafilms.com\/wp-content\/uploads\/2018\/08\/3-768x432.jpg 768w, https:\/\/chuladafilms.com\/wp-content\/uploads\/2018\/08\/3-830x467.jpg 830w, https:\/\/chuladafilms.com\/wp-content\/uploads\/2018\/08\/3-230x129.jpg 230w, https:\/\/chuladafilms.com\/wp-content\/uploads\/2018\/08\/3-350x197.jpg 350w, https:\/\/chuladafilms.com\/wp-content\/uploads\/2018\/08\/3-480x270.jpg 480w\" sizes=\"auto, 100vw\" \/><\/a><br \/>\n\t\t\t<\/figure>\n<figure class='gallery-item'>\n\t\t\t\t<a data-elementor-open-lightbox=\"yes\" data-elementor-lightbox-slideshow=\"c468f71\" data-elementor-lightbox-title=\"4\" data-e-action-hash=\"#elementor-action%3Aaction%3Dlightbox%26settings%3DeyJpZCI6Njg2LCJ1cmwiOiJodHRwczpcL1wvY2h1bGFkYWZpbG1zLmNvbVwvd3AtY29udGVudFwvdXBsb2Fkc1wvMjAxOFwvMDhcLzQuanBnIiwic2xpZGVzaG93IjoiYzQ2OGY3MSJ9\" href='https:\/\/chuladafilms.com\/wp-content\/uploads\/2018\/08\/4.jpg'><img loading=\"lazy\" width=\"950\" height=\"535\" src=\"https:\/\/chuladafilms.com\/wp-content\/uploads\/2018\/08\/4.jpg\" alt=\"\" decoding=\"async\" srcset=\"https:\/\/chuladafilms.com\/wp-content\/uploads\/2018\/08\/4.jpg 1000w, https:\/\/chuladafilms.com\/wp-content\/uploads\/2018\/08\/4-300x169.jpg 300w, https:\/\/chuladafilms.com\/wp-content\/uploads\/2018\/08\/4-768x432.jpg 768w, https:\/\/chuladafilms.com\/wp-content\/uploads\/2018\/08\/4-830x467.jpg 830w, https:\/\/chuladafilms.com\/wp-content\/uploads\/2018\/08\/4-230x129.jpg 230w, https:\/\/chuladafilms.com\/wp-content\/uploads\/2018\/08\/4-350x197.jpg 350w, https:\/\/chuladafilms.com\/wp-content\/uploads\/2018\/08\/4-480x270.jpg 480w\" sizes=\"auto, 100vw\" \/><\/a><br \/>\n\t\t\t<\/figure>\n<figure class='gallery-item'>\n\t\t\t\t<a data-elementor-open-lightbox=\"yes\" data-elementor-lightbox-slideshow=\"c468f71\" data-elementor-lightbox-title=\"5\" data-e-action-hash=\"#elementor-action%3Aaction%3Dlightbox%26settings%3DeyJpZCI6Njg3LCJ1cmwiOiJodHRwczpcL1wvY2h1bGFkYWZpbG1zLmNvbVwvd3AtY29udGVudFwvdXBsb2Fkc1wvMjAxOFwvMDhcLzUuanBnIiwic2xpZGVzaG93IjoiYzQ2OGY3MSJ9\" href='https:\/\/chuladafilms.com\/wp-content\/uploads\/2018\/08\/5.jpg'><img loading=\"lazy\" width=\"950\" height=\"535\" src=\"https:\/\/chuladafilms.com\/wp-content\/uploads\/2018\/08\/5.jpg\" alt=\"\" decoding=\"async\" srcset=\"https:\/\/chuladafilms.com\/wp-content\/uploads\/2018\/08\/5.jpg 1000w, https:\/\/chuladafilms.com\/wp-content\/uploads\/2018\/08\/5-300x169.jpg 300w, https:\/\/chuladafilms.com\/wp-content\/uploads\/2018\/08\/5-768x432.jpg 768w, https:\/\/chuladafilms.com\/wp-content\/uploads\/2018\/08\/5-830x467.jpg 830w, https:\/\/chuladafilms.com\/wp-content\/uploads\/2018\/08\/5-230x129.jpg 230w, https:\/\/chuladafilms.com\/wp-content\/uploads\/2018\/08\/5-350x197.jpg 350w, https:\/\/chuladafilms.com\/wp-content\/uploads\/2018\/08\/5-480x270.jpg 480w\" sizes=\"auto, 100vw\" \/><\/a><br \/>\n\t\t\t<\/figure>\n<figure class='gallery-item'>\n\t\t\t\t<a data-elementor-open-lightbox=\"yes\" data-elementor-lightbox-slideshow=\"c468f71\" data-elementor-lightbox-title=\"6\" data-e-action-hash=\"#elementor-action%3Aaction%3Dlightbox%26settings%3DeyJpZCI6Njg4LCJ1cmwiOiJodHRwczpcL1wvY2h1bGFkYWZpbG1zLmNvbVwvd3AtY29udGVudFwvdXBsb2Fkc1wvMjAxOFwvMDhcLzYuanBnIiwic2xpZGVzaG93IjoiYzQ2OGY3MSJ9\" href='https:\/\/chuladafilms.com\/wp-content\/uploads\/2018\/08\/6.jpg'><img loading=\"lazy\" width=\"950\" height=\"535\" src=\"https:\/\/chuladafilms.com\/wp-content\/uploads\/2018\/08\/6.jpg\" alt=\"\" decoding=\"async\" srcset=\"https:\/\/chuladafilms.com\/wp-content\/uploads\/2018\/08\/6.jpg 1000w, https:\/\/chuladafilms.com\/wp-content\/uploads\/2018\/08\/6-300x169.jpg 300w, https:\/\/chuladafilms.com\/wp-content\/uploads\/2018\/08\/6-768x432.jpg 768w, https:\/\/chuladafilms.com\/wp-content\/uploads\/2018\/08\/6-830x467.jpg 830w, https:\/\/chuladafilms.com\/wp-content\/uploads\/2018\/08\/6-230x129.jpg 230w, https:\/\/chuladafilms.com\/wp-content\/uploads\/2018\/08\/6-350x197.jpg 350w, https:\/\/chuladafilms.com\/wp-content\/uploads\/2018\/08\/6-480x270.jpg 480w\" sizes=\"auto, 100vw\" \/><\/a><br \/>\n\t\t\t<\/figure>\n<figure class='gallery-item'>\n\t\t\t\t<a data-elementor-open-lightbox=\"yes\" data-elementor-lightbox-slideshow=\"c468f71\" data-elementor-lightbox-title=\"7\" data-e-action-hash=\"#elementor-action%3Aaction%3Dlightbox%26settings%3DeyJpZCI6Njg5LCJ1cmwiOiJodHRwczpcL1wvY2h1bGFkYWZpbG1zLmNvbVwvd3AtY29udGVudFwvdXBsb2Fkc1wvMjAxOFwvMDhcLzcuanBnIiwic2xpZGVzaG93IjoiYzQ2OGY3MSJ9\" href='https:\/\/chuladafilms.com\/wp-content\/uploads\/2018\/08\/7.jpg'><img loading=\"lazy\" width=\"950\" height=\"535\" src=\"https:\/\/chuladafilms.com\/wp-content\/uploads\/2018\/08\/7.jpg\" alt=\"\" decoding=\"async\" srcset=\"https:\/\/chuladafilms.com\/wp-content\/uploads\/2018\/08\/7.jpg 1000w, https:\/\/chuladafilms.com\/wp-content\/uploads\/2018\/08\/7-300x169.jpg 300w, https:\/\/chuladafilms.com\/wp-content\/uploads\/2018\/08\/7-768x432.jpg 768w, https:\/\/chuladafilms.com\/wp-content\/uploads\/2018\/08\/7-830x467.jpg 830w, https:\/\/chuladafilms.com\/wp-content\/uploads\/2018\/08\/7-230x129.jpg 230w, https:\/\/chuladafilms.com\/wp-content\/uploads\/2018\/08\/7-350x197.jpg 350w, https:\/\/chuladafilms.com\/wp-content\/uploads\/2018\/08\/7-480x270.jpg 480w\" sizes=\"auto, 100vw\" \/><\/a><br \/>\n\t\t\t<\/figure>\n<figure class='gallery-item'>\n\t\t\t\t<a data-elementor-open-lightbox=\"yes\" data-elementor-lightbox-slideshow=\"c468f71\" data-elementor-lightbox-title=\"8\" data-e-action-hash=\"#elementor-action%3Aaction%3Dlightbox%26settings%3DeyJpZCI6NjkwLCJ1cmwiOiJodHRwczpcL1wvY2h1bGFkYWZpbG1zLmNvbVwvd3AtY29udGVudFwvdXBsb2Fkc1wvMjAxOFwvMDhcLzguanBnIiwic2xpZGVzaG93IjoiYzQ2OGY3MSJ9\" href='https:\/\/chuladafilms.com\/wp-content\/uploads\/2018\/08\/8.jpg'><img loading=\"lazy\" width=\"950\" height=\"535\" src=\"https:\/\/chuladafilms.com\/wp-content\/uploads\/2018\/08\/8.jpg\" alt=\"\" decoding=\"async\" srcset=\"https:\/\/chuladafilms.com\/wp-content\/uploads\/2018\/08\/8.jpg 1000w, https:\/\/chuladafilms.com\/wp-content\/uploads\/2018\/08\/8-300x169.jpg 300w, https:\/\/chuladafilms.com\/wp-content\/uploads\/2018\/08\/8-768x432.jpg 768w, https:\/\/chuladafilms.com\/wp-content\/uploads\/2018\/08\/8-830x467.jpg 830w, https:\/\/chuladafilms.com\/wp-content\/uploads\/2018\/08\/8-230x129.jpg 230w, https:\/\/chuladafilms.com\/wp-content\/uploads\/2018\/08\/8-350x197.jpg 350w, https:\/\/chuladafilms.com\/wp-content\/uploads\/2018\/08\/8-480x270.jpg 480w\" sizes=\"auto, 100vw\" \/><\/a><br \/>\n\t\t\t<\/figure>\n<figure class='gallery-item'>\n\t\t\t\t<a data-elementor-open-lightbox=\"yes\" data-elementor-lightbox-slideshow=\"c468f71\" data-elementor-lightbox-title=\"latuvi_Cancha-de-adobe_10003673_01-1-(1)\" data-e-action-hash=\"#elementor-action%3Aaction%3Dlightbox%26settings%3DeyJpZCI6NjkxLCJ1cmwiOiJodHRwczpcL1wvY2h1bGFkYWZpbG1zLmNvbVwvd3AtY29udGVudFwvdXBsb2Fkc1wvMjAxOFwvMDhcL2xhdHV2aV9DYW5jaGEtZGUtYWRvYmVfMTAwMDM2NzNfMDEtMS0xLmpwZyIsInNsaWRlc2hvdyI6ImM0NjhmNzEifQ%3D%3D\" href='https:\/\/chuladafilms.com\/wp-content\/uploads\/2018\/08\/latuvi_Cancha-de-adobe_10003673_01-1-1.jpg'><img loading=\"lazy\" width=\"950\" height=\"535\" src=\"https:\/\/chuladafilms.com\/wp-content\/uploads\/2018\/08\/latuvi_Cancha-de-adobe_10003673_01-1-1.jpg\" alt=\"\" decoding=\"async\" srcset=\"https:\/\/chuladafilms.com\/wp-content\/uploads\/2018\/08\/latuvi_Cancha-de-adobe_10003673_01-1-1.jpg 1000w, https:\/\/chuladafilms.com\/wp-content\/uploads\/2018\/08\/latuvi_Cancha-de-adobe_10003673_01-1-1-300x169.jpg 300w, https:\/\/chuladafilms.com\/wp-content\/uploads\/2018\/08\/latuvi_Cancha-de-adobe_10003673_01-1-1-768x432.jpg 768w, https:\/\/chuladafilms.com\/wp-content\/uploads\/2018\/08\/latuvi_Cancha-de-adobe_10003673_01-1-1-830x467.jpg 830w, https:\/\/chuladafilms.com\/wp-content\/uploads\/2018\/08\/latuvi_Cancha-de-adobe_10003673_01-1-1-230x129.jpg 230w, https:\/\/chuladafilms.com\/wp-content\/uploads\/2018\/08\/latuvi_Cancha-de-adobe_10003673_01-1-1-350x197.jpg 350w, https:\/\/chuladafilms.com\/wp-content\/uploads\/2018\/08\/latuvi_Cancha-de-adobe_10003673_01-1-1-480x270.jpg 480w\" sizes=\"auto, 100vw\" \/><\/a><br \/>\n\t\t\t<\/figure>\n<p>\t\t\t\t\t\t\t\t\t\t\t\t\t\t\t<img loading=\"lazy\" decoding=\"async\" width=\"950\" height=\"253\" src=\"https:\/\/chuladafilms.com\/wp-content\/uploads\/2019\/08\/BANER-RAFAGAS-1024x273.jpg\" alt=\"\" srcset=\"https:\/\/chuladafilms.com\/wp-content\/uploads\/2019\/08\/BANER-RAFAGAS.jpg 1024w, https:\/\/chuladafilms.com\/wp-content\/uploads\/2019\/08\/BANER-RAFAGAS-300x80.jpg 300w, https:\/\/chuladafilms.com\/wp-content\/uploads\/2019\/08\/BANER-RAFAGAS-768x205.jpg 768w, https:\/\/chuladafilms.com\/wp-content\/uploads\/2019\/08\/BANER-RAFAGAS-830x221.jpg 830w, https:\/\/chuladafilms.com\/wp-content\/uploads\/2019\/08\/BANER-RAFAGAS-230x61.jpg 230w, https:\/\/chuladafilms.com\/wp-content\/uploads\/2019\/08\/BANER-RAFAGAS-350x93.jpg 350w, https:\/\/chuladafilms.com\/wp-content\/uploads\/2019\/08\/BANER-RAFAGAS-480x128.jpg 480w\" sizes=\"auto, 100vw\" \/><\/p>\n","protected":false},"excerpt":{"rendered":"<p>Proyecto en etapa de Producci\u00f3n En\u00a0R\u00e1fagas Serranas\u00a0vemos un mosaico de personajes. Para los ni\u00f1os el b\u00e1squetbol es diversi\u00f3n y su futura profesi\u00f3n, pero la infancia entre monta\u00f1as queda atr\u00e1s al &hellip; <\/p>\n<p class=\"link-more\"><a href=\"https:\/\/chuladafilms.com\/?page_id=47\" class=\"more-link\">Leer m\u00e1s<span class=\"screen-reader-text\"> \u00abR\u00e1fagas Serranas\u00bb<\/span><\/a><\/p>\n","protected":false},"author":1,"featured_media":0,"parent":0,"menu_order":0,"comment_status":"closed","ping_status":"closed","template":"","meta":{"footnotes":""},"class_list":["post-47","page","type-page","status-publish","hentry"],"_links":{"self":[{"href":"https:\/\/chuladafilms.com\/index.php?rest_route=\/wp\/v2\/pages\/47","targetHints":{"allow":["GET"]}}],"collection":[{"href":"https:\/\/chuladafilms.com\/index.php?rest_route=\/wp\/v2\/pages"}],"about":[{"href":"https:\/\/chuladafilms.com\/index.php?rest_route=\/wp\/v2\/types\/page"}],"author":[{"embeddable":true,"href":"https:\/\/chuladafilms.com\/index.php?rest_route=\/wp\/v2\/users\/1"}],"replies":[{"embeddable":true,"href":"https:\/\/chuladafilms.com\/index.php?rest_route=%2Fwp%2Fv2%2Fcomments&post=47"}],"version-history":[{"count":157,"href":"https:\/\/chuladafilms.com\/index.php?rest_route=\/wp\/v2\/pages\/47\/revisions"}],"predecessor-version":[{"id":4609,"href":"https:\/\/chuladafilms.com\/index.php?rest_route=\/wp\/v2\/pages\/47\/revisions\/4609"}],"wp:attachment":[{"href":"https:\/\/chuladafilms.com\/index.php?rest_route=%2Fwp%2Fv2%2Fmedia&parent=47"}],"curies":[{"name":"wp","href":"https:\/\/api.w.org\/{rel}","templated":true}]}}