{"id":467,"date":"2018-07-09T17:03:29","date_gmt":"2018-07-09T17:03:29","guid":{"rendered":"http:\/\/chuladafilms.com\/?page_id=467"},"modified":"2025-08-28T22:59:18","modified_gmt":"2025-08-28T22:59:18","slug":"claudia-becerril","status":"publish","type":"page","link":"https:\/\/chuladafilms.com\/?page_id=467","title":{"rendered":"Claudia Becerril"},"content":{"rendered":"<p><img loading=\"lazy\" decoding=\"async\" width=\"338\" height=\"341\" src=\"https:\/\/chuladafilms.com\/wp-content\/uploads\/2018\/07\/CLAUDIA.jpg\" alt=\"\" srcset=\"https:\/\/chuladafilms.com\/wp-content\/uploads\/2018\/07\/CLAUDIA.jpg 338w, https:\/\/chuladafilms.com\/wp-content\/uploads\/2018\/07\/CLAUDIA-150x150.jpg 150w, https:\/\/chuladafilms.com\/wp-content\/uploads\/2018\/07\/CLAUDIA-297x300.jpg 297w, https:\/\/chuladafilms.com\/wp-content\/uploads\/2018\/07\/CLAUDIA-230x232.jpg 230w\" sizes=\"auto, 100vw\" \/>\t\t\t\t\t\t\t\t\t\t\t\t\t\t\t<\/p>\n<h2>Claudia Becerril Bulos<\/h2>\n<p style=\"margin: 0cm 0cm 0.0001pt; vertical-align: baseline; text-align: justify;\">Tras concluir la carrera de Ciencias de la Comunicaci\u00f3n en la <strong>Facultad de Ciencias Pol\u00ed- ticas y Sociales<\/strong> de la <strong>UNAM<\/strong>, realiza sus estudios cinematogr\u00e1ficos en el <strong>Centro de Capacitaci\u00f3n Cinematogr\u00e1fica<\/strong>, especializ\u00e1ndose en Cinefotograf\u00eda.<\/p>\n<p style=\"margin: 0cm 0cm 0.0001pt; vertical-align: baseline; text-align: justify;\">Entre sus trabajos resaltan el documental <em><strong>Ba\u00f1o de vida<\/strong><\/em> (2016) primer largometraje documental de Dalia Reyes, que se exhibi\u00f3 en m\u00e1s de veinte festivales nacionales e internacionales y result\u00f3 ganador del <strong>Premio Pantalla de Cristal<\/strong> a <strong>Mejor Fotograf\u00eda<\/strong>.<\/p>\n<p style=\"margin: 0cm 0cm 0.0001pt; vertical-align: baseline; text-align: justify;\">Dentro de sus largometrajes de ficci\u00f3n encontramos;<em><strong> El silencio es bienvenido<\/strong><\/em> (2017) de Gabriela Garc\u00eda Rivas; <em><strong>Sin se\u00f1as particulares<\/strong><\/em> (2020) de Fernanda Valadez, el cual fue parte de la <strong>Selecci\u00f3n Oficial<\/strong> del <strong>Festival de Sundance<\/strong> 2020 y gan\u00f3 el premio a<strong> Mejor Fotograf\u00eda<\/strong> en el <strong>Festival de Cine de Lima<\/strong> 2020; <em><strong>La frontera invisible<\/strong><\/em> (2022) de Mariana Flores Villalba y <em><strong>El Norte Sobre el Vac\u00edo<\/strong> <\/em>(2022) de Alejandra M\u00e1rquez Abella.<\/p>\n<p style=\"margin: 0cm 0cm 0.0001pt; vertical-align: baseline; text-align: justify;\">Ha sido nominada en dos ocasiones al <strong>Ariel<\/strong> por <strong>Mejor fotograf\u00eda<\/strong>, en 2021 por <em><strong>Sin se\u00f1as particulares<\/strong><\/em> y en 2023 por <em><strong>El Norte Sobre el Vac\u00edo<\/strong><\/em>, resultando ganadora en su primera nominaci\u00f3n.<\/p>\n<p style=\"margin: 0cm 0cm 0.0001pt; vertical-align: baseline; text-align: justify;\">Actualmente forma parte de la <strong>Sociedad Mexicana de Autores de Fotograf\u00eda Cinemato- gr\u00e1fica (AMC)<\/strong>.\u00a0<\/p>\n<p>\t\t\t\t\t<a href=\"https:\/\/www.instagram.com\/clots\/\" target=\"_blank\"><br \/>\n\t\t\t\t\t\tInstagram<br \/>\n\t\t\t\t\t\t\t\t\t\t\t<\/a><\/p>\n","protected":false},"excerpt":{"rendered":"<p>Claudia Becerril Bulos Tras concluir la carrera de Ciencias de la Comunicaci\u00f3n en la Facultad de Ciencias Pol\u00ed- ticas y Sociales de la UNAM, realiza sus estudios cinematogr\u00e1ficos en el &hellip; <\/p>\n<p class=\"link-more\"><a href=\"https:\/\/chuladafilms.com\/?page_id=467\" class=\"more-link\">Leer m\u00e1s<span class=\"screen-reader-text\"> \u00abClaudia Becerril\u00bb<\/span><\/a><\/p>\n","protected":false},"author":1,"featured_media":0,"parent":0,"menu_order":0,"comment_status":"closed","ping_status":"closed","template":"","meta":{"footnotes":""},"class_list":["post-467","page","type-page","status-publish","hentry"],"_links":{"self":[{"href":"https:\/\/chuladafilms.com\/index.php?rest_route=\/wp\/v2\/pages\/467","targetHints":{"allow":["GET"]}}],"collection":[{"href":"https:\/\/chuladafilms.com\/index.php?rest_route=\/wp\/v2\/pages"}],"about":[{"href":"https:\/\/chuladafilms.com\/index.php?rest_route=\/wp\/v2\/types\/page"}],"author":[{"embeddable":true,"href":"https:\/\/chuladafilms.com\/index.php?rest_route=\/wp\/v2\/users\/1"}],"replies":[{"embeddable":true,"href":"https:\/\/chuladafilms.com\/index.php?rest_route=%2Fwp%2Fv2%2Fcomments&post=467"}],"version-history":[{"count":28,"href":"https:\/\/chuladafilms.com\/index.php?rest_route=\/wp\/v2\/pages\/467\/revisions"}],"predecessor-version":[{"id":4301,"href":"https:\/\/chuladafilms.com\/index.php?rest_route=\/wp\/v2\/pages\/467\/revisions\/4301"}],"wp:attachment":[{"href":"https:\/\/chuladafilms.com\/index.php?rest_route=%2Fwp%2Fv2%2Fmedia&parent=467"}],"curies":[{"name":"wp","href":"https:\/\/api.w.org\/{rel}","templated":true}]}}