{"id":4508,"date":"2025-09-18T22:32:12","date_gmt":"2025-09-18T22:32:12","guid":{"rendered":"https:\/\/chuladafilms.com\/?page_id=4508"},"modified":"2025-09-22T06:43:54","modified_gmt":"2025-09-22T06:43:54","slug":"casa-isla","status":"publish","type":"page","link":"https:\/\/chuladafilms.com\/?page_id=4508","title":{"rendered":"CASA ISLA"},"content":{"rendered":"<h2>Proyecto en desarrollo<\/h2>\n<p style=\"text-align: justify;\">Ra\u00fal despierta antes del amanecer con la alarma de un viejo radio. En Manzanillo, cuando todav\u00eda no ha salido el sol, el sonido mec\u00e1nico de ese aparato antiguo marca el inicio de otro d\u00eda igual a los anteriores. Sale a la calle con una l\u00e1mpara recargable en la mano. Camina con lentitud por las calles oscuras, pobladas por baches, postes sin luz y murmullos apagados. Se une a una fila de ancianos afuera del banco. Esperan con paciencia lo incierto: la electricidad, el dinero, la estabilidad, algo que les permita creer que no se repetir\u00e1 lo mismo de siempre. Pero nada llega. Ra\u00fal no habla mucho. Casi no se queja. Habita el silencio como una forma de resistencia, como un modo de no dar su brazo a torcer.<\/p>\n<p><strong>Directora:<\/strong> Ileana Sarduy Prohenza<br \/><strong>Productora:<\/strong> Dalia Reyes<br \/><strong>Pa\u00eds:<\/strong> Cuba<br \/><b>Cinefotograf\u00eda: <\/b>Claudia Becerril<br \/><strong>Casa productora:<\/strong> Chulada Cine<\/p>\n<p><strong>FESTIVALES Y PREMIOS<\/strong><\/p>\n<ul>\n<li>Ibermedia Taller De Proyectos Cinematogr\u00e1ficos De Centroam\u00e9rica y Caribe<\/li>\n<\/ul>\n<figure class='gallery-item'>\n\t\t\t\t<a data-elementor-open-lightbox=\"yes\" data-elementor-lightbox-slideshow=\"8852527\" data-elementor-lightbox-title=\"Casa Isla_Still_01_editado\" data-e-action-hash=\"#elementor-action%3Aaction%3Dlightbox%26settings%3DeyJpZCI6NDUxNSwidXJsIjoiaHR0cHM6XC9cL2NodWxhZGFmaWxtcy5jb21cL3dwLWNvbnRlbnRcL3VwbG9hZHNcLzIwMjVcLzA5XC9DYXNhLUlzbGFfU3RpbGxfMDFfZWRpdGFkby5wbmciLCJzbGlkZXNob3ciOiI4ODUyNTI3In0%3D\" href='https:\/\/chuladafilms.com\/wp-content\/uploads\/2025\/09\/Casa-Isla_Still_01_editado.png'><img loading=\"lazy\" width=\"950\" height=\"534\" src=\"https:\/\/chuladafilms.com\/wp-content\/uploads\/2025\/09\/Casa-Isla_Still_01_editado.png\" alt=\"\" decoding=\"async\" srcset=\"https:\/\/chuladafilms.com\/wp-content\/uploads\/2025\/09\/Casa-Isla_Still_01_editado.png 960w, https:\/\/chuladafilms.com\/wp-content\/uploads\/2025\/09\/Casa-Isla_Still_01_editado-300x169.png 300w\" sizes=\"auto, 100vw\" \/><\/a><br \/>\n\t\t\t<\/figure>\n<figure class='gallery-item'>\n\t\t\t\t<a data-elementor-open-lightbox=\"yes\" data-elementor-lightbox-slideshow=\"8852527\" data-elementor-lightbox-title=\"Casa Isla_Still_02_editado\" data-e-action-hash=\"#elementor-action%3Aaction%3Dlightbox%26settings%3DeyJpZCI6NDUxNiwidXJsIjoiaHR0cHM6XC9cL2NodWxhZGFmaWxtcy5jb21cL3dwLWNvbnRlbnRcL3VwbG9hZHNcLzIwMjVcLzA5XC9DYXNhLUlzbGFfU3RpbGxfMDJfZWRpdGFkby5wbmciLCJzbGlkZXNob3ciOiI4ODUyNTI3In0%3D\" href='https:\/\/chuladafilms.com\/wp-content\/uploads\/2025\/09\/Casa-Isla_Still_02_editado.png'><img loading=\"lazy\" width=\"950\" height=\"534\" src=\"https:\/\/chuladafilms.com\/wp-content\/uploads\/2025\/09\/Casa-Isla_Still_02_editado.png\" alt=\"\" decoding=\"async\" srcset=\"https:\/\/chuladafilms.com\/wp-content\/uploads\/2025\/09\/Casa-Isla_Still_02_editado.png 960w, https:\/\/chuladafilms.com\/wp-content\/uploads\/2025\/09\/Casa-Isla_Still_02_editado-300x169.png 300w\" sizes=\"auto, 100vw\" \/><\/a><br \/>\n\t\t\t<\/figure>\n<figure class='gallery-item'>\n\t\t\t\t<a data-elementor-open-lightbox=\"yes\" data-elementor-lightbox-slideshow=\"8852527\" data-elementor-lightbox-title=\"Casa Isla_Still_03_editado\" data-e-action-hash=\"#elementor-action%3Aaction%3Dlightbox%26settings%3DeyJpZCI6NDUxNywidXJsIjoiaHR0cHM6XC9cL2NodWxhZGFmaWxtcy5jb21cL3dwLWNvbnRlbnRcL3VwbG9hZHNcLzIwMjVcLzA5XC9DYXNhLUlzbGFfU3RpbGxfMDNfZWRpdGFkby5wbmciLCJzbGlkZXNob3ciOiI4ODUyNTI3In0%3D\" href='https:\/\/chuladafilms.com\/wp-content\/uploads\/2025\/09\/Casa-Isla_Still_03_editado.png'><img loading=\"lazy\" width=\"950\" height=\"534\" src=\"https:\/\/chuladafilms.com\/wp-content\/uploads\/2025\/09\/Casa-Isla_Still_03_editado.png\" alt=\"\" decoding=\"async\" srcset=\"https:\/\/chuladafilms.com\/wp-content\/uploads\/2025\/09\/Casa-Isla_Still_03_editado.png 960w, https:\/\/chuladafilms.com\/wp-content\/uploads\/2025\/09\/Casa-Isla_Still_03_editado-300x169.png 300w\" sizes=\"auto, 100vw\" \/><\/a><br \/>\n\t\t\t<\/figure>\n<figure class='gallery-item'>\n\t\t\t\t<a data-elementor-open-lightbox=\"yes\" data-elementor-lightbox-slideshow=\"8852527\" data-elementor-lightbox-title=\"Casa Isla_Still_04_editado\" data-e-action-hash=\"#elementor-action%3Aaction%3Dlightbox%26settings%3DeyJpZCI6NDUxOCwidXJsIjoiaHR0cHM6XC9cL2NodWxhZGFmaWxtcy5jb21cL3dwLWNvbnRlbnRcL3VwbG9hZHNcLzIwMjVcLzA5XC9DYXNhLUlzbGFfU3RpbGxfMDRfZWRpdGFkby5wbmciLCJzbGlkZXNob3ciOiI4ODUyNTI3In0%3D\" href='https:\/\/chuladafilms.com\/wp-content\/uploads\/2025\/09\/Casa-Isla_Still_04_editado.png'><img loading=\"lazy\" width=\"950\" height=\"534\" src=\"https:\/\/chuladafilms.com\/wp-content\/uploads\/2025\/09\/Casa-Isla_Still_04_editado.png\" alt=\"\" decoding=\"async\" srcset=\"https:\/\/chuladafilms.com\/wp-content\/uploads\/2025\/09\/Casa-Isla_Still_04_editado.png 960w, https:\/\/chuladafilms.com\/wp-content\/uploads\/2025\/09\/Casa-Isla_Still_04_editado-300x169.png 300w\" sizes=\"auto, 100vw\" \/><\/a><br \/>\n\t\t\t<\/figure>\n<figure class='gallery-item'>\n\t\t\t\t<a data-elementor-open-lightbox=\"yes\" data-elementor-lightbox-slideshow=\"8852527\" data-elementor-lightbox-title=\"Casa Isla_Still_05_editado\" data-e-action-hash=\"#elementor-action%3Aaction%3Dlightbox%26settings%3DeyJpZCI6NDUxOSwidXJsIjoiaHR0cHM6XC9cL2NodWxhZGFmaWxtcy5jb21cL3dwLWNvbnRlbnRcL3VwbG9hZHNcLzIwMjVcLzA5XC9DYXNhLUlzbGFfU3RpbGxfMDVfZWRpdGFkby5wbmciLCJzbGlkZXNob3ciOiI4ODUyNTI3In0%3D\" href='https:\/\/chuladafilms.com\/wp-content\/uploads\/2025\/09\/Casa-Isla_Still_05_editado.png'><img loading=\"lazy\" width=\"950\" height=\"534\" src=\"https:\/\/chuladafilms.com\/wp-content\/uploads\/2025\/09\/Casa-Isla_Still_05_editado.png\" alt=\"\" decoding=\"async\" srcset=\"https:\/\/chuladafilms.com\/wp-content\/uploads\/2025\/09\/Casa-Isla_Still_05_editado.png 960w, https:\/\/chuladafilms.com\/wp-content\/uploads\/2025\/09\/Casa-Isla_Still_05_editado-300x169.png 300w\" sizes=\"auto, 100vw\" \/><\/a><br \/>\n\t\t\t<\/figure>\n<figure class='gallery-item'>\n\t\t\t\t<a data-elementor-open-lightbox=\"yes\" data-elementor-lightbox-slideshow=\"8852527\" data-elementor-lightbox-title=\"Casa Isla_Still_06_editado\" data-e-action-hash=\"#elementor-action%3Aaction%3Dlightbox%26settings%3DeyJpZCI6NDUyMCwidXJsIjoiaHR0cHM6XC9cL2NodWxhZGFmaWxtcy5jb21cL3dwLWNvbnRlbnRcL3VwbG9hZHNcLzIwMjVcLzA5XC9DYXNhLUlzbGFfU3RpbGxfMDZfZWRpdGFkby5wbmciLCJzbGlkZXNob3ciOiI4ODUyNTI3In0%3D\" href='https:\/\/chuladafilms.com\/wp-content\/uploads\/2025\/09\/Casa-Isla_Still_06_editado.png'><img loading=\"lazy\" width=\"950\" height=\"534\" src=\"https:\/\/chuladafilms.com\/wp-content\/uploads\/2025\/09\/Casa-Isla_Still_06_editado.png\" alt=\"\" decoding=\"async\" srcset=\"https:\/\/chuladafilms.com\/wp-content\/uploads\/2025\/09\/Casa-Isla_Still_06_editado.png 960w, https:\/\/chuladafilms.com\/wp-content\/uploads\/2025\/09\/Casa-Isla_Still_06_editado-300x169.png 300w\" sizes=\"auto, 100vw\" \/><\/a><br \/>\n\t\t\t<\/figure>\n<figure class='gallery-item'>\n\t\t\t\t<a data-elementor-open-lightbox=\"yes\" data-elementor-lightbox-slideshow=\"8852527\" data-elementor-lightbox-title=\"Casa Isla_Still_07_editado\" data-e-action-hash=\"#elementor-action%3Aaction%3Dlightbox%26settings%3DeyJpZCI6NDUyMSwidXJsIjoiaHR0cHM6XC9cL2NodWxhZGFmaWxtcy5jb21cL3dwLWNvbnRlbnRcL3VwbG9hZHNcLzIwMjVcLzA5XC9DYXNhLUlzbGFfU3RpbGxfMDdfZWRpdGFkby5wbmciLCJzbGlkZXNob3ciOiI4ODUyNTI3In0%3D\" href='https:\/\/chuladafilms.com\/wp-content\/uploads\/2025\/09\/Casa-Isla_Still_07_editado.png'><img loading=\"lazy\" width=\"950\" height=\"534\" src=\"https:\/\/chuladafilms.com\/wp-content\/uploads\/2025\/09\/Casa-Isla_Still_07_editado.png\" alt=\"\" decoding=\"async\" srcset=\"https:\/\/chuladafilms.com\/wp-content\/uploads\/2025\/09\/Casa-Isla_Still_07_editado.png 960w, https:\/\/chuladafilms.com\/wp-content\/uploads\/2025\/09\/Casa-Isla_Still_07_editado-300x169.png 300w\" sizes=\"auto, 100vw\" \/><\/a><br \/>\n\t\t\t<\/figure>\n<figure class='gallery-item'>\n\t\t\t\t<a data-elementor-open-lightbox=\"yes\" data-elementor-lightbox-slideshow=\"8852527\" data-elementor-lightbox-title=\"Casa Isla_Still_08_editado\" data-e-action-hash=\"#elementor-action%3Aaction%3Dlightbox%26settings%3DeyJpZCI6NDUyMiwidXJsIjoiaHR0cHM6XC9cL2NodWxhZGFmaWxtcy5jb21cL3dwLWNvbnRlbnRcL3VwbG9hZHNcLzIwMjVcLzA5XC9DYXNhLUlzbGFfU3RpbGxfMDhfZWRpdGFkby5wbmciLCJzbGlkZXNob3ciOiI4ODUyNTI3In0%3D\" href='https:\/\/chuladafilms.com\/wp-content\/uploads\/2025\/09\/Casa-Isla_Still_08_editado.png'><img loading=\"lazy\" width=\"950\" height=\"534\" src=\"https:\/\/chuladafilms.com\/wp-content\/uploads\/2025\/09\/Casa-Isla_Still_08_editado.png\" alt=\"\" decoding=\"async\" srcset=\"https:\/\/chuladafilms.com\/wp-content\/uploads\/2025\/09\/Casa-Isla_Still_08_editado.png 960w, https:\/\/chuladafilms.com\/wp-content\/uploads\/2025\/09\/Casa-Isla_Still_08_editado-300x169.png 300w\" sizes=\"auto, 100vw\" \/><\/a><br \/>\n\t\t\t<\/figure>\n<p>\t\t\t\t\t\t\t\t\t\t\t\t\t\t\t<img loading=\"lazy\" decoding=\"async\" width=\"2560\" height=\"698\" src=\"https:\/\/chuladafilms.com\/wp-content\/uploads\/2025\/09\/CASAISLABANNER.png\" alt=\"\" srcset=\"https:\/\/chuladafilms.com\/wp-content\/uploads\/2025\/09\/CASAISLABANNER.png 2560w, https:\/\/chuladafilms.com\/wp-content\/uploads\/2025\/09\/CASAISLABANNER-300x82.png 300w, https:\/\/chuladafilms.com\/wp-content\/uploads\/2025\/09\/CASAISLABANNER-1024x279.png 1024w, https:\/\/chuladafilms.com\/wp-content\/uploads\/2025\/09\/CASAISLABANNER-2000x545.png 2000w, https:\/\/chuladafilms.com\/wp-content\/uploads\/2025\/09\/CASAISLABANNER-1536x419.png 1536w, https:\/\/chuladafilms.com\/wp-content\/uploads\/2025\/09\/CASAISLABANNER-2048x558.png 2048w\" sizes=\"auto, 100vw\" \/><\/p>\n","protected":false},"excerpt":{"rendered":"<p>Proyecto en desarrollo Ra\u00fal despierta antes del amanecer con la alarma de un viejo radio. En Manzanillo, cuando todav\u00eda no ha salido el sol, el sonido mec\u00e1nico de ese aparato &hellip; <\/p>\n<p class=\"link-more\"><a href=\"https:\/\/chuladafilms.com\/?page_id=4508\" class=\"more-link\">Leer m\u00e1s<span class=\"screen-reader-text\"> \u00abCASA ISLA\u00bb<\/span><\/a><\/p>\n","protected":false},"author":1,"featured_media":0,"parent":0,"menu_order":0,"comment_status":"closed","ping_status":"closed","template":"","meta":{"footnotes":""},"class_list":["post-4508","page","type-page","status-publish","hentry"],"_links":{"self":[{"href":"https:\/\/chuladafilms.com\/index.php?rest_route=\/wp\/v2\/pages\/4508","targetHints":{"allow":["GET"]}}],"collection":[{"href":"https:\/\/chuladafilms.com\/index.php?rest_route=\/wp\/v2\/pages"}],"about":[{"href":"https:\/\/chuladafilms.com\/index.php?rest_route=\/wp\/v2\/types\/page"}],"author":[{"embeddable":true,"href":"https:\/\/chuladafilms.com\/index.php?rest_route=\/wp\/v2\/users\/1"}],"replies":[{"embeddable":true,"href":"https:\/\/chuladafilms.com\/index.php?rest_route=%2Fwp%2Fv2%2Fcomments&post=4508"}],"version-history":[{"count":10,"href":"https:\/\/chuladafilms.com\/index.php?rest_route=\/wp\/v2\/pages\/4508\/revisions"}],"predecessor-version":[{"id":4538,"href":"https:\/\/chuladafilms.com\/index.php?rest_route=\/wp\/v2\/pages\/4508\/revisions\/4538"}],"wp:attachment":[{"href":"https:\/\/chuladafilms.com\/index.php?rest_route=%2Fwp%2Fv2%2Fmedia&parent=4508"}],"curies":[{"name":"wp","href":"https:\/\/api.w.org\/{rel}","templated":true}]}}