{"id":446,"date":"2018-07-09T15:27:51","date_gmt":"2018-07-09T15:27:51","guid":{"rendered":"http:\/\/chuladafilms.com\/?page_id=446"},"modified":"2025-08-28T22:57:05","modified_gmt":"2025-08-28T22:57:05","slug":"dalia-reyes","status":"publish","type":"page","link":"https:\/\/chuladafilms.com\/?page_id=446","title":{"rendered":"Dalia Reyes"},"content":{"rendered":"<p><img loading=\"lazy\" decoding=\"async\" width=\"338\" height=\"341\" src=\"https:\/\/chuladafilms.com\/wp-content\/uploads\/2018\/07\/DALIA.jpg\" alt=\"\" srcset=\"https:\/\/chuladafilms.com\/wp-content\/uploads\/2018\/07\/DALIA.jpg 338w, https:\/\/chuladafilms.com\/wp-content\/uploads\/2018\/07\/DALIA-150x150.jpg 150w, https:\/\/chuladafilms.com\/wp-content\/uploads\/2018\/07\/DALIA-297x300.jpg 297w, https:\/\/chuladafilms.com\/wp-content\/uploads\/2018\/07\/DALIA-230x232.jpg 230w\" sizes=\"auto, 100vw\" \/>\t\t\t\t\t\t\t\t\t\t\t\t\t\t\t<\/p>\n<h2>Dalia Reyes Campos<\/h2>\n<p style=\"text-align: justify;\">Egresada de Ciencias de la Comunicaci\u00f3n por parte de la <strong>UNAM<\/strong>. Estudi\u00f3 el Curso de Gui\u00f3n Cinematogr\u00e1fico (2004-2006) en el <strong>C.C.C<\/strong>. donde fue alumna de intercambio para realizar el M\u00e1ster en Documental y Sociedad de la <strong>Universidad de Barcelona<\/strong> (2007).<br \/>Regresa a M\u00e9xico donde ingresa a la carrera de Direcci\u00f3n del<strong> C.C.C<\/strong>. donde produce los cortometrajes <em><strong>Cenizas<\/strong><\/em> (2011) y<em><strong> La Madre<\/strong><\/em> (2012) de Ernesto Mart\u00ednez Bucio. Es la Coor- dinadora de producci\u00f3n del <em><strong>Regreso del Muerto<\/strong><\/em> (2015) de Gustavo Gamou, aunque la pel\u00edcula es estrenada muchos a\u00f1os m\u00e1s tarde.<\/p>\n<p style=\"text-align: justify;\">Desde el 2013 colabor\u00f3 con <strong>Territorios de Cultura para la equidad y con Consorcio Oaxaca<\/strong> como realizadora de los documentales de cada proyecto. Ha sido beneficiaria, en dos ocasiones; en el programa <strong>J\u00f3venes Creadores<\/strong> del <strong>FONCA<\/strong>, en la categor\u00eda de gui\u00f3n cinematogr\u00e1fico, al igual que por el <strong>Programa de Est\u00edmulo a Creadores Cinemato- gr\u00e1ficos<\/strong> del <strong>IMCINE<\/strong>, en la categor\u00eda de desarrollo de l\u00edneas argumentales. Su \u00faltimo trabajo como guionista, <em><strong>Mil capas<\/strong> <\/em>fue presentado en la <strong>Semana de la Cr\u00edtica<\/strong> en <strong>Cannes<\/strong>, gracias a la colaboraci\u00f3n que tiene el <strong>Festival Internacional de Cine Morelia<\/strong> con el <strong>Festival Franc\u00e9s<\/strong>.<\/p>\n<p style=\"text-align: justify;\">Es productora y directora de <em><strong>Ba\u00f1o de Vida<\/strong><\/em> (2016) su \u00f3pera prima que se exhibi\u00f3 en m\u00e1s de veinte festivales nacionales e internacionales como el <strong>31o Festival Internacional de Guadalajara<\/strong>,<strong> FICG<\/strong>; el <strong>14th International Film Festival of Asian-Pacific countries in Vladivostok<\/strong>; <strong>29th Cin\u00e9Latino, Rencontres de Toulouse<\/strong>; entre otros.<\/p>\n<p style=\"text-align: justify;\">Funda <strong>Chulada Films<\/strong>, casa productora especializada exclusivamente en la producci\u00f3n de cine de no ficci\u00f3n. Tiene a su cargo la producci\u00f3n de <em><strong>Mi No Lugar<\/strong><\/em> de Isis Ahumada (2022) ganador del <strong>ECAMC<\/strong> primera generaci\u00f3n y estrenada en el <strong>Festival de Morelia<\/strong>;<em><strong> El Eco<\/strong> <\/em>de Tatiana Huezo (2023), ganador de <strong>FOCINE<\/strong> 2020 y del <strong>Forum<\/strong> de <strong>IDFA<\/strong>; estrenado en la secci\u00f3n <strong>Encounters<\/strong> del <strong>Festival Internacional de Cine de Berl\u00edn<\/strong>; y <em><strong>R\u00edo de Sapos<\/strong><\/em>, segundo largometraje de Juan Carlos N\u00fa\u00f1ez Chavarr\u00eda, beneficiado por el <strong>FOCINE<\/strong> 2023 y m\u00faltiples talleres de desarrollo y <strong>WIP<\/strong> como la beca del<strong> Doha Film Institute<\/strong>, <strong>Doculab<\/strong>, <strong>Plataforma<\/strong> de <strong>DocsMx<\/strong>, <strong>Conecta Chile<\/strong>, entre otros.<\/p>\n<p style=\"text-align: justify;\">Fue nominada en el 2021 al prestigioso premio <strong>Ariel<\/strong> por mejor dise\u00f1o de producci\u00f3n en la \u00f3pera prima de Fernanda Valadez, <em><strong>Sin Se\u00f1as Particulares<\/strong><\/em>. <em><strong>R\u00e1fagas Serranas<\/strong><\/em> es su segundo largometraje, el cual fue filmado en siete comunidades de la Sierra Norte de Oaxaca. El documental fue seleccionado en los laboratorios: <strong>WIP DocuLab<\/strong> del <strong>FICG<\/strong> 2018 y<strong> WIP<\/strong> del <strong>Festival DOCSMX<\/strong> 2019<\/p>\n<p>\t\t\t\t\t<a href=\"https:\/\/www.facebook.com\/dalia.reyes.1610\" target=\"_blank\"><br \/>\n\t\t\t\t\t\tFacebook-f<br \/>\n\t\t\t\t\t\t\t\t\t\t\t<\/a><br \/>\n\t\t\t\t\t<a href=\"https:\/\/www.instagram.com\/la_dalinka\/\" target=\"_blank\"><br \/>\n\t\t\t\t\t\tInstagram<br \/>\n\t\t\t\t\t\t\t\t\t\t\t<\/a><\/p>\n","protected":false},"excerpt":{"rendered":"<p>Dalia Reyes Campos Egresada de Ciencias de la Comunicaci\u00f3n por parte de la UNAM. Estudi\u00f3 el Curso de Gui\u00f3n Cinematogr\u00e1fico (2004-2006) en el C.C.C. donde fue alumna de intercambio para &hellip; <\/p>\n<p class=\"link-more\"><a href=\"https:\/\/chuladafilms.com\/?page_id=446\" class=\"more-link\">Leer m\u00e1s<span class=\"screen-reader-text\"> \u00abDalia Reyes\u00bb<\/span><\/a><\/p>\n","protected":false},"author":1,"featured_media":0,"parent":0,"menu_order":0,"comment_status":"closed","ping_status":"closed","template":"","meta":{"footnotes":""},"class_list":["post-446","page","type-page","status-publish","hentry"],"_links":{"self":[{"href":"https:\/\/chuladafilms.com\/index.php?rest_route=\/wp\/v2\/pages\/446","targetHints":{"allow":["GET"]}}],"collection":[{"href":"https:\/\/chuladafilms.com\/index.php?rest_route=\/wp\/v2\/pages"}],"about":[{"href":"https:\/\/chuladafilms.com\/index.php?rest_route=\/wp\/v2\/types\/page"}],"author":[{"embeddable":true,"href":"https:\/\/chuladafilms.com\/index.php?rest_route=\/wp\/v2\/users\/1"}],"replies":[{"embeddable":true,"href":"https:\/\/chuladafilms.com\/index.php?rest_route=%2Fwp%2Fv2%2Fcomments&post=446"}],"version-history":[{"count":59,"href":"https:\/\/chuladafilms.com\/index.php?rest_route=\/wp\/v2\/pages\/446\/revisions"}],"predecessor-version":[{"id":4295,"href":"https:\/\/chuladafilms.com\/index.php?rest_route=\/wp\/v2\/pages\/446\/revisions\/4295"}],"wp:attachment":[{"href":"https:\/\/chuladafilms.com\/index.php?rest_route=%2Fwp%2Fv2%2Fmedia&parent=446"}],"curies":[{"name":"wp","href":"https:\/\/api.w.org\/{rel}","templated":true}]}}