{"id":421,"date":"2018-07-08T00:25:22","date_gmt":"2018-07-08T00:25:22","guid":{"rendered":"http:\/\/chuladafilms.com\/?page_id=421"},"modified":"2025-09-09T00:53:46","modified_gmt":"2025-09-09T00:53:46","slug":"elementor-421","status":"publish","type":"page","link":"https:\/\/chuladafilms.com\/?page_id=421","title":{"rendered":"Ba\u00f1o de Vida"},"content":{"rendered":"<p>https:\/\/vimeo.com\/156298656<\/p>\n<p><strong><em>Ba\u00f1o de Vida<\/em><\/strong>\u00a0es un documental que nos gu\u00eda y sumerge en un viaje al interior de la vida de los ba\u00f1os p\u00fablicos a trav\u00e9s de las voces de los tres personajes: Felipe encargado de los ba\u00f1os desde 1984, Juana barrendera del centro de la Ciudad de M\u00e9xico y Jose clienta asidua desde hace m\u00e1s de cuarenta a\u00f1os.\u00a0<em>Ba\u00f1o de Vida<\/em>\u00a0es un confesionario de aquellos que confluyen en un mismo espacio: el cuarto de vapor. Cada uno cuenta su pasado, lo que les significa el ba\u00f1o. Y es as\u00ed como vamos introduci\u00e9ndonos en sus angustias, sus temores y alegr\u00edas. Conforme avanza el documental echamos un vistazo a sus vidas mientras ellos toman otro ba\u00f1o m\u00e1s.<\/p>\n<p><strong>Direcci\u00f3n:<\/strong> Dalia R. Reyes.<br \/><strong>Producci\u00f3n:<\/strong>\u00a0Centro de Capacitaci\u00f3n Cinematogr\u00e1fico, A.C.<br \/><strong>Productoras:<\/strong> Dalia Reyes, Tess Anastasia Fern\u00e1ndez.<br \/><strong>Gui\u00f3n:<\/strong> Dalia R. Reyes.<br \/><strong>Cinefotograf\u00eda:<\/strong> Claudia Becerril Bulos.<br \/><strong>Edici\u00f3n:<\/strong> Ra\u00fal Zendejas.<br \/><strong>Dise\u00f1o de Sonido:<\/strong> Marco Antonio Hern\u00e1ndez, Ivan Ramos.<br \/><strong>Sonido:<\/strong> Luz Mar\u00eda Rodr\u00edguez, Jana Arcega.<\/p>\n<p><strong>M\u00fasica:<\/strong>\u00a0 Colleen, Liran Roll, Jessy Bulbo.<br \/><strong>Compa\u00f1\u00eda Productora:<\/strong>\u00a0Centro de Capacitaci\u00f3n Cinematogr\u00e1fica, A.C.<br \/><strong>Lugar de Filmaci\u00f3n:<\/strong>\u00a0M\u00e9xico, D.F, Estado de M\u00e9xico, Apizaco, Tlaxcala.<br \/><strong>Reparto:<\/strong>\u00a0Mar\u00eda Juana Cruz Garfias, Elizabeth Ortega Ponce, Felipe Ram\u00edrez Santos.<br \/><strong>Ventana de proyecci\u00f3n:<\/strong>\u00a016:9<br \/><strong>Sonido:<\/strong>\u00a0Dolby Digital 5.<\/p>\n<p>\t\t\t\t\t\t\t\t\t\t\t\t\t\t\t\t<a href=\"https:\/\/chuladafilms.com\/wp-content\/uploads\/2018\/08\/Cartel-Ba\u00f1oAgosto-2018.jpg\" data-elementor-open-lightbox=\"yes\" data-elementor-lightbox-title=\"Cartel-Ba\u00f1oAgosto-2018\" data-e-action-hash=\"#elementor-action%3Aaction%3Dlightbox%26settings%3DeyJpZCI6Njc2LCJ1cmwiOiJodHRwczpcL1wvY2h1bGFkYWZpbG1zLmNvbVwvd3AtY29udGVudFwvdXBsb2Fkc1wvMjAxOFwvMDhcL0NhcnRlbC1CYVx1MDBmMW9BZ29zdG8tMjAxOC5qcGcifQ%3D%3D\"><br \/>\n\t\t\t\t\t\t\t<img loading=\"lazy\" decoding=\"async\" width=\"683\" height=\"1024\" src=\"https:\/\/chuladafilms.com\/wp-content\/uploads\/2018\/08\/Cartel-Ba\u00f1oAgosto-2018-683x1024.jpg\" alt=\"\" srcset=\"https:\/\/chuladafilms.com\/wp-content\/uploads\/2018\/08\/Cartel-Ba\u00f1oAgosto-2018-683x1024.jpg 683w, https:\/\/chuladafilms.com\/wp-content\/uploads\/2018\/08\/Cartel-Ba\u00f1oAgosto-2018-200x300.jpg 200w, https:\/\/chuladafilms.com\/wp-content\/uploads\/2018\/08\/Cartel-Ba\u00f1oAgosto-2018-768x1152.jpg 768w, https:\/\/chuladafilms.com\/wp-content\/uploads\/2018\/08\/Cartel-Ba\u00f1oAgosto-2018-830x1245.jpg 830w, https:\/\/chuladafilms.com\/wp-content\/uploads\/2018\/08\/Cartel-Ba\u00f1oAgosto-2018-230x345.jpg 230w, https:\/\/chuladafilms.com\/wp-content\/uploads\/2018\/08\/Cartel-Ba\u00f1oAgosto-2018-350x525.jpg 350w, https:\/\/chuladafilms.com\/wp-content\/uploads\/2018\/08\/Cartel-Ba\u00f1oAgosto-2018-480x720.jpg 480w, https:\/\/chuladafilms.com\/wp-content\/uploads\/2018\/08\/Cartel-Ba\u00f1oAgosto-2018.jpg 850w\" sizes=\"auto, 100vw\" \/>\t\t\t\t\t\t\t\t<\/a><\/p>\n<p><strong>FESTIVALES Y PREMIOS<\/strong><\/p>\n<ul>\n<li>Festival Internacional de Cine en Guadalajara, M\u00e9xico, Mar. 2016<\/li>\n<li>Festival Internacional de Cine Gay en la UNAM, M\u00e9xico, May. 2016<\/li>\n<li>Festival Mix\u00a0M\u00e9xico, May. 2016<\/li>\n<li>MIC G\u00e9nero,\u00a0M\u00e9xico, Ago. 2016<\/li>\n<li>FIC Monterrey,\u00a0M\u00e9xico, Ago. 2016<\/li>\n<li>International Film Festival of Asian Pacific Countries \u201cPacific Meridian\u201d, Rusia, Sept. 2016\u2033<\/li>\n<li>DOCSDF, M\u00e9xico, Oct. 2016<\/li>\n<li>Premio Pantalla de Cristal a Mejor Fotograf\u00eda, Pantalla de Cristal Award for bestPhotography, Mexico, Nov. 2016<\/li>\n<li>Festival Zanate, M\u00e9xico, Nov. 2016<\/li>\n<\/ul>\n<figure class='gallery-item'>\n\t\t\t\t<a data-elementor-open-lightbox=\"yes\" data-elementor-lightbox-slideshow=\"e1d0f2d\" data-elementor-lightbox-title=\"mosaiquitos\" data-e-action-hash=\"#elementor-action%3Aaction%3Dlightbox%26settings%3DeyJpZCI6Mzk5LCJ1cmwiOiJodHRwczpcL1wvY2h1bGFkYWZpbG1zLmNvbVwvd3AtY29udGVudFwvdXBsb2Fkc1wvMjAxOFwvMDdcL21vc2FpcXVpdG9zLmpwZyIsInNsaWRlc2hvdyI6ImUxZDBmMmQifQ%3D%3D\" href='https:\/\/chuladafilms.com\/wp-content\/uploads\/2018\/07\/mosaiquitos.jpg'><img loading=\"lazy\" width=\"922\" height=\"519\" src=\"https:\/\/chuladafilms.com\/wp-content\/uploads\/2018\/07\/mosaiquitos.jpg\" alt=\"\" decoding=\"async\" srcset=\"https:\/\/chuladafilms.com\/wp-content\/uploads\/2018\/07\/mosaiquitos.jpg 922w, https:\/\/chuladafilms.com\/wp-content\/uploads\/2018\/07\/mosaiquitos-300x169.jpg 300w, https:\/\/chuladafilms.com\/wp-content\/uploads\/2018\/07\/mosaiquitos-768x432.jpg 768w, https:\/\/chuladafilms.com\/wp-content\/uploads\/2018\/07\/mosaiquitos-830x467.jpg 830w, https:\/\/chuladafilms.com\/wp-content\/uploads\/2018\/07\/mosaiquitos-230x129.jpg 230w, https:\/\/chuladafilms.com\/wp-content\/uploads\/2018\/07\/mosaiquitos-350x197.jpg 350w, https:\/\/chuladafilms.com\/wp-content\/uploads\/2018\/07\/mosaiquitos-480x270.jpg 480w\" sizes=\"auto, 100vw\" \/><\/a><br \/>\n\t\t\t<\/figure>\n<figure class='gallery-item'>\n\t\t\t\t<a data-elementor-open-lightbox=\"yes\" data-elementor-lightbox-slideshow=\"e1d0f2d\" data-elementor-lightbox-title=\"08_088555\" data-e-action-hash=\"#elementor-action%3Aaction%3Dlightbox%26settings%3DeyJpZCI6Mzk4LCJ1cmwiOiJodHRwczpcL1wvY2h1bGFkYWZpbG1zLmNvbVwvd3AtY29udGVudFwvdXBsb2Fkc1wvMjAxOFwvMDdcLzA4XzA4ODU1NS5qcGciLCJzbGlkZXNob3ciOiJlMWQwZjJkIn0%3D\" href='https:\/\/chuladafilms.com\/wp-content\/uploads\/2018\/07\/08_088555.jpg'><img loading=\"lazy\" width=\"950\" height=\"534\" src=\"https:\/\/chuladafilms.com\/wp-content\/uploads\/2018\/07\/08_088555.jpg\" alt=\"\" decoding=\"async\" srcset=\"https:\/\/chuladafilms.com\/wp-content\/uploads\/2018\/07\/08_088555.jpg 960w, https:\/\/chuladafilms.com\/wp-content\/uploads\/2018\/07\/08_088555-300x169.jpg 300w, https:\/\/chuladafilms.com\/wp-content\/uploads\/2018\/07\/08_088555-768x432.jpg 768w, https:\/\/chuladafilms.com\/wp-content\/uploads\/2018\/07\/08_088555-830x467.jpg 830w, https:\/\/chuladafilms.com\/wp-content\/uploads\/2018\/07\/08_088555-230x129.jpg 230w, https:\/\/chuladafilms.com\/wp-content\/uploads\/2018\/07\/08_088555-350x197.jpg 350w, https:\/\/chuladafilms.com\/wp-content\/uploads\/2018\/07\/08_088555-480x270.jpg 480w\" sizes=\"auto, 100vw\" \/><\/a><br \/>\n\t\t\t<\/figure>\n<figure class='gallery-item'>\n\t\t\t\t<a data-elementor-open-lightbox=\"yes\" data-elementor-lightbox-slideshow=\"e1d0f2d\" data-elementor-lightbox-title=\"07_109674\" data-e-action-hash=\"#elementor-action%3Aaction%3Dlightbox%26settings%3DeyJpZCI6Mzk3LCJ1cmwiOiJodHRwczpcL1wvY2h1bGFkYWZpbG1zLmNvbVwvd3AtY29udGVudFwvdXBsb2Fkc1wvMjAxOFwvMDdcLzA3XzEwOTY3NC5qcGciLCJzbGlkZXNob3ciOiJlMWQwZjJkIn0%3D\" href='https:\/\/chuladafilms.com\/wp-content\/uploads\/2018\/07\/07_109674.jpg'><img loading=\"lazy\" width=\"950\" height=\"534\" src=\"https:\/\/chuladafilms.com\/wp-content\/uploads\/2018\/07\/07_109674.jpg\" alt=\"\" decoding=\"async\" srcset=\"https:\/\/chuladafilms.com\/wp-content\/uploads\/2018\/07\/07_109674.jpg 960w, https:\/\/chuladafilms.com\/wp-content\/uploads\/2018\/07\/07_109674-300x169.jpg 300w, https:\/\/chuladafilms.com\/wp-content\/uploads\/2018\/07\/07_109674-768x432.jpg 768w, https:\/\/chuladafilms.com\/wp-content\/uploads\/2018\/07\/07_109674-830x467.jpg 830w, https:\/\/chuladafilms.com\/wp-content\/uploads\/2018\/07\/07_109674-230x129.jpg 230w, https:\/\/chuladafilms.com\/wp-content\/uploads\/2018\/07\/07_109674-350x197.jpg 350w, https:\/\/chuladafilms.com\/wp-content\/uploads\/2018\/07\/07_109674-480x270.jpg 480w\" sizes=\"auto, 100vw\" \/><\/a><br \/>\n\t\t\t<\/figure>\n<figure class='gallery-item'>\n\t\t\t\t<a data-elementor-open-lightbox=\"yes\" data-elementor-lightbox-slideshow=\"e1d0f2d\" data-elementor-lightbox-title=\"06_128653\" data-e-action-hash=\"#elementor-action%3Aaction%3Dlightbox%26settings%3DeyJpZCI6Mzk2LCJ1cmwiOiJodHRwczpcL1wvY2h1bGFkYWZpbG1zLmNvbVwvd3AtY29udGVudFwvdXBsb2Fkc1wvMjAxOFwvMDdcLzA2XzEyODY1My5qcGciLCJzbGlkZXNob3ciOiJlMWQwZjJkIn0%3D\" href='https:\/\/chuladafilms.com\/wp-content\/uploads\/2018\/07\/06_128653.jpg'><img loading=\"lazy\" width=\"950\" height=\"534\" src=\"https:\/\/chuladafilms.com\/wp-content\/uploads\/2018\/07\/06_128653.jpg\" alt=\"\" decoding=\"async\" srcset=\"https:\/\/chuladafilms.com\/wp-content\/uploads\/2018\/07\/06_128653.jpg 960w, https:\/\/chuladafilms.com\/wp-content\/uploads\/2018\/07\/06_128653-300x169.jpg 300w, https:\/\/chuladafilms.com\/wp-content\/uploads\/2018\/07\/06_128653-768x432.jpg 768w, https:\/\/chuladafilms.com\/wp-content\/uploads\/2018\/07\/06_128653-830x467.jpg 830w, https:\/\/chuladafilms.com\/wp-content\/uploads\/2018\/07\/06_128653-230x129.jpg 230w, https:\/\/chuladafilms.com\/wp-content\/uploads\/2018\/07\/06_128653-350x197.jpg 350w, https:\/\/chuladafilms.com\/wp-content\/uploads\/2018\/07\/06_128653-480x270.jpg 480w\" sizes=\"auto, 100vw\" \/><\/a><br \/>\n\t\t\t<\/figure>\n<figure class='gallery-item'>\n\t\t\t\t<a data-elementor-open-lightbox=\"yes\" data-elementor-lightbox-slideshow=\"e1d0f2d\" data-elementor-lightbox-title=\"05_stillbathoflife\" data-e-action-hash=\"#elementor-action%3Aaction%3Dlightbox%26settings%3DeyJpZCI6Mzk1LCJ1cmwiOiJodHRwczpcL1wvY2h1bGFkYWZpbG1zLmNvbVwvd3AtY29udGVudFwvdXBsb2Fkc1wvMjAxOFwvMDdcLzA1X3N0aWxsYmF0aG9mbGlmZS5qcGciLCJzbGlkZXNob3ciOiJlMWQwZjJkIn0%3D\" href='https:\/\/chuladafilms.com\/wp-content\/uploads\/2018\/07\/05_stillbathoflife.jpg'><img loading=\"lazy\" width=\"950\" height=\"534\" src=\"https:\/\/chuladafilms.com\/wp-content\/uploads\/2018\/07\/05_stillbathoflife.jpg\" alt=\"\" decoding=\"async\" srcset=\"https:\/\/chuladafilms.com\/wp-content\/uploads\/2018\/07\/05_stillbathoflife.jpg 960w, https:\/\/chuladafilms.com\/wp-content\/uploads\/2018\/07\/05_stillbathoflife-300x169.jpg 300w, https:\/\/chuladafilms.com\/wp-content\/uploads\/2018\/07\/05_stillbathoflife-768x432.jpg 768w, https:\/\/chuladafilms.com\/wp-content\/uploads\/2018\/07\/05_stillbathoflife-830x467.jpg 830w, https:\/\/chuladafilms.com\/wp-content\/uploads\/2018\/07\/05_stillbathoflife-230x129.jpg 230w, https:\/\/chuladafilms.com\/wp-content\/uploads\/2018\/07\/05_stillbathoflife-350x197.jpg 350w, https:\/\/chuladafilms.com\/wp-content\/uploads\/2018\/07\/05_stillbathoflife-480x270.jpg 480w\" sizes=\"auto, 100vw\" \/><\/a><br \/>\n\t\t\t<\/figure>\n<figure class='gallery-item'>\n\t\t\t\t<a data-elementor-open-lightbox=\"yes\" data-elementor-lightbox-slideshow=\"e1d0f2d\" data-elementor-lightbox-title=\"04_stillbathoflife\" data-e-action-hash=\"#elementor-action%3Aaction%3Dlightbox%26settings%3DeyJpZCI6Mzk0LCJ1cmwiOiJodHRwczpcL1wvY2h1bGFkYWZpbG1zLmNvbVwvd3AtY29udGVudFwvdXBsb2Fkc1wvMjAxOFwvMDdcLzA0X3N0aWxsYmF0aG9mbGlmZS5qcGciLCJzbGlkZXNob3ciOiJlMWQwZjJkIn0%3D\" href='https:\/\/chuladafilms.com\/wp-content\/uploads\/2018\/07\/04_stillbathoflife.jpg'><img loading=\"lazy\" width=\"950\" height=\"534\" src=\"https:\/\/chuladafilms.com\/wp-content\/uploads\/2018\/07\/04_stillbathoflife.jpg\" alt=\"\" decoding=\"async\" srcset=\"https:\/\/chuladafilms.com\/wp-content\/uploads\/2018\/07\/04_stillbathoflife.jpg 960w, https:\/\/chuladafilms.com\/wp-content\/uploads\/2018\/07\/04_stillbathoflife-300x169.jpg 300w, https:\/\/chuladafilms.com\/wp-content\/uploads\/2018\/07\/04_stillbathoflife-768x432.jpg 768w, https:\/\/chuladafilms.com\/wp-content\/uploads\/2018\/07\/04_stillbathoflife-830x467.jpg 830w, https:\/\/chuladafilms.com\/wp-content\/uploads\/2018\/07\/04_stillbathoflife-230x129.jpg 230w, https:\/\/chuladafilms.com\/wp-content\/uploads\/2018\/07\/04_stillbathoflife-350x197.jpg 350w, https:\/\/chuladafilms.com\/wp-content\/uploads\/2018\/07\/04_stillbathoflife-480x270.jpg 480w\" sizes=\"auto, 100vw\" \/><\/a><br \/>\n\t\t\t<\/figure>\n<figure class='gallery-item'>\n\t\t\t\t<a data-elementor-open-lightbox=\"yes\" data-elementor-lightbox-slideshow=\"e1d0f2d\" data-elementor-lightbox-title=\"03_stillbathoflife\" data-e-action-hash=\"#elementor-action%3Aaction%3Dlightbox%26settings%3DeyJpZCI6MzkzLCJ1cmwiOiJodHRwczpcL1wvY2h1bGFkYWZpbG1zLmNvbVwvd3AtY29udGVudFwvdXBsb2Fkc1wvMjAxOFwvMDdcLzAzX3N0aWxsYmF0aG9mbGlmZS5qcGciLCJzbGlkZXNob3ciOiJlMWQwZjJkIn0%3D\" href='https:\/\/chuladafilms.com\/wp-content\/uploads\/2018\/07\/03_stillbathoflife.jpg'><img loading=\"lazy\" width=\"950\" height=\"534\" src=\"https:\/\/chuladafilms.com\/wp-content\/uploads\/2018\/07\/03_stillbathoflife.jpg\" alt=\"\" decoding=\"async\" srcset=\"https:\/\/chuladafilms.com\/wp-content\/uploads\/2018\/07\/03_stillbathoflife.jpg 960w, https:\/\/chuladafilms.com\/wp-content\/uploads\/2018\/07\/03_stillbathoflife-300x169.jpg 300w, https:\/\/chuladafilms.com\/wp-content\/uploads\/2018\/07\/03_stillbathoflife-768x432.jpg 768w, https:\/\/chuladafilms.com\/wp-content\/uploads\/2018\/07\/03_stillbathoflife-830x467.jpg 830w, https:\/\/chuladafilms.com\/wp-content\/uploads\/2018\/07\/03_stillbathoflife-230x129.jpg 230w, https:\/\/chuladafilms.com\/wp-content\/uploads\/2018\/07\/03_stillbathoflife-350x197.jpg 350w, https:\/\/chuladafilms.com\/wp-content\/uploads\/2018\/07\/03_stillbathoflife-480x270.jpg 480w\" sizes=\"auto, 100vw\" \/><\/a><br \/>\n\t\t\t<\/figure>\n<figure class='gallery-item'>\n\t\t\t\t<a data-elementor-open-lightbox=\"yes\" data-elementor-lightbox-slideshow=\"e1d0f2d\" data-elementor-lightbox-title=\"02_stillbathoflife\" data-e-action-hash=\"#elementor-action%3Aaction%3Dlightbox%26settings%3DeyJpZCI6MzkyLCJ1cmwiOiJodHRwczpcL1wvY2h1bGFkYWZpbG1zLmNvbVwvd3AtY29udGVudFwvdXBsb2Fkc1wvMjAxOFwvMDdcLzAyX3N0aWxsYmF0aG9mbGlmZS5qcGciLCJzbGlkZXNob3ciOiJlMWQwZjJkIn0%3D\" href='https:\/\/chuladafilms.com\/wp-content\/uploads\/2018\/07\/02_stillbathoflife.jpg'><img loading=\"lazy\" width=\"950\" height=\"534\" src=\"https:\/\/chuladafilms.com\/wp-content\/uploads\/2018\/07\/02_stillbathoflife.jpg\" alt=\"\" decoding=\"async\" srcset=\"https:\/\/chuladafilms.com\/wp-content\/uploads\/2018\/07\/02_stillbathoflife.jpg 960w, https:\/\/chuladafilms.com\/wp-content\/uploads\/2018\/07\/02_stillbathoflife-300x169.jpg 300w, https:\/\/chuladafilms.com\/wp-content\/uploads\/2018\/07\/02_stillbathoflife-768x432.jpg 768w, https:\/\/chuladafilms.com\/wp-content\/uploads\/2018\/07\/02_stillbathoflife-830x467.jpg 830w, https:\/\/chuladafilms.com\/wp-content\/uploads\/2018\/07\/02_stillbathoflife-230x129.jpg 230w, https:\/\/chuladafilms.com\/wp-content\/uploads\/2018\/07\/02_stillbathoflife-350x197.jpg 350w, https:\/\/chuladafilms.com\/wp-content\/uploads\/2018\/07\/02_stillbathoflife-480x270.jpg 480w\" sizes=\"auto, 100vw\" \/><\/a><br \/>\n\t\t\t<\/figure>\n<p>\t\t\t\t\t\t\t\t\t\t\t\t\t\t\t<img loading=\"lazy\" decoding=\"async\" width=\"950\" height=\"253\" src=\"https:\/\/chuladafilms.com\/wp-content\/uploads\/2023\/07\/BANODEVIDA-BANNER.png\" alt=\"\" srcset=\"https:\/\/chuladafilms.com\/wp-content\/uploads\/2023\/07\/BANODEVIDA-BANNER.png 1024w, https:\/\/chuladafilms.com\/wp-content\/uploads\/2023\/07\/BANODEVIDA-BANNER-300x80.png 300w, https:\/\/chuladafilms.com\/wp-content\/uploads\/2023\/07\/BANODEVIDA-BANNER-768x205.png 768w, https:\/\/chuladafilms.com\/wp-content\/uploads\/2023\/07\/BANODEVIDA-BANNER-1000x267.png 1000w, https:\/\/chuladafilms.com\/wp-content\/uploads\/2023\/07\/BANODEVIDA-BANNER-230x61.png 230w, https:\/\/chuladafilms.com\/wp-content\/uploads\/2023\/07\/BANODEVIDA-BANNER-350x93.png 350w, https:\/\/chuladafilms.com\/wp-content\/uploads\/2023\/07\/BANODEVIDA-BANNER-480x128.png 480w\" sizes=\"auto, 100vw\" \/><\/p>\n","protected":false},"excerpt":{"rendered":"<p>https:\/\/vimeo.com\/156298656 Ba\u00f1o de Vida\u00a0es un documental que nos gu\u00eda y sumerge en un viaje al interior de la vida de los ba\u00f1os p\u00fablicos a trav\u00e9s de las voces de los &hellip; <\/p>\n<p class=\"link-more\"><a href=\"https:\/\/chuladafilms.com\/?page_id=421\" class=\"more-link\">Leer m\u00e1s<span class=\"screen-reader-text\"> \u00abBa\u00f1o de Vida\u00bb<\/span><\/a><\/p>\n","protected":false},"author":1,"featured_media":0,"parent":0,"menu_order":0,"comment_status":"closed","ping_status":"closed","template":"","meta":{"footnotes":""},"class_list":["post-421","page","type-page","status-publish","hentry"],"_links":{"self":[{"href":"https:\/\/chuladafilms.com\/index.php?rest_route=\/wp\/v2\/pages\/421","targetHints":{"allow":["GET"]}}],"collection":[{"href":"https:\/\/chuladafilms.com\/index.php?rest_route=\/wp\/v2\/pages"}],"about":[{"href":"https:\/\/chuladafilms.com\/index.php?rest_route=\/wp\/v2\/types\/page"}],"author":[{"embeddable":true,"href":"https:\/\/chuladafilms.com\/index.php?rest_route=\/wp\/v2\/users\/1"}],"replies":[{"embeddable":true,"href":"https:\/\/chuladafilms.com\/index.php?rest_route=%2Fwp%2Fv2%2Fcomments&post=421"}],"version-history":[{"count":101,"href":"https:\/\/chuladafilms.com\/index.php?rest_route=\/wp\/v2\/pages\/421\/revisions"}],"predecessor-version":[{"id":4448,"href":"https:\/\/chuladafilms.com\/index.php?rest_route=\/wp\/v2\/pages\/421\/revisions\/4448"}],"wp:attachment":[{"href":"https:\/\/chuladafilms.com\/index.php?rest_route=%2Fwp%2Fv2%2Fmedia&parent=421"}],"curies":[{"name":"wp","href":"https:\/\/api.w.org\/{rel}","templated":true}]}}