{"id":4199,"date":"2025-09-01T21:55:53","date_gmt":"2025-09-01T21:55:53","guid":{"rendered":"https:\/\/chuladafilms.com\/?page_id=4199"},"modified":"2025-09-22T22:17:03","modified_gmt":"2025-09-22T22:17:03","slug":"mensaje-para-el-futuro","status":"publish","type":"page","link":"https:\/\/chuladafilms.com\/?page_id=4199","title":{"rendered":"MENSAJE PARA EL FUTURO"},"content":{"rendered":"<h2>Proyecto en desarrollo<\/h2>\n<p style=\"text-align: justify;\">Gonzalo Martr\u00e9 es un escritor con presencia y trayectoria de m\u00e1s de 50 a\u00f1os dentro de la literatura mexicana, su estilo directo, sat\u00edrico y cr\u00edtico lo ha orillado a la marginalidad. El car\u00e1cter de su obra lo coloca camino a convertirse en un autor de culto, al enfrentar una odisea contra la censura y ser el argumentista que da forma y fama a la historieta \u201cFantomas\u201d, entre otras haza\u00f1as literarias poco conocidas.<br \/>Con su novela \u201cLos S\u00edmbolos Transparentes\u201d Gonzalo Martr\u00e9 peregrina por diversas editoriales que lo rechazan sistem\u00e1ticamente. El sistema pol\u00edtico y el status quo literario intentan impedir que la obra se publique pues en ella se\u00f1ala y satiriza a los responsables de la matanza del 2 de octubre de 1968. Siendo ya un adulto mayor, emprende un viaje que lo lleva a universidades y escuelas normalistas, cuestionando por qu\u00e9 los estudiantes en M\u00e9xico siguen siendo asesinados.<\/p>\n<p><b>Producci\u00f3n: <\/b>Dalia Roc\u00edo Reyes Campos.<br \/><b>Direcci\u00f3n: <\/b>Salom\u00f3n Morales Olvera.<br \/><b>Guion: <\/b>Salom\u00f3n Morales Olvera.<br \/><b>Asistente de Direcci\u00f3n: <\/b>V\u00edctor Ra\u00fal \u00c1vila L\u00f3pez.<\/p>\n<p><b>Fotograf\u00eda: <\/b>Emmanuel Garc\u00eda Basurto.<br \/><b>Editor: <\/b>Marco Antonio Pineda Loya.<br \/><b>Data Manager: <\/b>Emmanuel Garc\u00eda Basurto.<br \/><b>Correcci\u00f3n de color<\/b>: Marco Antonio Pineda Loya.<\/p>\n<p><strong>FESTIVALES Y PREMIOS<\/strong><\/p>\n<ul>\n<li>Procine, 2025.<\/li>\n<\/ul>\n<p>\u00a0<\/p>\n<figure class='gallery-item'>\n\t\t\t\t<a data-elementor-open-lightbox=\"yes\" data-elementor-lightbox-slideshow=\"4fd7d9b\" data-elementor-lightbox-title=\"STILL1WEB\" data-e-action-hash=\"#elementor-action%3Aaction%3Dlightbox%26settings%3DeyJpZCI6NDM4NSwidXJsIjoiaHR0cHM6XC9cL2NodWxhZGFmaWxtcy5jb21cL3dwLWNvbnRlbnRcL3VwbG9hZHNcLzIwMjVcLzA5XC9TVElMTDFXRUIuanBnIiwic2xpZGVzaG93IjoiNGZkN2Q5YiJ9\" href='https:\/\/chuladafilms.com\/wp-content\/uploads\/2025\/09\/STILL1WEB.jpg'><img loading=\"lazy\" width=\"950\" height=\"534\" src=\"https:\/\/chuladafilms.com\/wp-content\/uploads\/2025\/09\/STILL1WEB.jpg\" alt=\"\" decoding=\"async\" srcset=\"https:\/\/chuladafilms.com\/wp-content\/uploads\/2025\/09\/STILL1WEB.jpg 960w, https:\/\/chuladafilms.com\/wp-content\/uploads\/2025\/09\/STILL1WEB-300x169.jpg 300w\" sizes=\"auto, 100vw\" \/><\/a><br \/>\n\t\t\t<\/figure>\n<figure class='gallery-item'>\n\t\t\t\t<a data-elementor-open-lightbox=\"yes\" data-elementor-lightbox-slideshow=\"4fd7d9b\" data-elementor-lightbox-title=\"STILL2WEB\" data-e-action-hash=\"#elementor-action%3Aaction%3Dlightbox%26settings%3DeyJpZCI6NDM4NywidXJsIjoiaHR0cHM6XC9cL2NodWxhZGFmaWxtcy5jb21cL3dwLWNvbnRlbnRcL3VwbG9hZHNcLzIwMjVcLzA5XC9TVElMTDJXRUIuanBnIiwic2xpZGVzaG93IjoiNGZkN2Q5YiJ9\" href='https:\/\/chuladafilms.com\/wp-content\/uploads\/2025\/09\/STILL2WEB.jpg'><img loading=\"lazy\" width=\"950\" height=\"534\" src=\"https:\/\/chuladafilms.com\/wp-content\/uploads\/2025\/09\/STILL2WEB.jpg\" alt=\"\" decoding=\"async\" srcset=\"https:\/\/chuladafilms.com\/wp-content\/uploads\/2025\/09\/STILL2WEB.jpg 960w, https:\/\/chuladafilms.com\/wp-content\/uploads\/2025\/09\/STILL2WEB-300x169.jpg 300w\" sizes=\"auto, 100vw\" \/><\/a><br \/>\n\t\t\t<\/figure>\n<figure class='gallery-item'>\n\t\t\t\t<a data-elementor-open-lightbox=\"yes\" data-elementor-lightbox-slideshow=\"4fd7d9b\" data-elementor-lightbox-title=\"STILL3WEB\" data-e-action-hash=\"#elementor-action%3Aaction%3Dlightbox%26settings%3DeyJpZCI6NDM4OSwidXJsIjoiaHR0cHM6XC9cL2NodWxhZGFmaWxtcy5jb21cL3dwLWNvbnRlbnRcL3VwbG9hZHNcLzIwMjVcLzA5XC9TVElMTDNXRUIuanBnIiwic2xpZGVzaG93IjoiNGZkN2Q5YiJ9\" href='https:\/\/chuladafilms.com\/wp-content\/uploads\/2025\/09\/STILL3WEB.jpg'><img loading=\"lazy\" width=\"950\" height=\"534\" src=\"https:\/\/chuladafilms.com\/wp-content\/uploads\/2025\/09\/STILL3WEB.jpg\" alt=\"\" decoding=\"async\" srcset=\"https:\/\/chuladafilms.com\/wp-content\/uploads\/2025\/09\/STILL3WEB.jpg 960w, https:\/\/chuladafilms.com\/wp-content\/uploads\/2025\/09\/STILL3WEB-300x169.jpg 300w\" sizes=\"auto, 100vw\" \/><\/a><br \/>\n\t\t\t<\/figure>\n<figure class='gallery-item'>\n\t\t\t\t<a data-elementor-open-lightbox=\"yes\" data-elementor-lightbox-slideshow=\"4fd7d9b\" data-elementor-lightbox-title=\"STILL4WEB\" data-e-action-hash=\"#elementor-action%3Aaction%3Dlightbox%26settings%3DeyJpZCI6NDM5MCwidXJsIjoiaHR0cHM6XC9cL2NodWxhZGFmaWxtcy5jb21cL3dwLWNvbnRlbnRcL3VwbG9hZHNcLzIwMjVcLzA5XC9TVElMTDRXRUIuanBnIiwic2xpZGVzaG93IjoiNGZkN2Q5YiJ9\" href='https:\/\/chuladafilms.com\/wp-content\/uploads\/2025\/09\/STILL4WEB.jpg'><img loading=\"lazy\" width=\"950\" height=\"534\" src=\"https:\/\/chuladafilms.com\/wp-content\/uploads\/2025\/09\/STILL4WEB.jpg\" alt=\"\" decoding=\"async\" srcset=\"https:\/\/chuladafilms.com\/wp-content\/uploads\/2025\/09\/STILL4WEB.jpg 960w, https:\/\/chuladafilms.com\/wp-content\/uploads\/2025\/09\/STILL4WEB-300x169.jpg 300w\" sizes=\"auto, 100vw\" \/><\/a><br \/>\n\t\t\t<\/figure>\n<figure class='gallery-item'>\n\t\t\t\t<a data-elementor-open-lightbox=\"yes\" data-elementor-lightbox-slideshow=\"4fd7d9b\" data-elementor-lightbox-title=\"STILL5WEB\" data-e-action-hash=\"#elementor-action%3Aaction%3Dlightbox%26settings%3DeyJpZCI6NDM5MSwidXJsIjoiaHR0cHM6XC9cL2NodWxhZGFmaWxtcy5jb21cL3dwLWNvbnRlbnRcL3VwbG9hZHNcLzIwMjVcLzA5XC9TVElMTDVXRUIuanBnIiwic2xpZGVzaG93IjoiNGZkN2Q5YiJ9\" href='https:\/\/chuladafilms.com\/wp-content\/uploads\/2025\/09\/STILL5WEB.jpg'><img loading=\"lazy\" width=\"950\" height=\"534\" src=\"https:\/\/chuladafilms.com\/wp-content\/uploads\/2025\/09\/STILL5WEB.jpg\" alt=\"\" decoding=\"async\" srcset=\"https:\/\/chuladafilms.com\/wp-content\/uploads\/2025\/09\/STILL5WEB.jpg 960w, https:\/\/chuladafilms.com\/wp-content\/uploads\/2025\/09\/STILL5WEB-300x169.jpg 300w\" sizes=\"auto, 100vw\" \/><\/a><br \/>\n\t\t\t<\/figure>\n<figure class='gallery-item'>\n\t\t\t\t<a data-elementor-open-lightbox=\"yes\" data-elementor-lightbox-slideshow=\"4fd7d9b\" data-elementor-lightbox-title=\"STILL6WEB\" data-e-action-hash=\"#elementor-action%3Aaction%3Dlightbox%26settings%3DeyJpZCI6NDM5MiwidXJsIjoiaHR0cHM6XC9cL2NodWxhZGFmaWxtcy5jb21cL3dwLWNvbnRlbnRcL3VwbG9hZHNcLzIwMjVcLzA5XC9TVElMTDZXRUIuanBnIiwic2xpZGVzaG93IjoiNGZkN2Q5YiJ9\" href='https:\/\/chuladafilms.com\/wp-content\/uploads\/2025\/09\/STILL6WEB.jpg'><img loading=\"lazy\" width=\"950\" height=\"534\" src=\"https:\/\/chuladafilms.com\/wp-content\/uploads\/2025\/09\/STILL6WEB.jpg\" alt=\"\" decoding=\"async\" srcset=\"https:\/\/chuladafilms.com\/wp-content\/uploads\/2025\/09\/STILL6WEB.jpg 960w, https:\/\/chuladafilms.com\/wp-content\/uploads\/2025\/09\/STILL6WEB-300x169.jpg 300w\" sizes=\"auto, 100vw\" \/><\/a><br \/>\n\t\t\t<\/figure>\n<figure class='gallery-item'>\n\t\t\t\t<a data-elementor-open-lightbox=\"yes\" data-elementor-lightbox-slideshow=\"4fd7d9b\" data-elementor-lightbox-title=\"STILL7WEB\" data-e-action-hash=\"#elementor-action%3Aaction%3Dlightbox%26settings%3DeyJpZCI6NDM5MywidXJsIjoiaHR0cHM6XC9cL2NodWxhZGFmaWxtcy5jb21cL3dwLWNvbnRlbnRcL3VwbG9hZHNcLzIwMjVcLzA5XC9TVElMTDdXRUIuanBnIiwic2xpZGVzaG93IjoiNGZkN2Q5YiJ9\" href='https:\/\/chuladafilms.com\/wp-content\/uploads\/2025\/09\/STILL7WEB.jpg'><img loading=\"lazy\" width=\"950\" height=\"534\" src=\"https:\/\/chuladafilms.com\/wp-content\/uploads\/2025\/09\/STILL7WEB.jpg\" alt=\"\" decoding=\"async\" srcset=\"https:\/\/chuladafilms.com\/wp-content\/uploads\/2025\/09\/STILL7WEB.jpg 960w, https:\/\/chuladafilms.com\/wp-content\/uploads\/2025\/09\/STILL7WEB-300x169.jpg 300w\" sizes=\"auto, 100vw\" \/><\/a><br \/>\n\t\t\t<\/figure>\n<figure class='gallery-item'>\n\t\t\t\t<a data-elementor-open-lightbox=\"yes\" data-elementor-lightbox-slideshow=\"4fd7d9b\" data-elementor-lightbox-title=\"STILL8WEB\" data-e-action-hash=\"#elementor-action%3Aaction%3Dlightbox%26settings%3DeyJpZCI6NDM5NCwidXJsIjoiaHR0cHM6XC9cL2NodWxhZGFmaWxtcy5jb21cL3dwLWNvbnRlbnRcL3VwbG9hZHNcLzIwMjVcLzA5XC9TVElMTDhXRUIuanBnIiwic2xpZGVzaG93IjoiNGZkN2Q5YiJ9\" href='https:\/\/chuladafilms.com\/wp-content\/uploads\/2025\/09\/STILL8WEB.jpg'><img loading=\"lazy\" width=\"950\" height=\"534\" src=\"https:\/\/chuladafilms.com\/wp-content\/uploads\/2025\/09\/STILL8WEB.jpg\" alt=\"\" decoding=\"async\" srcset=\"https:\/\/chuladafilms.com\/wp-content\/uploads\/2025\/09\/STILL8WEB.jpg 960w, https:\/\/chuladafilms.com\/wp-content\/uploads\/2025\/09\/STILL8WEB-300x169.jpg 300w\" sizes=\"auto, 100vw\" \/><\/a><br \/>\n\t\t\t<\/figure>\n<p>\t\t\t\t\t\t\t\t\t\t\t\t\t\t\t<img loading=\"lazy\" decoding=\"async\" width=\"950\" height=\"259\" src=\"https:\/\/chuladafilms.com\/wp-content\/uploads\/2025\/09\/MENSAJEPARAELFUTUROBANNER-2048x558.png\" alt=\"\" srcset=\"https:\/\/chuladafilms.com\/wp-content\/uploads\/2025\/09\/MENSAJEPARAELFUTUROBANNER-2048x558.png 2048w, https:\/\/chuladafilms.com\/wp-content\/uploads\/2025\/09\/MENSAJEPARAELFUTUROBANNER-300x82.png 300w, https:\/\/chuladafilms.com\/wp-content\/uploads\/2025\/09\/MENSAJEPARAELFUTUROBANNER-1024x279.png 1024w, https:\/\/chuladafilms.com\/wp-content\/uploads\/2025\/09\/MENSAJEPARAELFUTUROBANNER-2000x545.png 2000w, https:\/\/chuladafilms.com\/wp-content\/uploads\/2025\/09\/MENSAJEPARAELFUTUROBANNER-1536x419.png 1536w\" sizes=\"auto, 100vw\" \/><\/p>\n","protected":false},"excerpt":{"rendered":"<p>Proyecto en desarrollo Gonzalo Martr\u00e9 es un escritor con presencia y trayectoria de m\u00e1s de 50 a\u00f1os dentro de la literatura mexicana, su estilo directo, sat\u00edrico y cr\u00edtico lo ha &hellip; <\/p>\n<p class=\"link-more\"><a href=\"https:\/\/chuladafilms.com\/?page_id=4199\" class=\"more-link\">Leer m\u00e1s<span class=\"screen-reader-text\"> \u00abMENSAJE PARA EL FUTURO\u00bb<\/span><\/a><\/p>\n","protected":false},"author":1,"featured_media":0,"parent":0,"menu_order":0,"comment_status":"closed","ping_status":"closed","template":"","meta":{"footnotes":""},"class_list":["post-4199","page","type-page","status-publish","hentry"],"_links":{"self":[{"href":"https:\/\/chuladafilms.com\/index.php?rest_route=\/wp\/v2\/pages\/4199","targetHints":{"allow":["GET"]}}],"collection":[{"href":"https:\/\/chuladafilms.com\/index.php?rest_route=\/wp\/v2\/pages"}],"about":[{"href":"https:\/\/chuladafilms.com\/index.php?rest_route=\/wp\/v2\/types\/page"}],"author":[{"embeddable":true,"href":"https:\/\/chuladafilms.com\/index.php?rest_route=\/wp\/v2\/users\/1"}],"replies":[{"embeddable":true,"href":"https:\/\/chuladafilms.com\/index.php?rest_route=%2Fwp%2Fv2%2Fcomments&post=4199"}],"version-history":[{"count":42,"href":"https:\/\/chuladafilms.com\/index.php?rest_route=\/wp\/v2\/pages\/4199\/revisions"}],"predecessor-version":[{"id":4550,"href":"https:\/\/chuladafilms.com\/index.php?rest_route=\/wp\/v2\/pages\/4199\/revisions\/4550"}],"wp:attachment":[{"href":"https:\/\/chuladafilms.com\/index.php?rest_route=%2Fwp%2Fv2%2Fmedia&parent=4199"}],"curies":[{"name":"wp","href":"https:\/\/api.w.org\/{rel}","templated":true}]}}