{"id":3837,"date":"2024-04-18T22:12:51","date_gmt":"2024-04-18T22:12:51","guid":{"rendered":"https:\/\/chuladafilms.com\/?page_id=3837"},"modified":"2025-08-28T22:56:26","modified_gmt":"2025-08-28T22:56:26","slug":"cyntia-navarro","status":"publish","type":"page","link":"https:\/\/chuladafilms.com\/?page_id=3837","title":{"rendered":"Cyntia Navarro"},"content":{"rendered":"<p><img loading=\"lazy\" decoding=\"async\" width=\"296\" height=\"300\" src=\"https:\/\/chuladafilms.com\/wp-content\/uploads\/2024\/04\/Imagen-de-WhatsApp-2024-01-23-a-las-16.42.56_31310361-1-e1713480921742-296x300.jpg\" alt=\"\" srcset=\"https:\/\/chuladafilms.com\/wp-content\/uploads\/2024\/04\/Imagen-de-WhatsApp-2024-01-23-a-las-16.42.56_31310361-1-e1713480921742-296x300.jpg 296w, https:\/\/chuladafilms.com\/wp-content\/uploads\/2024\/04\/Imagen-de-WhatsApp-2024-01-23-a-las-16.42.56_31310361-1-e1713480921742.jpg 337w\" sizes=\"auto, 100vw\" \/>\t\t\t\t\t\t\t\t\t\t\t\t\t\t\t<\/p>\n<h2>Cyntia Navarro<\/h2>\n<p style=\"text-align: justify;\">Egresada del<strong> Instituto de Estudios Superiores de Occidente (ITESO)<\/strong> de la carrera de Ciencias de la Comunicaci\u00f3n. En complementaci\u00f3n, curs\u00f3 el Diplomado en Cine de la escuela del <strong>Museo de Bellas Artes<\/strong> en Boston, Massachussets y el Diplomado de Direcci\u00f3n Cinematogr\u00e1fica en la <strong>Escuela de Cine de Barcelona (ECIB)<\/strong>.<\/p>\n<p style=\"text-align: justify;\">Es pionera como Productora de Efectos Visuales en M\u00e9xico liderando el departamento de VFX de proyectos con gran complejidad en t\u00e9rminos de efectos digitales.<\/p>\n<p style=\"text-align: justify;\">Nominada en varias ocasiones y ganadora del <strong>Ariel de Plata<\/strong> en el 2020 por <em><strong>Belzebuth<\/strong><\/em> de Emilio Portes.<br \/>Ha sido parte del equipo de post producci\u00f3n de <strong>IMCINE<\/strong> en el \u00e1rea de cortometrajes, productora de VFX de <strong>Ollin Studio VFX<\/strong> y supervisora de postproducci\u00f3n en <strong>Cinematic Media<\/strong> y <strong>Chulada Films<\/strong>.<\/p>\n<p style=\"text-align: justify;\">Su experiencia la ha llevado a supervisar la postproducci\u00f3n de largometrajes y series nacionales e internacionales para todas las plataformas y canales de televisi\u00f3n en M\u00e9xico, Estados Unidos, Francia y Espa\u00f1a como <strong>Televisa<\/strong>, <strong>Canal Once<\/strong>, <strong>Discovery Channel<\/strong>, <strong>Fox<\/strong>, <strong>Star+<\/strong>, <strong>Cinecanal Francia<\/strong>, <strong>Netflix<\/strong> y <strong>Prime Video<\/strong>.<\/p>\n<p style=\"text-align: justify;\">A lo largo de su carrera destaca su participaci\u00f3n en reconocidas pel\u00edculas como <em><strong>El Curioso Caso de Benjamin Button<\/strong> <\/em>de David Fincher, <em><strong>We Were Once a Fairytale<\/strong> <\/em>de Spike Jonze. <em><strong>G\u00fceros<\/strong><\/em> de Alonso Ruizpalacios. Para <strong>Prime Video<\/strong> <em><strong>Cassandro<\/strong> <\/em>y la serie de <em><strong>Hern\u00e1n<\/strong><\/em>. Para<strong> Netflix<\/strong> <em><strong>Belascoar\u00e1n<\/strong><\/em>, <em><strong>Todo va a estar bien<\/strong><\/em>. En producciones espa\u00f1olas <em><strong>La Voluntaria<\/strong><\/em> de Nelly Reguera y <em><strong>La Imatge Permanent<\/strong> <\/em>de Laura Ferres. Actualmente, est\u00e1 a cargo de la producci\u00f3n de VFX de la \u00f3pera prima de Rodrigo Prieto <em><strong>Pedro Paramo<\/strong> <\/em>y la nueva serie de Luc\u00eda Puenzo.<\/p>\n<p>\t\t\t\t\t<a href=\"https:\/\/www.instagram.com\/heycyn\/\" target=\"_blank\"><br \/>\n\t\t\t\t\t\tInstagram<br \/>\n\t\t\t\t\t\t\t\t\t\t\t<\/a><\/p>\n","protected":false},"excerpt":{"rendered":"<p>Cyntia Navarro Egresada del Instituto de Estudios Superiores de Occidente (ITESO) de la carrera de Ciencias de la Comunicaci\u00f3n. En complementaci\u00f3n, curs\u00f3 el Diplomado en Cine de la escuela del &hellip; <\/p>\n<p class=\"link-more\"><a href=\"https:\/\/chuladafilms.com\/?page_id=3837\" class=\"more-link\">Leer m\u00e1s<span class=\"screen-reader-text\"> \u00abCyntia Navarro\u00bb<\/span><\/a><\/p>\n","protected":false},"author":1,"featured_media":0,"parent":0,"menu_order":0,"comment_status":"closed","ping_status":"closed","template":"","meta":{"footnotes":""},"class_list":["post-3837","page","type-page","status-publish","hentry"],"_links":{"self":[{"href":"https:\/\/chuladafilms.com\/index.php?rest_route=\/wp\/v2\/pages\/3837","targetHints":{"allow":["GET"]}}],"collection":[{"href":"https:\/\/chuladafilms.com\/index.php?rest_route=\/wp\/v2\/pages"}],"about":[{"href":"https:\/\/chuladafilms.com\/index.php?rest_route=\/wp\/v2\/types\/page"}],"author":[{"embeddable":true,"href":"https:\/\/chuladafilms.com\/index.php?rest_route=\/wp\/v2\/users\/1"}],"replies":[{"embeddable":true,"href":"https:\/\/chuladafilms.com\/index.php?rest_route=%2Fwp%2Fv2%2Fcomments&post=3837"}],"version-history":[{"count":23,"href":"https:\/\/chuladafilms.com\/index.php?rest_route=\/wp\/v2\/pages\/3837\/revisions"}],"predecessor-version":[{"id":4292,"href":"https:\/\/chuladafilms.com\/index.php?rest_route=\/wp\/v2\/pages\/3837\/revisions\/4292"}],"wp:attachment":[{"href":"https:\/\/chuladafilms.com\/index.php?rest_route=%2Fwp%2Fv2%2Fmedia&parent=3837"}],"curies":[{"name":"wp","href":"https:\/\/api.w.org\/{rel}","templated":true}]}}