{"id":257,"date":"2018-06-30T17:15:39","date_gmt":"2018-06-30T17:15:39","guid":{"rendered":"http:\/\/chuladafilms.com\/?page_id=257"},"modified":"2026-02-25T03:34:11","modified_gmt":"2026-02-25T03:34:11","slug":"colaboradores","status":"publish","type":"page","link":"https:\/\/chuladafilms.com\/?page_id=257","title":{"rendered":"COLABORADORES"},"content":{"rendered":"<h3>Nuestro equipo<\/h3>\n<figure><a href=\"https:\/\/chuladafilms.com\/dalia-reyes\/\" tabindex=\"-1\"><img loading=\"lazy\" decoding=\"async\" width=\"338\" height=\"341\" src=\"https:\/\/chuladafilms.com\/wp-content\/uploads\/2018\/07\/Dalia.jpg\" alt=\"\" \/><\/a><\/figure>\n<h3><a href=\"https:\/\/chuladafilms.com\/dalia-reyes\/\">Dalia Reyes Campos<\/a><\/h3>\n<p>Productora Directora<\/p>\n<figure><a href=\"https:\/\/chuladafilms.com\/isis-ahumada\/\" tabindex=\"-1\"><img loading=\"lazy\" decoding=\"async\" width=\"338\" height=\"341\" src=\"https:\/\/chuladafilms.com\/wp-content\/uploads\/2018\/07\/isis.jpg\" alt=\"\" \/><\/a><\/figure>\n<h3><a href=\"https:\/\/chuladafilms.com\/isis-ahumada\/\">Isis Ahumada<\/a><\/h3>\n<p>Directora Productora<\/p>\n<figure><a href=\"https:\/\/chuladafilms.com\/cyntia-navarro\/\" tabindex=\"-1\"><img loading=\"lazy\" decoding=\"async\" width=\"296\" height=\"300\" src=\"https:\/\/chuladafilms.com\/wp-content\/uploads\/2024\/04\/Imagen-de-WhatsApp-2024-01-23-a-las-16.42.56_31310361-e1713480865324-296x300.jpg\" alt=\"\" \/><\/a><\/figure>\n<h3><a href=\"https:\/\/chuladafilms.com\/cyntia-navarro\/\">Cyntia Navarro<\/a><\/h3>\n<p>Postproductora<\/p>\n<figure><a href=\"https:\/\/chuladafilms.com\/viviana-zuniga\/\" tabindex=\"-1\"><img loading=\"lazy\" decoding=\"async\" width=\"338\" height=\"379\" src=\"https:\/\/chuladafilms.com\/wp-content\/uploads\/2025\/08\/VIVIWEB-e1756753953900.png\" alt=\"\" \/><\/a><\/figure>\n<h3><a href=\"https:\/\/chuladafilms.com\/viviana-zuniga\/\">Viviana Z\u00fa\u00f1iga<\/a><\/h3>\n<p>Productora Directora<\/p>\n<figure><a href=\"https:\/\/chuladafilms.com\/claudia-becerril\/\" tabindex=\"-1\"><img loading=\"lazy\" decoding=\"async\" width=\"338\" height=\"341\" src=\"https:\/\/chuladafilms.com\/wp-content\/uploads\/2018\/07\/Claudia.jpg\" alt=\"\" \/><\/a><\/figure>\n<h3><a href=\"https:\/\/chuladafilms.com\/claudia-becerril\/\">Claudia Becerril<\/a><\/h3>\n<p>Cinefot\u00f3grafa<\/p>\n<figure><a href=\"https:\/\/chuladafilms.com\/laura-manguesi\/\" tabindex=\"-1\"><img loading=\"lazy\" decoding=\"async\" width=\"338\" height=\"341\" src=\"https:\/\/chuladafilms.com\/wp-content\/uploads\/2018\/07\/Laura.jpg\" alt=\"\" \/><\/a><\/figure>\n<h3><a href=\"https:\/\/chuladafilms.com\/laura-manguesi\/\">Laura Manghesi<\/a><\/h3>\n<p>Productora<\/p>\n<figure><a href=\"https:\/\/chuladafilms.com\/jana-arcega\/\" tabindex=\"-1\"><img loading=\"lazy\" decoding=\"async\" width=\"338\" height=\"341\" src=\"https:\/\/chuladafilms.com\/wp-content\/uploads\/2018\/07\/jana.jpg\" alt=\"\" \/><\/a><\/figure>\n<h3><a href=\"https:\/\/chuladafilms.com\/jana-arcega\/\">Jana Arcega<\/a><\/h3>\n<p>Productora Directora<\/p>\n","protected":false},"excerpt":{"rendered":"<p>Nuestro equipo Dalia Reyes Campos Productora Directora Isis Ahumada Directora Productora Cyntia Navarro Postproductora Viviana Z\u00fa\u00f1iga Productora Directora Claudia Becerril Cinefot\u00f3grafa Laura Manghesi Productora Jana Arcega Productora Directora<\/p>\n","protected":false},"author":1,"featured_media":0,"parent":0,"menu_order":0,"comment_status":"closed","ping_status":"closed","template":"","meta":{"footnotes":""},"class_list":["post-257","page","type-page","status-publish","hentry"],"_links":{"self":[{"href":"https:\/\/chuladafilms.com\/index.php?rest_route=\/wp\/v2\/pages\/257","targetHints":{"allow":["GET"]}}],"collection":[{"href":"https:\/\/chuladafilms.com\/index.php?rest_route=\/wp\/v2\/pages"}],"about":[{"href":"https:\/\/chuladafilms.com\/index.php?rest_route=\/wp\/v2\/types\/page"}],"author":[{"embeddable":true,"href":"https:\/\/chuladafilms.com\/index.php?rest_route=\/wp\/v2\/users\/1"}],"replies":[{"embeddable":true,"href":"https:\/\/chuladafilms.com\/index.php?rest_route=%2Fwp%2Fv2%2Fcomments&post=257"}],"version-history":[{"count":136,"href":"https:\/\/chuladafilms.com\/index.php?rest_route=\/wp\/v2\/pages\/257\/revisions"}],"predecessor-version":[{"id":4615,"href":"https:\/\/chuladafilms.com\/index.php?rest_route=\/wp\/v2\/pages\/257\/revisions\/4615"}],"wp:attachment":[{"href":"https:\/\/chuladafilms.com\/index.php?rest_route=%2Fwp%2Fv2%2Fmedia&parent=257"}],"curies":[{"name":"wp","href":"https:\/\/api.w.org\/{rel}","templated":true}]}}