{"id":1677,"date":"2023-06-23T16:35:22","date_gmt":"2023-06-23T16:35:22","guid":{"rendered":"https:\/\/chuladafilms.com\/?page_id=1677"},"modified":"2025-08-28T23:01:41","modified_gmt":"2025-08-28T23:01:41","slug":"jana-arcega","status":"publish","type":"page","link":"https:\/\/chuladafilms.com\/?page_id=1677","title":{"rendered":"Jana Arcega"},"content":{"rendered":"<p><img loading=\"lazy\" decoding=\"async\" width=\"338\" height=\"341\" src=\"https:\/\/chuladafilms.com\/wp-content\/uploads\/2018\/07\/jana.jpg\" alt=\"\" srcset=\"https:\/\/chuladafilms.com\/wp-content\/uploads\/2018\/07\/jana.jpg 338w, https:\/\/chuladafilms.com\/wp-content\/uploads\/2018\/07\/jana-150x150.jpg 150w, https:\/\/chuladafilms.com\/wp-content\/uploads\/2018\/07\/jana-297x300.jpg 297w, https:\/\/chuladafilms.com\/wp-content\/uploads\/2018\/07\/jana-230x232.jpg 230w\" sizes=\"auto, 100vw\" \/>\t\t\t\t\t\t\t\t\t\t\t\t\t\t\t<\/p>\n<h2>Jana Arcega<\/h2>\n<p style=\"text-align: justify;\">Graduada de la <strong>ESCAC <\/strong>(Barcelona, Espa\u00f1a) con especializaci\u00f3n en Direcci\u00f3n de Documental, y posteriormente estudi\u00f3 el curso de Documental del Centro de Capacitaci\u00f3n Cinematogr\u00e1fica en M\u00e9xico. Ha realizado proyectos de ensayo documental como <strong>\u2018Grietas\u2019<\/strong> (CCC, 2015) gan\u00f3 el apoyo en <strong>Doculab<\/strong> a postproducci\u00f3n del Festival de Guadalajara y ha sido beneficiaria de apoyos como PEDCAP para la producci\u00f3n de su documental de ensayo <strong>\u2018En mi horizonte\u2019<\/strong> (Chulada Films, 2014).\u00a0<\/p>\n<p style=\"text-align: justify;\">Desde el documental ha podido explorar diferentes roles, desde la fotograf\u00eda hasta la producci\u00f3n ejecutiva.<\/p>\n<p style=\"text-align: justify;\">En 2016 cursa un MA en Media and Communications Management, en <strong>Macromedia Berlin<\/strong> y se enfoca en los nuevos medios, trabajando en soportes como la realidad virtual, la realidad aumentada o el contenido digital. <br \/>En 2017 se integra a PlayGround donde produce un show diario para Facebook Watch, \u201cHoy en el internet\u201d y dirige la divisi\u00f3n de medio de comunicaci\u00f3n y branded content. A su salida, ha trabajado en la direcci\u00f3n de comunicaci\u00f3n para marcas, y actualmente dirige el estudio de innovaci\u00f3n creativo de para la marca de bienestar sexual, <strong>Platanomel\u00f3n.<\/strong><\/p>\n<p>\t\t\t\t\t<a href=\"https:\/\/www.instagram.com\/lajanite\/\" target=\"_blank\"><br \/>\n\t\t\t\t\t\tInstagram<br \/>\n\t\t\t\t\t\t\t\t\t\t\t<\/a><\/p>\n","protected":false},"excerpt":{"rendered":"<p>Jana Arcega Graduada de la ESCAC (Barcelona, Espa\u00f1a) con especializaci\u00f3n en Direcci\u00f3n de Documental, y posteriormente estudi\u00f3 el curso de Documental del Centro de Capacitaci\u00f3n Cinematogr\u00e1fica en M\u00e9xico. Ha realizado &hellip; <\/p>\n<p class=\"link-more\"><a href=\"https:\/\/chuladafilms.com\/?page_id=1677\" class=\"more-link\">Leer m\u00e1s<span class=\"screen-reader-text\"> \u00abJana Arcega\u00bb<\/span><\/a><\/p>\n","protected":false},"author":1,"featured_media":0,"parent":0,"menu_order":0,"comment_status":"closed","ping_status":"closed","template":"","meta":{"footnotes":""},"class_list":["post-1677","page","type-page","status-publish","hentry"],"_links":{"self":[{"href":"https:\/\/chuladafilms.com\/index.php?rest_route=\/wp\/v2\/pages\/1677","targetHints":{"allow":["GET"]}}],"collection":[{"href":"https:\/\/chuladafilms.com\/index.php?rest_route=\/wp\/v2\/pages"}],"about":[{"href":"https:\/\/chuladafilms.com\/index.php?rest_route=\/wp\/v2\/types\/page"}],"author":[{"embeddable":true,"href":"https:\/\/chuladafilms.com\/index.php?rest_route=\/wp\/v2\/users\/1"}],"replies":[{"embeddable":true,"href":"https:\/\/chuladafilms.com\/index.php?rest_route=%2Fwp%2Fv2%2Fcomments&post=1677"}],"version-history":[{"count":35,"href":"https:\/\/chuladafilms.com\/index.php?rest_route=\/wp\/v2\/pages\/1677\/revisions"}],"predecessor-version":[{"id":4310,"href":"https:\/\/chuladafilms.com\/index.php?rest_route=\/wp\/v2\/pages\/1677\/revisions\/4310"}],"wp:attachment":[{"href":"https:\/\/chuladafilms.com\/index.php?rest_route=%2Fwp%2Fv2%2Fmedia&parent=1677"}],"curies":[{"name":"wp","href":"https:\/\/api.w.org\/{rel}","templated":true}]}}