{"id":1540,"date":"2023-06-21T23:12:11","date_gmt":"2023-06-21T23:12:11","guid":{"rendered":"https:\/\/chuladafilms.com\/?page_id=1540"},"modified":"2025-09-09T01:11:11","modified_gmt":"2025-09-09T01:11:11","slug":"grietas-2","status":"publish","type":"page","link":"https:\/\/chuladafilms.com\/?page_id=1540","title":{"rendered":"GRIETAS"},"content":{"rendered":"<p>Una ciudad que podr\u00eda ser cualquier otra, donde se trazan l\u00edmites para mantener a sus habitantes seguros. Este es un ensayo que explora la transformaci\u00f3n de una ciudad y de sus habitantes a ra\u00edz de una emoci\u00f3n; el miedo. A trav\u00e9s de las an\u00e9cdotas, historias y opiniones de varios personajes an\u00f3nimos, dibujamos el paisaje urbano de la divisi\u00f3n, la diferencia y la otredad.<\/p>\n<p><strong>Direcci\u00f3n:\u00a0<\/strong>Jana L. Arcega Guti\u00e9rrez.<strong><em><br \/><\/em><\/strong><strong>Producci\u00f3n:<\/strong>\u00a0Henner Hofmann, Karla Bukantz.<strong>Producci\u00f3n Ejecutiva:<\/strong>\u00a0Diandra Arriaga, Jana L. Arcega Giti\u00e9rrez.<strong>Gui\u00f3n:\u00a0<\/strong>Jana L. Arcega Guti\u00e9rrez.<strong>Cinefotograf\u00eda:\u00a0<\/strong>Claudia Becerril, Carlos Correa.<strong>Edici\u00f3n:\u00a0<\/strong>Jana L. Arcega Guti\u00e9rrez, Ernesto Mart\u00ednez Bucio.<strong>Sonido:<\/strong>\u00a0Luz Mar\u00eda Rodriguez.<br \/><strong>Dise\u00f1o de Sonido:<\/strong>\u00a0Eduardo VC.<strong>Supervisi\u00f3n de Sonido:<\/strong>\u00a0Marc Bech Reina.<strong>M\u00fasica:<\/strong>\u00a0Eduardo VC.<strong>Compa\u00f1\u00eda productora:<\/strong>\u00a0Centro de Capacitaci\u00f3n Cinematogr\u00e1fica, A.C.<strong>Reparto<\/strong><em><strong>:<\/strong>\u00a0<\/em>Susteno Zavaleta, M\u00f3nica Torres, Andr\u00e9s Trigo.<br \/><strong>Sonido:<\/strong>\u00a0(dolby digital \/ stereo)\u00a05.1 Stereo.<br \/><strong>Formato de Captura:<\/strong>\u00a0HD \u2013 H.264, mp4<br \/>\n\t\t\t\t\t\t\t\t\t\t\t\t\t\t\t<img loading=\"lazy\" decoding=\"async\" width=\"530\" height=\"795\" src=\"https:\/\/chuladafilms.com\/wp-content\/uploads\/2023\/06\/posters1temp.jpg\" alt=\"\" srcset=\"https:\/\/chuladafilms.com\/wp-content\/uploads\/2023\/06\/posters1temp.jpg 530w, https:\/\/chuladafilms.com\/wp-content\/uploads\/2023\/06\/posters1temp-200x300.jpg 200w, https:\/\/chuladafilms.com\/wp-content\/uploads\/2023\/06\/posters1temp-230x345.jpg 230w, https:\/\/chuladafilms.com\/wp-content\/uploads\/2023\/06\/posters1temp-350x525.jpg 350w, https:\/\/chuladafilms.com\/wp-content\/uploads\/2023\/06\/posters1temp-480x720.jpg 480w\" sizes=\"auto, 100vw\" \/>\t\t\t\t\t\t\t\t\t\t\t\t\t\t\t<\/p>\n<p><strong>FESTIVALES Y PREMIOS<\/strong><\/p>\n<ul>\n<li>L<strong>akino Latin American Short Film Festival<\/strong>, Alemania, Abr. 2016<\/li>\n<li><strong>Cinetekton International Film Festival,<\/strong>\u00a0M\u00e9xico, Sept. 2016<\/li>\n<li>Festival Internacional de Cine de la Universidad Aut\u00f3noma de Chiapas<strong>\u00a0FICUNACH<\/strong>, M\u00e9xico, Nov. 2016<\/li>\n<\/ul>\n<figure class='gallery-item'>\n\t\t\t\t<a data-elementor-open-lightbox=\"yes\" data-elementor-lightbox-slideshow=\"13d66e2\" data-elementor-lightbox-title=\"GRIETASstill1\" data-e-action-hash=\"#elementor-action%3Aaction%3Dlightbox%26settings%3DeyJpZCI6MTUzMSwidXJsIjoiaHR0cHM6XC9cL2NodWxhZGFmaWxtcy5jb21cL3dwLWNvbnRlbnRcL3VwbG9hZHNcLzIwMjNcLzA2XC9HUklFVEFTc3RpbGwxLXNjYWxlZC5qcGciLCJzbGlkZXNob3ciOiIxM2Q2NmUyIn0%3D\" href='https:\/\/chuladafilms.com\/wp-content\/uploads\/2023\/06\/GRIETASstill1-scaled.jpg'><img loading=\"lazy\" width=\"950\" height=\"534\" src=\"https:\/\/chuladafilms.com\/wp-content\/uploads\/2023\/06\/GRIETASstill1-1024x576.jpg\" alt=\"\" decoding=\"async\" srcset=\"https:\/\/chuladafilms.com\/wp-content\/uploads\/2023\/06\/GRIETASstill1-1024x576.jpg 1024w, https:\/\/chuladafilms.com\/wp-content\/uploads\/2023\/06\/GRIETASstill1-300x169.jpg 300w, https:\/\/chuladafilms.com\/wp-content\/uploads\/2023\/06\/GRIETASstill1-768x432.jpg 768w, https:\/\/chuladafilms.com\/wp-content\/uploads\/2023\/06\/GRIETASstill1-1536x864.jpg 1536w, https:\/\/chuladafilms.com\/wp-content\/uploads\/2023\/06\/GRIETASstill1-2048x1152.jpg 2048w, https:\/\/chuladafilms.com\/wp-content\/uploads\/2023\/06\/GRIETASstill1-1000x563.jpg 1000w, https:\/\/chuladafilms.com\/wp-content\/uploads\/2023\/06\/GRIETASstill1-230x129.jpg 230w, https:\/\/chuladafilms.com\/wp-content\/uploads\/2023\/06\/GRIETASstill1-350x197.jpg 350w, https:\/\/chuladafilms.com\/wp-content\/uploads\/2023\/06\/GRIETASstill1-480x270.jpg 480w\" sizes=\"auto, 100vw\" \/><\/a><br \/>\n\t\t\t<\/figure>\n<figure class='gallery-item'>\n\t\t\t\t<a data-elementor-open-lightbox=\"yes\" data-elementor-lightbox-slideshow=\"13d66e2\" data-elementor-lightbox-title=\"GRIETASstill3\" data-e-action-hash=\"#elementor-action%3Aaction%3Dlightbox%26settings%3DeyJpZCI6MTUzMiwidXJsIjoiaHR0cHM6XC9cL2NodWxhZGFmaWxtcy5jb21cL3dwLWNvbnRlbnRcL3VwbG9hZHNcLzIwMjNcLzA2XC9HUklFVEFTc3RpbGwzLXNjYWxlZC5qcGciLCJzbGlkZXNob3ciOiIxM2Q2NmUyIn0%3D\" href='https:\/\/chuladafilms.com\/wp-content\/uploads\/2023\/06\/GRIETASstill3-scaled.jpg'><img loading=\"lazy\" width=\"950\" height=\"534\" src=\"https:\/\/chuladafilms.com\/wp-content\/uploads\/2023\/06\/GRIETASstill3-1024x576.jpg\" alt=\"\" decoding=\"async\" srcset=\"https:\/\/chuladafilms.com\/wp-content\/uploads\/2023\/06\/GRIETASstill3-1024x576.jpg 1024w, https:\/\/chuladafilms.com\/wp-content\/uploads\/2023\/06\/GRIETASstill3-300x169.jpg 300w, https:\/\/chuladafilms.com\/wp-content\/uploads\/2023\/06\/GRIETASstill3-768x432.jpg 768w, https:\/\/chuladafilms.com\/wp-content\/uploads\/2023\/06\/GRIETASstill3-1536x864.jpg 1536w, https:\/\/chuladafilms.com\/wp-content\/uploads\/2023\/06\/GRIETASstill3-2048x1152.jpg 2048w, https:\/\/chuladafilms.com\/wp-content\/uploads\/2023\/06\/GRIETASstill3-1000x563.jpg 1000w, https:\/\/chuladafilms.com\/wp-content\/uploads\/2023\/06\/GRIETASstill3-230x129.jpg 230w, https:\/\/chuladafilms.com\/wp-content\/uploads\/2023\/06\/GRIETASstill3-350x197.jpg 350w, https:\/\/chuladafilms.com\/wp-content\/uploads\/2023\/06\/GRIETASstill3-480x270.jpg 480w\" sizes=\"auto, 100vw\" \/><\/a><br \/>\n\t\t\t<\/figure>\n<figure class='gallery-item'>\n\t\t\t\t<a data-elementor-open-lightbox=\"yes\" data-elementor-lightbox-slideshow=\"13d66e2\" data-elementor-lightbox-title=\"GRIETASstill21920x1080\" data-e-action-hash=\"#elementor-action%3Aaction%3Dlightbox%26settings%3DeyJpZCI6MTUzMywidXJsIjoiaHR0cHM6XC9cL2NodWxhZGFmaWxtcy5jb21cL3dwLWNvbnRlbnRcL3VwbG9hZHNcLzIwMjNcLzA2XC9HUklFVEFTc3RpbGwyMTkyMHgxMDgwLmpwZyIsInNsaWRlc2hvdyI6IjEzZDY2ZTIifQ%3D%3D\" href='https:\/\/chuladafilms.com\/wp-content\/uploads\/2023\/06\/GRIETASstill21920x1080.jpg'><img loading=\"lazy\" width=\"950\" height=\"534\" src=\"https:\/\/chuladafilms.com\/wp-content\/uploads\/2023\/06\/GRIETASstill21920x1080-1024x576.jpg\" alt=\"\" decoding=\"async\" srcset=\"https:\/\/chuladafilms.com\/wp-content\/uploads\/2023\/06\/GRIETASstill21920x1080-1024x576.jpg 1024w, https:\/\/chuladafilms.com\/wp-content\/uploads\/2023\/06\/GRIETASstill21920x1080-300x169.jpg 300w, https:\/\/chuladafilms.com\/wp-content\/uploads\/2023\/06\/GRIETASstill21920x1080-768x432.jpg 768w, https:\/\/chuladafilms.com\/wp-content\/uploads\/2023\/06\/GRIETASstill21920x1080-1536x864.jpg 1536w, https:\/\/chuladafilms.com\/wp-content\/uploads\/2023\/06\/GRIETASstill21920x1080-1000x563.jpg 1000w, https:\/\/chuladafilms.com\/wp-content\/uploads\/2023\/06\/GRIETASstill21920x1080-230x129.jpg 230w, https:\/\/chuladafilms.com\/wp-content\/uploads\/2023\/06\/GRIETASstill21920x1080-350x197.jpg 350w, https:\/\/chuladafilms.com\/wp-content\/uploads\/2023\/06\/GRIETASstill21920x1080-480x270.jpg 480w, https:\/\/chuladafilms.com\/wp-content\/uploads\/2023\/06\/GRIETASstill21920x1080.jpg 1920w\" sizes=\"auto, 100vw\" \/><\/a><br \/>\n\t\t\t<\/figure>\n<figure class='gallery-item'>\n\t\t\t\t<a data-elementor-open-lightbox=\"yes\" data-elementor-lightbox-slideshow=\"13d66e2\" data-elementor-lightbox-title=\"still3\" data-e-action-hash=\"#elementor-action%3Aaction%3Dlightbox%26settings%3DeyJpZCI6MTUzNSwidXJsIjoiaHR0cHM6XC9cL2NodWxhZGFmaWxtcy5jb21cL3dwLWNvbnRlbnRcL3VwbG9hZHNcLzIwMjNcLzA2XC9zdGlsbDMtc2NhbGVkLmpwZyIsInNsaWRlc2hvdyI6IjEzZDY2ZTIifQ%3D%3D\" href='https:\/\/chuladafilms.com\/wp-content\/uploads\/2023\/06\/still3-scaled.jpg'><img loading=\"lazy\" width=\"950\" height=\"534\" src=\"https:\/\/chuladafilms.com\/wp-content\/uploads\/2023\/06\/still3-1024x576.jpg\" alt=\"\" decoding=\"async\" srcset=\"https:\/\/chuladafilms.com\/wp-content\/uploads\/2023\/06\/still3-1024x576.jpg 1024w, https:\/\/chuladafilms.com\/wp-content\/uploads\/2023\/06\/still3-300x169.jpg 300w, https:\/\/chuladafilms.com\/wp-content\/uploads\/2023\/06\/still3-768x432.jpg 768w, https:\/\/chuladafilms.com\/wp-content\/uploads\/2023\/06\/still3-1536x864.jpg 1536w, https:\/\/chuladafilms.com\/wp-content\/uploads\/2023\/06\/still3-2048x1152.jpg 2048w, https:\/\/chuladafilms.com\/wp-content\/uploads\/2023\/06\/still3-1000x563.jpg 1000w, https:\/\/chuladafilms.com\/wp-content\/uploads\/2023\/06\/still3-230x129.jpg 230w, https:\/\/chuladafilms.com\/wp-content\/uploads\/2023\/06\/still3-350x197.jpg 350w, https:\/\/chuladafilms.com\/wp-content\/uploads\/2023\/06\/still3-480x270.jpg 480w\" sizes=\"auto, 100vw\" \/><\/a><br \/>\n\t\t\t<\/figure>\n<p>\t\t\t\t\t\t\t\t\t\t\t\t\t\t\t<img loading=\"lazy\" decoding=\"async\" width=\"950\" height=\"259\" src=\"https:\/\/chuladafilms.com\/wp-content\/uploads\/2023\/06\/grietas_banner.jpg\" alt=\"\" srcset=\"https:\/\/chuladafilms.com\/wp-content\/uploads\/2023\/06\/grietas_banner.jpg 1000w, https:\/\/chuladafilms.com\/wp-content\/uploads\/2023\/06\/grietas_banner-300x82.jpg 300w, https:\/\/chuladafilms.com\/wp-content\/uploads\/2023\/06\/grietas_banner-768x210.jpg 768w, https:\/\/chuladafilms.com\/wp-content\/uploads\/2023\/06\/grietas_banner-230x63.jpg 230w, https:\/\/chuladafilms.com\/wp-content\/uploads\/2023\/06\/grietas_banner-350x96.jpg 350w, https:\/\/chuladafilms.com\/wp-content\/uploads\/2023\/06\/grietas_banner-480x131.jpg 480w\" sizes=\"auto, 100vw\" \/><\/p>\n","protected":false},"excerpt":{"rendered":"<p>Una ciudad que podr\u00eda ser cualquier otra, donde se trazan l\u00edmites para mantener a sus habitantes seguros. Este es un ensayo que explora la transformaci\u00f3n de una ciudad y de &hellip; <\/p>\n<p class=\"link-more\"><a href=\"https:\/\/chuladafilms.com\/?page_id=1540\" class=\"more-link\">Leer m\u00e1s<span class=\"screen-reader-text\"> \u00abGRIETAS\u00bb<\/span><\/a><\/p>\n","protected":false},"author":1,"featured_media":0,"parent":0,"menu_order":0,"comment_status":"closed","ping_status":"closed","template":"","meta":{"footnotes":""},"class_list":["post-1540","page","type-page","status-publish","hentry"],"_links":{"self":[{"href":"https:\/\/chuladafilms.com\/index.php?rest_route=\/wp\/v2\/pages\/1540","targetHints":{"allow":["GET"]}}],"collection":[{"href":"https:\/\/chuladafilms.com\/index.php?rest_route=\/wp\/v2\/pages"}],"about":[{"href":"https:\/\/chuladafilms.com\/index.php?rest_route=\/wp\/v2\/types\/page"}],"author":[{"embeddable":true,"href":"https:\/\/chuladafilms.com\/index.php?rest_route=\/wp\/v2\/users\/1"}],"replies":[{"embeddable":true,"href":"https:\/\/chuladafilms.com\/index.php?rest_route=%2Fwp%2Fv2%2Fcomments&post=1540"}],"version-history":[{"count":100,"href":"https:\/\/chuladafilms.com\/index.php?rest_route=\/wp\/v2\/pages\/1540\/revisions"}],"predecessor-version":[{"id":4473,"href":"https:\/\/chuladafilms.com\/index.php?rest_route=\/wp\/v2\/pages\/1540\/revisions\/4473"}],"wp:attachment":[{"href":"https:\/\/chuladafilms.com\/index.php?rest_route=%2Fwp%2Fv2%2Fmedia&parent=1540"}],"curies":[{"name":"wp","href":"https:\/\/api.w.org\/{rel}","templated":true}]}}