{"id":142,"date":"2018-05-24T11:19:52","date_gmt":"2018-05-24T11:19:52","guid":{"rendered":"http:\/\/demo.athemes.com\/sydney-temp\/?page_id=4"},"modified":"2024-04-18T23:28:46","modified_gmt":"2024-04-18T23:28:46","slug":"my-front-page","status":"publish","type":"page","link":"https:\/\/chuladafilms.com\/","title":{"rendered":"CHULADA FILMS"},"content":{"rendered":"<p><img loading=\"lazy\" decoding=\"async\" width=\"300\" height=\"199\" src=\"https:\/\/chuladafilms.com\/wp-content\/uploads\/2024\/03\/logo-blanco-color-300x199.png\" alt=\"\" srcset=\"https:\/\/chuladafilms.com\/wp-content\/uploads\/2024\/03\/logo-blanco-color-300x199.png 300w, https:\/\/chuladafilms.com\/wp-content\/uploads\/2024\/03\/logo-blanco-color-1024x681.png 1024w, https:\/\/chuladafilms.com\/wp-content\/uploads\/2024\/03\/logo-blanco-color-768x511.png 768w, https:\/\/chuladafilms.com\/wp-content\/uploads\/2024\/03\/logo-blanco-color-1536x1021.png 1536w, https:\/\/chuladafilms.com\/wp-content\/uploads\/2024\/03\/logo-blanco-color-2048x1361.png 2048w, https:\/\/chuladafilms.com\/wp-content\/uploads\/2024\/03\/logo-blanco-color-1000x665.png 1000w, https:\/\/chuladafilms.com\/wp-content\/uploads\/2024\/03\/logo-blanco-color-230x153.png 230w, https:\/\/chuladafilms.com\/wp-content\/uploads\/2024\/03\/logo-blanco-color-350x233.png 350w, https:\/\/chuladafilms.com\/wp-content\/uploads\/2024\/03\/logo-blanco-color-480x319.png 480w\" sizes=\"auto, 100vw\" \/>\t\t\t\t\t\t\t\t\t\t\t\t\t<\/p>\n<p style=\"text-align: center;\">En Chulada Films creemos en el cine documental de autor, con sus estilos que van m\u00e1s all\u00e1 de los canones de la industria, con propuestas discursivas diferentes que confrontan a los espectadores, as\u00ed como tambi\u00e9n apoyamos e incentivamos el uso de todas aquellas herramientas narrativas del lenguaje audiovisual para dar vida a proyectos h\u00edbridos.<\/p>\n","protected":false},"excerpt":{"rendered":"<p>En Chulada Films creemos en el cine documental de autor, con sus estilos que van m\u00e1s all\u00e1 de los canones de la industria, con propuestas discursivas diferentes que confrontan a &hellip; <\/p>\n<p class=\"link-more\"><a href=\"https:\/\/chuladafilms.com\/\" class=\"more-link\">Leer m\u00e1s<span class=\"screen-reader-text\"> \u00abCHULADA FILMS\u00bb<\/span><\/a><\/p>\n","protected":false},"author":1,"featured_media":65,"parent":0,"menu_order":0,"comment_status":"closed","ping_status":"closed","template":"elementor_header_footer","meta":{"footnotes":""},"class_list":["post-142","page","type-page","status-publish","has-post-thumbnail","hentry"],"_links":{"self":[{"href":"https:\/\/chuladafilms.com\/index.php?rest_route=\/wp\/v2\/pages\/142","targetHints":{"allow":["GET"]}}],"collection":[{"href":"https:\/\/chuladafilms.com\/index.php?rest_route=\/wp\/v2\/pages"}],"about":[{"href":"https:\/\/chuladafilms.com\/index.php?rest_route=\/wp\/v2\/types\/page"}],"author":[{"embeddable":true,"href":"https:\/\/chuladafilms.com\/index.php?rest_route=\/wp\/v2\/users\/1"}],"replies":[{"embeddable":true,"href":"https:\/\/chuladafilms.com\/index.php?rest_route=%2Fwp%2Fv2%2Fcomments&post=142"}],"version-history":[{"count":478,"href":"https:\/\/chuladafilms.com\/index.php?rest_route=\/wp\/v2\/pages\/142\/revisions"}],"predecessor-version":[{"id":4625,"href":"https:\/\/chuladafilms.com\/index.php?rest_route=\/wp\/v2\/pages\/142\/revisions\/4625"}],"wp:featuredmedia":[{"embeddable":true,"href":"https:\/\/chuladafilms.com\/index.php?rest_route=\/wp\/v2\/media\/65"}],"wp:attachment":[{"href":"https:\/\/chuladafilms.com\/index.php?rest_route=%2Fwp%2Fv2%2Fmedia&parent=142"}],"curies":[{"name":"wp","href":"https:\/\/api.w.org\/{rel}","templated":true}]}}