{"id":1378,"date":"2023-05-03T03:38:17","date_gmt":"2023-05-03T03:38:17","guid":{"rendered":"https:\/\/chuladafilms.com\/?page_id=1378"},"modified":"2025-09-09T01:10:34","modified_gmt":"2025-09-09T01:10:34","slug":"cortometrajes-carnaza","status":"publish","type":"page","link":"https:\/\/chuladafilms.com\/?page_id=1378","title":{"rendered":"CARNAZA"},"content":{"rendered":"<p>https:\/\/vimeo.com\/823205571\/d99823cb9c?share=copy<\/p>\n<p style=\"margin-bottom: 0.0001pt; line-height: normal; text-align: justify;\">En la zona chinampera de Xochimilco, una jaur\u00eda de perros mat\u00f3 a una vaca de Adri\u00e1n y atacaron al esposo de Anita. Ambos tratan de sobrellevar la vida tras la p\u00e9rdida, mientras estos acontecimientos resuenan en su d\u00eda a d\u00eda.<\/p>\n<p><strong>Direcci\u00f3n:\u00a0<\/strong>Laurel Guerra.<br \/><strong>Asistente de Direcci\u00f3n:\u00a0<\/strong>Elizabeth Mondrag\u00f3n.<br \/><strong>Producci\u00f3n:\u00a0<\/strong>Dalia Reyes.<br \/><strong>Gerente de Producci\u00f3n:<\/strong>\u00a0Adriana V\u00e1zquez Vel\u00e1zquez.<br \/><strong>Producci\u00f3n en L\u00ednea:<\/strong>\u00a0Viviana Zu\u00f1iga.<br \/><strong>Cinefotograf\u00eda:<\/strong>\u00a0Argel Ahumada.\u00a0<br \/><strong>Gui\u00f3n:<\/strong>\u00a0Laurel Guerra, Dalia Reyes<br \/><strong>Edici\u00f3n:<\/strong>\u00a0Dalia Reyes, Laurel Guerra.<br \/><strong>Dise\u00f1o Sonoro:<\/strong>\u00a0Marco Antonio Hern\u00e1ndez Barajas.<\/p>\n<p><strong>Sonido Directo:\u00a0<\/strong>Sandra Ch\u00e1vez.<strong><br \/>Mezcla 5.1:\u00a0<\/strong>Marco Antonio Hern\u00e1ndez Barajas.<strong><br \/>Compa\u00f1\u00eda productora:<\/strong>\u00a0Chulada Cine.\u00a0<br \/><strong>Lugar de rodaje:<\/strong>\u00a0Xochimilco, Ciudad de M\u00e9xico.<br \/><strong>Cast:<\/strong>\u00a0Anastasia Cruz, Wendy Soto, Adri\u00e1n Rosas.<br \/><strong>Aspect Ratio:<\/strong>\u00a02.0:1<br \/><strong>Sonido:<\/strong>\u00a05.1<br \/><strong>Parental Rating:<\/strong>\u00a0A+ Todo p\u00fablico.<\/p>\n<p>\t\t\t\t\t\t\t\t\t\t\t\t\t\t\t\t<a href=\"https:\/\/chuladafilms.com\/wp-content\/uploads\/2024\/04\/CARNAZA_CARTEL_240410-e1712959125864.png\" data-elementor-open-lightbox=\"yes\" data-elementor-lightbox-title=\"CARNAZA_CARTEL_240410\" data-e-action-hash=\"#elementor-action%3Aaction%3Dlightbox%26settings%3DeyJpZCI6MzU0MiwidXJsIjoiaHR0cHM6XC9cL2NodWxhZGFmaWxtcy5jb21cL3dwLWNvbnRlbnRcL3VwbG9hZHNcLzIwMjRcLzA0XC9DQVJOQVpBX0NBUlRFTF8yNDA0MTAtZTE3MTI5NTkxMjU4NjQucG5nIn0%3D\"><br \/>\n\t\t\t\t\t\t\t<img loading=\"lazy\" decoding=\"async\" width=\"675\" height=\"1024\" src=\"https:\/\/chuladafilms.com\/wp-content\/uploads\/2024\/04\/CARNAZA_CARTEL_240410-e1712959125864-675x1024.png\" alt=\"\" srcset=\"https:\/\/chuladafilms.com\/wp-content\/uploads\/2024\/04\/CARNAZA_CARTEL_240410-e1712959125864-675x1024.png 675w, https:\/\/chuladafilms.com\/wp-content\/uploads\/2024\/04\/CARNAZA_CARTEL_240410-e1712959125864-198x300.png 198w, https:\/\/chuladafilms.com\/wp-content\/uploads\/2024\/04\/CARNAZA_CARTEL_240410-e1712959125864-768x1164.png 768w, https:\/\/chuladafilms.com\/wp-content\/uploads\/2024\/04\/CARNAZA_CARTEL_240410-e1712959125864-1013x1536.png 1013w, https:\/\/chuladafilms.com\/wp-content\/uploads\/2024\/04\/CARNAZA_CARTEL_240410-e1712959125864-1000x1516.png 1000w, https:\/\/chuladafilms.com\/wp-content\/uploads\/2024\/04\/CARNAZA_CARTEL_240410-e1712959125864-230x349.png 230w, https:\/\/chuladafilms.com\/wp-content\/uploads\/2024\/04\/CARNAZA_CARTEL_240410-e1712959125864-350x531.png 350w, https:\/\/chuladafilms.com\/wp-content\/uploads\/2024\/04\/CARNAZA_CARTEL_240410-e1712959125864-480x728.png 480w, https:\/\/chuladafilms.com\/wp-content\/uploads\/2024\/04\/CARNAZA_CARTEL_240410-e1712959125864.png 1023w\" sizes=\"auto, 100vw\" \/>\t\t\t\t\t\t\t\t<\/a><\/p>\n<p><strong>FESTIVALES Y PREMIOS<\/strong><\/p>\n<ul>\n<li><strong>Programa Polos Audiovisuales<\/strong>, M\u00e9xico, 2020<\/li>\n<li><strong>Huellas Verdes<\/strong>\u00a0Concurso de creaci\u00f3n de Cortometrajes con mejores pr\u00e1cticas para reducir su impacto ambiental, M\u00e9xico, 2022<\/li>\n<li>Apoyo para la producci\u00f3n y realizaci\u00f3n de cortometrajes, con tema libre 2022 de\u00a0<strong>PROCINE<\/strong>\u00a0CDMX, M\u00e9xico, 2022.<\/li>\n<li><strong>Ambulante\u00a0<\/strong>gira de documentales, 2024.<\/li>\n<\/ul>\n<figure class='gallery-item'>\n\t\t\t\t<a data-elementor-open-lightbox=\"yes\" data-elementor-lightbox-slideshow=\"52a6fbb1\" data-elementor-lightbox-title=\"vlcsnap-2024-03-10-18h10m47s327\" data-e-action-hash=\"#elementor-action%3Aaction%3Dlightbox%26settings%3DeyJpZCI6MzE3MiwidXJsIjoiaHR0cHM6XC9cL2NodWxhZGFmaWxtcy5jb21cL3dwLWNvbnRlbnRcL3VwbG9hZHNcLzIwMjRcLzAzXC92bGNzbmFwLTIwMjQtMDMtMTAtMThoMTBtNDdzMzI3LnBuZyIsInNsaWRlc2hvdyI6IjUyYTZmYmIxIn0%3D\" href='https:\/\/chuladafilms.com\/wp-content\/uploads\/2024\/03\/vlcsnap-2024-03-10-18h10m47s327.png'><img loading=\"lazy\" width=\"950\" height=\"474\" src=\"https:\/\/chuladafilms.com\/wp-content\/uploads\/2024\/03\/vlcsnap-2024-03-10-18h10m47s327-1024x511.png\" alt=\"\" decoding=\"async\" srcset=\"https:\/\/chuladafilms.com\/wp-content\/uploads\/2024\/03\/vlcsnap-2024-03-10-18h10m47s327-1024x511.png 1024w, https:\/\/chuladafilms.com\/wp-content\/uploads\/2024\/03\/vlcsnap-2024-03-10-18h10m47s327-300x150.png 300w, https:\/\/chuladafilms.com\/wp-content\/uploads\/2024\/03\/vlcsnap-2024-03-10-18h10m47s327-768x384.png 768w, https:\/\/chuladafilms.com\/wp-content\/uploads\/2024\/03\/vlcsnap-2024-03-10-18h10m47s327-1536x767.png 1536w, https:\/\/chuladafilms.com\/wp-content\/uploads\/2024\/03\/vlcsnap-2024-03-10-18h10m47s327-2048x1023.png 2048w, https:\/\/chuladafilms.com\/wp-content\/uploads\/2024\/03\/vlcsnap-2024-03-10-18h10m47s327-1000x499.png 1000w, https:\/\/chuladafilms.com\/wp-content\/uploads\/2024\/03\/vlcsnap-2024-03-10-18h10m47s327-230x115.png 230w, https:\/\/chuladafilms.com\/wp-content\/uploads\/2024\/03\/vlcsnap-2024-03-10-18h10m47s327-350x175.png 350w, https:\/\/chuladafilms.com\/wp-content\/uploads\/2024\/03\/vlcsnap-2024-03-10-18h10m47s327-480x240.png 480w, https:\/\/chuladafilms.com\/wp-content\/uploads\/2024\/03\/vlcsnap-2024-03-10-18h10m47s327-2000x999.png 2000w\" sizes=\"auto, 100vw\" \/><\/a><br \/>\n\t\t\t<\/figure>\n<figure class='gallery-item'>\n\t\t\t\t<a data-elementor-open-lightbox=\"yes\" data-elementor-lightbox-slideshow=\"52a6fbb1\" data-elementor-lightbox-title=\"vlcsnap-2024-03-10-18h15m03s710\" data-e-action-hash=\"#elementor-action%3Aaction%3Dlightbox%26settings%3DeyJpZCI6MzE3MywidXJsIjoiaHR0cHM6XC9cL2NodWxhZGFmaWxtcy5jb21cL3dwLWNvbnRlbnRcL3VwbG9hZHNcLzIwMjRcLzAzXC92bGNzbmFwLTIwMjQtMDMtMTAtMThoMTVtMDNzNzEwLnBuZyIsInNsaWRlc2hvdyI6IjUyYTZmYmIxIn0%3D\" href='https:\/\/chuladafilms.com\/wp-content\/uploads\/2024\/03\/vlcsnap-2024-03-10-18h15m03s710.png'><img loading=\"lazy\" width=\"950\" height=\"474\" src=\"https:\/\/chuladafilms.com\/wp-content\/uploads\/2024\/03\/vlcsnap-2024-03-10-18h15m03s710-1024x511.png\" alt=\"\" decoding=\"async\" srcset=\"https:\/\/chuladafilms.com\/wp-content\/uploads\/2024\/03\/vlcsnap-2024-03-10-18h15m03s710-1024x511.png 1024w, https:\/\/chuladafilms.com\/wp-content\/uploads\/2024\/03\/vlcsnap-2024-03-10-18h15m03s710-300x150.png 300w, https:\/\/chuladafilms.com\/wp-content\/uploads\/2024\/03\/vlcsnap-2024-03-10-18h15m03s710-768x384.png 768w, https:\/\/chuladafilms.com\/wp-content\/uploads\/2024\/03\/vlcsnap-2024-03-10-18h15m03s710-1536x767.png 1536w, https:\/\/chuladafilms.com\/wp-content\/uploads\/2024\/03\/vlcsnap-2024-03-10-18h15m03s710-2048x1023.png 2048w, https:\/\/chuladafilms.com\/wp-content\/uploads\/2024\/03\/vlcsnap-2024-03-10-18h15m03s710-1000x499.png 1000w, https:\/\/chuladafilms.com\/wp-content\/uploads\/2024\/03\/vlcsnap-2024-03-10-18h15m03s710-230x115.png 230w, https:\/\/chuladafilms.com\/wp-content\/uploads\/2024\/03\/vlcsnap-2024-03-10-18h15m03s710-350x175.png 350w, https:\/\/chuladafilms.com\/wp-content\/uploads\/2024\/03\/vlcsnap-2024-03-10-18h15m03s710-480x240.png 480w\" sizes=\"auto, 100vw\" \/><\/a><br \/>\n\t\t\t<\/figure>\n<figure class='gallery-item'>\n\t\t\t\t<a data-elementor-open-lightbox=\"yes\" data-elementor-lightbox-slideshow=\"52a6fbb1\" data-elementor-lightbox-title=\"vlcsnap-2024-03-10-18h15m40s622\" data-e-action-hash=\"#elementor-action%3Aaction%3Dlightbox%26settings%3DeyJpZCI6MzE3NCwidXJsIjoiaHR0cHM6XC9cL2NodWxhZGFmaWxtcy5jb21cL3dwLWNvbnRlbnRcL3VwbG9hZHNcLzIwMjRcLzAzXC92bGNzbmFwLTIwMjQtMDMtMTAtMThoMTVtNDBzNjIyLnBuZyIsInNsaWRlc2hvdyI6IjUyYTZmYmIxIn0%3D\" href='https:\/\/chuladafilms.com\/wp-content\/uploads\/2024\/03\/vlcsnap-2024-03-10-18h15m40s622.png'><img loading=\"lazy\" width=\"950\" height=\"474\" src=\"https:\/\/chuladafilms.com\/wp-content\/uploads\/2024\/03\/vlcsnap-2024-03-10-18h15m40s622-1024x511.png\" alt=\"\" decoding=\"async\" srcset=\"https:\/\/chuladafilms.com\/wp-content\/uploads\/2024\/03\/vlcsnap-2024-03-10-18h15m40s622-1024x511.png 1024w, https:\/\/chuladafilms.com\/wp-content\/uploads\/2024\/03\/vlcsnap-2024-03-10-18h15m40s622-300x150.png 300w, https:\/\/chuladafilms.com\/wp-content\/uploads\/2024\/03\/vlcsnap-2024-03-10-18h15m40s622-768x384.png 768w, https:\/\/chuladafilms.com\/wp-content\/uploads\/2024\/03\/vlcsnap-2024-03-10-18h15m40s622-1536x767.png 1536w, https:\/\/chuladafilms.com\/wp-content\/uploads\/2024\/03\/vlcsnap-2024-03-10-18h15m40s622-2048x1023.png 2048w, https:\/\/chuladafilms.com\/wp-content\/uploads\/2024\/03\/vlcsnap-2024-03-10-18h15m40s622-1000x499.png 1000w, https:\/\/chuladafilms.com\/wp-content\/uploads\/2024\/03\/vlcsnap-2024-03-10-18h15m40s622-230x115.png 230w, https:\/\/chuladafilms.com\/wp-content\/uploads\/2024\/03\/vlcsnap-2024-03-10-18h15m40s622-350x175.png 350w, https:\/\/chuladafilms.com\/wp-content\/uploads\/2024\/03\/vlcsnap-2024-03-10-18h15m40s622-480x240.png 480w\" sizes=\"auto, 100vw\" \/><\/a><br \/>\n\t\t\t<\/figure>\n<figure class='gallery-item'>\n\t\t\t\t<a data-elementor-open-lightbox=\"yes\" data-elementor-lightbox-slideshow=\"52a6fbb1\" data-elementor-lightbox-title=\"vlcsnap-2024-03-10-18h32m58s070\" data-e-action-hash=\"#elementor-action%3Aaction%3Dlightbox%26settings%3DeyJpZCI6MzE4NSwidXJsIjoiaHR0cHM6XC9cL2NodWxhZGFmaWxtcy5jb21cL3dwLWNvbnRlbnRcL3VwbG9hZHNcLzIwMjRcLzAzXC92bGNzbmFwLTIwMjQtMDMtMTAtMThoMzJtNThzMDcwLnBuZyIsInNsaWRlc2hvdyI6IjUyYTZmYmIxIn0%3D\" href='https:\/\/chuladafilms.com\/wp-content\/uploads\/2024\/03\/vlcsnap-2024-03-10-18h32m58s070.png'><img loading=\"lazy\" width=\"950\" height=\"474\" src=\"https:\/\/chuladafilms.com\/wp-content\/uploads\/2024\/03\/vlcsnap-2024-03-10-18h32m58s070-1024x511.png\" alt=\"\" decoding=\"async\" srcset=\"https:\/\/chuladafilms.com\/wp-content\/uploads\/2024\/03\/vlcsnap-2024-03-10-18h32m58s070-1024x511.png 1024w, https:\/\/chuladafilms.com\/wp-content\/uploads\/2024\/03\/vlcsnap-2024-03-10-18h32m58s070-300x150.png 300w, https:\/\/chuladafilms.com\/wp-content\/uploads\/2024\/03\/vlcsnap-2024-03-10-18h32m58s070-768x384.png 768w, https:\/\/chuladafilms.com\/wp-content\/uploads\/2024\/03\/vlcsnap-2024-03-10-18h32m58s070-1536x767.png 1536w, https:\/\/chuladafilms.com\/wp-content\/uploads\/2024\/03\/vlcsnap-2024-03-10-18h32m58s070-2048x1023.png 2048w, https:\/\/chuladafilms.com\/wp-content\/uploads\/2024\/03\/vlcsnap-2024-03-10-18h32m58s070-1000x499.png 1000w, https:\/\/chuladafilms.com\/wp-content\/uploads\/2024\/03\/vlcsnap-2024-03-10-18h32m58s070-230x115.png 230w, https:\/\/chuladafilms.com\/wp-content\/uploads\/2024\/03\/vlcsnap-2024-03-10-18h32m58s070-350x175.png 350w, https:\/\/chuladafilms.com\/wp-content\/uploads\/2024\/03\/vlcsnap-2024-03-10-18h32m58s070-480x240.png 480w\" sizes=\"auto, 100vw\" \/><\/a><br \/>\n\t\t\t<\/figure>\n<figure class='gallery-item'>\n\t\t\t\t<a data-elementor-open-lightbox=\"yes\" data-elementor-lightbox-slideshow=\"52a6fbb1\" data-elementor-lightbox-title=\"vlcsnap-2024-03-10-18h38m32s581\" data-e-action-hash=\"#elementor-action%3Aaction%3Dlightbox%26settings%3DeyJpZCI6MzE4MywidXJsIjoiaHR0cHM6XC9cL2NodWxhZGFmaWxtcy5jb21cL3dwLWNvbnRlbnRcL3VwbG9hZHNcLzIwMjRcLzAzXC92bGNzbmFwLTIwMjQtMDMtMTAtMThoMzhtMzJzNTgxLnBuZyIsInNsaWRlc2hvdyI6IjUyYTZmYmIxIn0%3D\" href='https:\/\/chuladafilms.com\/wp-content\/uploads\/2024\/03\/vlcsnap-2024-03-10-18h38m32s581.png'><img loading=\"lazy\" width=\"950\" height=\"474\" src=\"https:\/\/chuladafilms.com\/wp-content\/uploads\/2024\/03\/vlcsnap-2024-03-10-18h38m32s581-1024x511.png\" alt=\"\" decoding=\"async\" srcset=\"https:\/\/chuladafilms.com\/wp-content\/uploads\/2024\/03\/vlcsnap-2024-03-10-18h38m32s581-1024x511.png 1024w, https:\/\/chuladafilms.com\/wp-content\/uploads\/2024\/03\/vlcsnap-2024-03-10-18h38m32s581-300x150.png 300w, https:\/\/chuladafilms.com\/wp-content\/uploads\/2024\/03\/vlcsnap-2024-03-10-18h38m32s581-768x384.png 768w, https:\/\/chuladafilms.com\/wp-content\/uploads\/2024\/03\/vlcsnap-2024-03-10-18h38m32s581-1536x767.png 1536w, https:\/\/chuladafilms.com\/wp-content\/uploads\/2024\/03\/vlcsnap-2024-03-10-18h38m32s581-2048x1023.png 2048w, https:\/\/chuladafilms.com\/wp-content\/uploads\/2024\/03\/vlcsnap-2024-03-10-18h38m32s581-1000x499.png 1000w, https:\/\/chuladafilms.com\/wp-content\/uploads\/2024\/03\/vlcsnap-2024-03-10-18h38m32s581-230x115.png 230w, https:\/\/chuladafilms.com\/wp-content\/uploads\/2024\/03\/vlcsnap-2024-03-10-18h38m32s581-350x175.png 350w, https:\/\/chuladafilms.com\/wp-content\/uploads\/2024\/03\/vlcsnap-2024-03-10-18h38m32s581-480x240.png 480w\" sizes=\"auto, 100vw\" \/><\/a><br \/>\n\t\t\t<\/figure>\n<figure class='gallery-item'>\n\t\t\t\t<a data-elementor-open-lightbox=\"yes\" data-elementor-lightbox-slideshow=\"52a6fbb1\" data-elementor-lightbox-title=\"vlcsnap-2024-03-10-18h23m40s862\" data-e-action-hash=\"#elementor-action%3Aaction%3Dlightbox%26settings%3DeyJpZCI6MzE4MiwidXJsIjoiaHR0cHM6XC9cL2NodWxhZGFmaWxtcy5jb21cL3dwLWNvbnRlbnRcL3VwbG9hZHNcLzIwMjRcLzAzXC92bGNzbmFwLTIwMjQtMDMtMTAtMThoMjNtNDBzODYyLnBuZyIsInNsaWRlc2hvdyI6IjUyYTZmYmIxIn0%3D\" href='https:\/\/chuladafilms.com\/wp-content\/uploads\/2024\/03\/vlcsnap-2024-03-10-18h23m40s862.png'><img loading=\"lazy\" width=\"950\" height=\"474\" src=\"https:\/\/chuladafilms.com\/wp-content\/uploads\/2024\/03\/vlcsnap-2024-03-10-18h23m40s862-1024x511.png\" alt=\"\" decoding=\"async\" srcset=\"https:\/\/chuladafilms.com\/wp-content\/uploads\/2024\/03\/vlcsnap-2024-03-10-18h23m40s862-1024x511.png 1024w, https:\/\/chuladafilms.com\/wp-content\/uploads\/2024\/03\/vlcsnap-2024-03-10-18h23m40s862-300x150.png 300w, https:\/\/chuladafilms.com\/wp-content\/uploads\/2024\/03\/vlcsnap-2024-03-10-18h23m40s862-768x384.png 768w, https:\/\/chuladafilms.com\/wp-content\/uploads\/2024\/03\/vlcsnap-2024-03-10-18h23m40s862-1536x767.png 1536w, https:\/\/chuladafilms.com\/wp-content\/uploads\/2024\/03\/vlcsnap-2024-03-10-18h23m40s862-2048x1023.png 2048w, https:\/\/chuladafilms.com\/wp-content\/uploads\/2024\/03\/vlcsnap-2024-03-10-18h23m40s862-1000x499.png 1000w, https:\/\/chuladafilms.com\/wp-content\/uploads\/2024\/03\/vlcsnap-2024-03-10-18h23m40s862-230x115.png 230w, https:\/\/chuladafilms.com\/wp-content\/uploads\/2024\/03\/vlcsnap-2024-03-10-18h23m40s862-350x175.png 350w, https:\/\/chuladafilms.com\/wp-content\/uploads\/2024\/03\/vlcsnap-2024-03-10-18h23m40s862-480x240.png 480w\" sizes=\"auto, 100vw\" \/><\/a><br \/>\n\t\t\t<\/figure>\n<figure class='gallery-item'>\n\t\t\t\t<a data-elementor-open-lightbox=\"yes\" data-elementor-lightbox-slideshow=\"52a6fbb1\" data-elementor-lightbox-title=\"vlcsnap-2024-03-10-19h05m31s652\" data-e-action-hash=\"#elementor-action%3Aaction%3Dlightbox%26settings%3DeyJpZCI6MzE3OCwidXJsIjoiaHR0cHM6XC9cL2NodWxhZGFmaWxtcy5jb21cL3dwLWNvbnRlbnRcL3VwbG9hZHNcLzIwMjRcLzAzXC92bGNzbmFwLTIwMjQtMDMtMTAtMTloMDVtMzFzNjUyLnBuZyIsInNsaWRlc2hvdyI6IjUyYTZmYmIxIn0%3D\" href='https:\/\/chuladafilms.com\/wp-content\/uploads\/2024\/03\/vlcsnap-2024-03-10-19h05m31s652.png'><img loading=\"lazy\" width=\"950\" height=\"474\" src=\"https:\/\/chuladafilms.com\/wp-content\/uploads\/2024\/03\/vlcsnap-2024-03-10-19h05m31s652-1024x511.png\" alt=\"\" decoding=\"async\" srcset=\"https:\/\/chuladafilms.com\/wp-content\/uploads\/2024\/03\/vlcsnap-2024-03-10-19h05m31s652-1024x511.png 1024w, https:\/\/chuladafilms.com\/wp-content\/uploads\/2024\/03\/vlcsnap-2024-03-10-19h05m31s652-300x150.png 300w, https:\/\/chuladafilms.com\/wp-content\/uploads\/2024\/03\/vlcsnap-2024-03-10-19h05m31s652-768x384.png 768w, https:\/\/chuladafilms.com\/wp-content\/uploads\/2024\/03\/vlcsnap-2024-03-10-19h05m31s652-1536x767.png 1536w, https:\/\/chuladafilms.com\/wp-content\/uploads\/2024\/03\/vlcsnap-2024-03-10-19h05m31s652-2048x1023.png 2048w, https:\/\/chuladafilms.com\/wp-content\/uploads\/2024\/03\/vlcsnap-2024-03-10-19h05m31s652-1000x499.png 1000w, https:\/\/chuladafilms.com\/wp-content\/uploads\/2024\/03\/vlcsnap-2024-03-10-19h05m31s652-230x115.png 230w, https:\/\/chuladafilms.com\/wp-content\/uploads\/2024\/03\/vlcsnap-2024-03-10-19h05m31s652-350x175.png 350w, https:\/\/chuladafilms.com\/wp-content\/uploads\/2024\/03\/vlcsnap-2024-03-10-19h05m31s652-480x240.png 480w\" sizes=\"auto, 100vw\" \/><\/a><br \/>\n\t\t\t<\/figure>\n<figure class='gallery-item'>\n\t\t\t\t<a data-elementor-open-lightbox=\"yes\" data-elementor-lightbox-slideshow=\"52a6fbb1\" data-elementor-lightbox-title=\"vlcsnap-2024-03-10-19h03m24s768\" data-e-action-hash=\"#elementor-action%3Aaction%3Dlightbox%26settings%3DeyJpZCI6MzE4NCwidXJsIjoiaHR0cHM6XC9cL2NodWxhZGFmaWxtcy5jb21cL3dwLWNvbnRlbnRcL3VwbG9hZHNcLzIwMjRcLzAzXC92bGNzbmFwLTIwMjQtMDMtMTAtMTloMDNtMjRzNzY4LnBuZyIsInNsaWRlc2hvdyI6IjUyYTZmYmIxIn0%3D\" href='https:\/\/chuladafilms.com\/wp-content\/uploads\/2024\/03\/vlcsnap-2024-03-10-19h03m24s768.png'><img loading=\"lazy\" width=\"950\" height=\"474\" src=\"https:\/\/chuladafilms.com\/wp-content\/uploads\/2024\/03\/vlcsnap-2024-03-10-19h03m24s768-1024x511.png\" alt=\"\" decoding=\"async\" srcset=\"https:\/\/chuladafilms.com\/wp-content\/uploads\/2024\/03\/vlcsnap-2024-03-10-19h03m24s768-1024x511.png 1024w, https:\/\/chuladafilms.com\/wp-content\/uploads\/2024\/03\/vlcsnap-2024-03-10-19h03m24s768-300x150.png 300w, https:\/\/chuladafilms.com\/wp-content\/uploads\/2024\/03\/vlcsnap-2024-03-10-19h03m24s768-768x384.png 768w, https:\/\/chuladafilms.com\/wp-content\/uploads\/2024\/03\/vlcsnap-2024-03-10-19h03m24s768-1536x767.png 1536w, https:\/\/chuladafilms.com\/wp-content\/uploads\/2024\/03\/vlcsnap-2024-03-10-19h03m24s768-2048x1023.png 2048w, https:\/\/chuladafilms.com\/wp-content\/uploads\/2024\/03\/vlcsnap-2024-03-10-19h03m24s768-1000x499.png 1000w, https:\/\/chuladafilms.com\/wp-content\/uploads\/2024\/03\/vlcsnap-2024-03-10-19h03m24s768-230x115.png 230w, https:\/\/chuladafilms.com\/wp-content\/uploads\/2024\/03\/vlcsnap-2024-03-10-19h03m24s768-350x175.png 350w, https:\/\/chuladafilms.com\/wp-content\/uploads\/2024\/03\/vlcsnap-2024-03-10-19h03m24s768-480x240.png 480w\" sizes=\"auto, 100vw\" \/><\/a><br \/>\n\t\t\t<\/figure>\n<p style=\"text-align: center;\">\u201cProyecto apoyado por Fideicomiso para la Promoci\u00f3n y Desarrollo del Cine Mexicano en el Distrito Federal (PROCINE MX)\u201d<\/p>\n<p>\t\t\t\t\t\t\t\t\t\t\t\t\t\t\t<img loading=\"lazy\" decoding=\"async\" width=\"950\" height=\"211\" src=\"https:\/\/chuladafilms.com\/wp-content\/uploads\/2023\/05\/PROCINE_2022-1024x227.png\" alt=\"\" srcset=\"https:\/\/chuladafilms.com\/wp-content\/uploads\/2023\/05\/PROCINE_2022-1024x227.png 1024w, https:\/\/chuladafilms.com\/wp-content\/uploads\/2023\/05\/PROCINE_2022-300x66.png 300w, https:\/\/chuladafilms.com\/wp-content\/uploads\/2023\/05\/PROCINE_2022-768x170.png 768w, https:\/\/chuladafilms.com\/wp-content\/uploads\/2023\/05\/PROCINE_2022-830x184.png 830w, https:\/\/chuladafilms.com\/wp-content\/uploads\/2023\/05\/PROCINE_2022-230x51.png 230w, https:\/\/chuladafilms.com\/wp-content\/uploads\/2023\/05\/PROCINE_2022-350x77.png 350w, https:\/\/chuladafilms.com\/wp-content\/uploads\/2023\/05\/PROCINE_2022-480x106.png 480w, https:\/\/chuladafilms.com\/wp-content\/uploads\/2023\/05\/PROCINE_2022.png 1062w\" sizes=\"auto, 100vw\" \/><br \/>\n\t\t\t\t\t\t\t\t\t\t\t\t\t\t\t<img loading=\"lazy\" decoding=\"async\" width=\"950\" height=\"259\" src=\"https:\/\/chuladafilms.com\/wp-content\/uploads\/2023\/06\/carnaza_banner-2048x558.jpg\" alt=\"\" srcset=\"https:\/\/chuladafilms.com\/wp-content\/uploads\/2023\/06\/carnaza_banner-2048x558.jpg 2048w, https:\/\/chuladafilms.com\/wp-content\/uploads\/2023\/06\/carnaza_banner-300x82.jpg 300w, https:\/\/chuladafilms.com\/wp-content\/uploads\/2023\/06\/carnaza_banner-1024x279.jpg 1024w, https:\/\/chuladafilms.com\/wp-content\/uploads\/2023\/06\/carnaza_banner-768x209.jpg 768w, https:\/\/chuladafilms.com\/wp-content\/uploads\/2023\/06\/carnaza_banner-1536x419.jpg 1536w, https:\/\/chuladafilms.com\/wp-content\/uploads\/2023\/06\/carnaza_banner-1000x273.jpg 1000w, https:\/\/chuladafilms.com\/wp-content\/uploads\/2023\/06\/carnaza_banner-230x63.jpg 230w, https:\/\/chuladafilms.com\/wp-content\/uploads\/2023\/06\/carnaza_banner-350x95.jpg 350w, https:\/\/chuladafilms.com\/wp-content\/uploads\/2023\/06\/carnaza_banner-480x131.jpg 480w, https:\/\/chuladafilms.com\/wp-content\/uploads\/2023\/06\/carnaza_banner-scaled-2000x545.jpg 2000w\" sizes=\"auto, 100vw\" \/><\/p>\n","protected":false},"excerpt":{"rendered":"<p>https:\/\/vimeo.com\/823205571\/d99823cb9c?share=copy En la zona chinampera de Xochimilco, una jaur\u00eda de perros mat\u00f3 a una vaca de Adri\u00e1n y atacaron al esposo de Anita. Ambos tratan de sobrellevar la vida tras &hellip; <\/p>\n<p class=\"link-more\"><a href=\"https:\/\/chuladafilms.com\/?page_id=1378\" class=\"more-link\">Leer m\u00e1s<span class=\"screen-reader-text\"> \u00abCARNAZA\u00bb<\/span><\/a><\/p>\n","protected":false},"author":1,"featured_media":1385,"parent":0,"menu_order":0,"comment_status":"closed","ping_status":"closed","template":"","meta":{"footnotes":""},"class_list":["post-1378","page","type-page","status-publish","has-post-thumbnail","hentry"],"_links":{"self":[{"href":"https:\/\/chuladafilms.com\/index.php?rest_route=\/wp\/v2\/pages\/1378","targetHints":{"allow":["GET"]}}],"collection":[{"href":"https:\/\/chuladafilms.com\/index.php?rest_route=\/wp\/v2\/pages"}],"about":[{"href":"https:\/\/chuladafilms.com\/index.php?rest_route=\/wp\/v2\/types\/page"}],"author":[{"embeddable":true,"href":"https:\/\/chuladafilms.com\/index.php?rest_route=\/wp\/v2\/users\/1"}],"replies":[{"embeddable":true,"href":"https:\/\/chuladafilms.com\/index.php?rest_route=%2Fwp%2Fv2%2Fcomments&post=1378"}],"version-history":[{"count":137,"href":"https:\/\/chuladafilms.com\/index.php?rest_route=\/wp\/v2\/pages\/1378\/revisions"}],"predecessor-version":[{"id":4470,"href":"https:\/\/chuladafilms.com\/index.php?rest_route=\/wp\/v2\/pages\/1378\/revisions\/4470"}],"wp:featuredmedia":[{"embeddable":true,"href":"https:\/\/chuladafilms.com\/index.php?rest_route=\/wp\/v2\/media\/1385"}],"wp:attachment":[{"href":"https:\/\/chuladafilms.com\/index.php?rest_route=%2Fwp%2Fv2%2Fmedia&parent=1378"}],"curies":[{"name":"wp","href":"https:\/\/api.w.org\/{rel}","templated":true}]}}