{"id":1206,"date":"2021-05-19T04:25:26","date_gmt":"2021-05-19T04:25:26","guid":{"rendered":"https:\/\/chuladafilms.com\/?page_id=1206"},"modified":"2025-08-28T22:45:47","modified_gmt":"2025-08-28T22:45:47","slug":"laura-manguesi","status":"publish","type":"page","link":"https:\/\/chuladafilms.com\/?page_id=1206","title":{"rendered":"Laura Manguesi"},"content":{"rendered":"<p><img loading=\"lazy\" decoding=\"async\" width=\"338\" height=\"341\" src=\"https:\/\/chuladafilms.com\/wp-content\/uploads\/2018\/07\/Laura.jpg\" alt=\"\" srcset=\"https:\/\/chuladafilms.com\/wp-content\/uploads\/2018\/07\/Laura.jpg 338w, https:\/\/chuladafilms.com\/wp-content\/uploads\/2018\/07\/Laura-150x150.jpg 150w, https:\/\/chuladafilms.com\/wp-content\/uploads\/2018\/07\/Laura-297x300.jpg 297w, https:\/\/chuladafilms.com\/wp-content\/uploads\/2018\/07\/Laura-230x232.jpg 230w\" sizes=\"auto, 100vw\" \/>\t\t\t\t\t\t\t\t\t\t\t\t\t\t\t<\/p>\n<h2>Laura Manghesi<\/h2>\n<p>Es Licenciada en Cinematograf\u00eda, egresada del <strong>Centro de Capacitaci\u00f3n Cinematogr\u00e1fica A.C.(CCC)<\/strong> con la especialidad en Cinefotograf\u00eda, con menci\u00f3n honor\u00edfica por su trayectoria acad\u00e9mica.<\/p>\n<p>A inicios de su carrera, trabaj\u00f3 como asistente y operadora de c\u00e1mara, directora de fotograf\u00eda y productora para el cine y la televisi\u00f3n mexicana de manera profesional desde 2005 hasta finales del 2009. A partir del 2010 asume la Coordinaci\u00f3n de la Especialidad de Cinefotograf\u00eda en el <strong>CCC<\/strong> donde trabaja hasta diciembre del 2013. En enero del 2014 se convierte en la Directora de la Carrera de <strong>Cine Digital y Pos-Producci\u00f3n<\/strong> en<strong> SAE Institute M\u00e9xico<\/strong>, a partir del 2015 tambi\u00e9n funge como Directora Acad\u00e9mica de esta misma instituci\u00f3n donde entre otros logros, consolida la apertura y arranque de un nuevo campus en Bogot\u00e1, Colombia y desarrolla la licenciatura en Negocios de la M\u00fasica. Es en 2017 que se incorpora como Directora Acad\u00e9mica en <strong>ESCINE<\/strong>, <strong>Escuela Superior de Cine<\/strong>, instituto que se desprende de la casa productora <strong>Mantarraya<\/strong>.<\/p>\n<p>Como parte de su vida profesional, ha estado en contacto con las principales instituciones Educativas nacionales e internacionales, ampliando sus conocimientos en el \u00e1rea de Desarrollo Curricular contribuyendo a la creaci\u00f3n de planes de estudios, que en algunos casos fueron presentados ante la <strong>Secretar\u00eda de Educaci\u00f3n P\u00fablica SEP<\/strong> para la obtenci\u00f3n del <strong>REVOE<\/strong>, ejemplo de esto fu\u00e9 la Licenciatura en Cinematograf\u00eda del <strong>CCC<\/strong>, la Maestr\u00eda en Producci\u00f3n Audiovisual de <strong>SAE<\/strong>, la Licenciatura de Cine y Audiovisual para <strong>ESCINE<\/strong> y la coordinaci\u00f3n de diferentes talleres de Cinefotograf\u00eda para la <strong>Universidad de la Comunicaci\u00f3n<\/strong>.<\/p>\n<p>Desde 2010 colabora en intercambios acad\u00e9micos, mesas de discusi\u00f3n, festivales, encuentros y eventos culturales en diferentes instancias p\u00fablicas y privadas como lo son la<strong> Escuela de Cine San Antonio<\/strong> de<strong> Los Ba\u00f1os en Cuba EICTV<\/strong>, el <strong>Centro Universitario de Estudios Cinematogr\u00e1ficos CUEC<\/strong>, actualmente renombrada<strong> Escuela Nacional de Cine<\/strong>, dependiente de la <strong>UNAM<\/strong>, <strong>El Claustro Sor Juana In\u00e9s de la Cruz<\/strong>, El <strong>Centro de Capacitaci\u00f3n Cinematogr\u00e1fica CCC<\/strong>, el <strong>Festival Distrital<\/strong>, el <strong>Centro Cultural Digital<\/strong> y <strong>Cine Tonal\u00e1<\/strong>, solo por mencionar algunas.<\/p>\n<p>Durante los a\u00f1os 2018\/ 2021 estuvo al frente de la Subdirecci\u00f3n de Producci\u00f3n y Servicios T\u00e9cnicos en el <strong>CCC<\/strong> lo que le permiti\u00f3 entre otras cosas, producir las \u00f3peras primas de esta instituci\u00f3n, entre las que se destacan \u201c<em><strong>Blanco de Verano<\/strong><\/em>\u201d y \u201c<em><strong>Oblatos, el vuelo que surc\u00f3 la noche<\/strong><\/em>\u201d largometrajes de alcance nacional e internacional.<\/p>\n","protected":false},"excerpt":{"rendered":"<p>Laura Manghesi Es Licenciada en Cinematograf\u00eda, egresada del Centro de Capacitaci\u00f3n Cinematogr\u00e1fica A.C.(CCC) con la especialidad en Cinefotograf\u00eda, con menci\u00f3n honor\u00edfica por su trayectoria acad\u00e9mica. A inicios de su carrera, &hellip; <\/p>\n<p class=\"link-more\"><a href=\"https:\/\/chuladafilms.com\/?page_id=1206\" class=\"more-link\">Leer m\u00e1s<span class=\"screen-reader-text\"> \u00abLaura Manguesi\u00bb<\/span><\/a><\/p>\n","protected":false},"author":1,"featured_media":0,"parent":0,"menu_order":0,"comment_status":"closed","ping_status":"closed","template":"","meta":{"footnotes":""},"class_list":["post-1206","page","type-page","status-publish","hentry"],"_links":{"self":[{"href":"https:\/\/chuladafilms.com\/index.php?rest_route=\/wp\/v2\/pages\/1206","targetHints":{"allow":["GET"]}}],"collection":[{"href":"https:\/\/chuladafilms.com\/index.php?rest_route=\/wp\/v2\/pages"}],"about":[{"href":"https:\/\/chuladafilms.com\/index.php?rest_route=\/wp\/v2\/types\/page"}],"author":[{"embeddable":true,"href":"https:\/\/chuladafilms.com\/index.php?rest_route=\/wp\/v2\/users\/1"}],"replies":[{"embeddable":true,"href":"https:\/\/chuladafilms.com\/index.php?rest_route=%2Fwp%2Fv2%2Fcomments&post=1206"}],"version-history":[{"count":41,"href":"https:\/\/chuladafilms.com\/index.php?rest_route=\/wp\/v2\/pages\/1206\/revisions"}],"predecessor-version":[{"id":4283,"href":"https:\/\/chuladafilms.com\/index.php?rest_route=\/wp\/v2\/pages\/1206\/revisions\/4283"}],"wp:attachment":[{"href":"https:\/\/chuladafilms.com\/index.php?rest_route=%2Fwp%2Fv2%2Fmedia&parent=1206"}],"curies":[{"name":"wp","href":"https:\/\/api.w.org\/{rel}","templated":true}]}}